{"id":2261,"date":"2024-03-26T13:02:39","date_gmt":"2024-03-26T12:02:39","guid":{"rendered":"https:\/\/boutiqueclub.es\/?page_id=2261"},"modified":"2024-06-25T19:14:03","modified_gmt":"2024-06-25T17:14:03","slug":"club-outlet","status":"publish","type":"page","link":"https:\/\/boutiqueclubceuta.es\/en\/club-outlet\/","title":{"rendered":"Club Outlet"},"content":{"rendered":"<div style=\"height:20px\" aria-hidden=\"true\" class=\"wp-block-spacer\"><\/div>\n\n\n\n<div class=\"wp-block-columns is-layout-flex wp-container-core-columns-layout-1 wp-block-columns-is-layout-flex\">\n<div class=\"wp-block-column is-layout-flow wp-block-column-is-layout-flow\">\n<h1 class=\"wp-block-heading has-large-font-size\">Club Outlet<\/h1>\n\n\n\n<p>At Club outlet customers can find an exclusive selection of renowned brands, such as <strong>Polo Ralph Lauren, Pompeii, Vejar, Psoph\u00eda, Porsche x Boss, Harmont &amp; Blaine, Tommy Hilfiger, Cole Haan, Hackett y Premiata,<\/strong> entre otras. Estas marcas ofrecen desde ropa hasta calzado y accesorios, todos con descuentos significativos que permiten a los compradores obtener productos de alta gama a precios m\u00e1s asequibles.<\/p>\n\n\n\n<p>Is a section <strong>specialized within the Club store<\/strong>, located on the ground floor, which offers a wide variety of offers and discounts on products from recognized brands. This space is a paradise for lovers of smart shopping, as it provides the opportunity to purchase high-quality items at more affordable prices.<\/p>\n\n\n\n<h4 class=\"wp-block-heading uag-hide-desktop uag-hide-tab uag-hide-mob\">Nuestra Selecci\u00f3n de Marcas<\/h4>\n\n\n\n<p class=\"uag-hide-desktop uag-hide-tab uag-hide-mob\">Descubre en Tienda Boutique Club una amplia variedad de colecciones de marcas reconocidas a nivel internacional. Cada art\u00edculo de nuestra tienda refleja lo \u00faltimo en tendencias de moda, combinando elegancia y estilo para que siempre te sientas a la vanguardia. Trabajamos con dise\u00f1adores y casas de moda que son sin\u00f3nimo de lujo y calidad, garantizando que cada prenda y accesorio cumpla con los est\u00e1ndares m\u00e1s altos.<\/p>\n\n\n\n<p>If you have any questions about our garments, please ask us in our <a href=\"https:\/\/boutiqueclubceuta.es\/en\/contacto\/\">contact page <\/a><\/p>\n\n\n\n<p>You can also visit our physical store at: <a href=\"https:\/\/www.google.com\/maps\/place\/Boutiques+Club+Ceuta\/@35.8881841,-5.3124117,17z\/data=!3m1!4b1!4m6!3m5!1s0xd0ca3ff16c4aeff:0x3c26e5c358fe69c4!8m2!3d35.8881841!4d-5.3124117!16s%2Fg%2F1tql60hj?entry=ttu\">P.\u00ba del Revell\u00edn, 1, 51001 Ceuta<\/a><\/p>\n<\/div>\n\n\n\n<div class=\"wp-block-column is-layout-flow wp-block-column-is-layout-flow\">\n<figure class=\"wp-block-video\"><video autoplay loop src=\"https:\/\/boutiqueclubceuta.es\/wp-content\/uploads\/2024\/03\/s7-1473177_rlvideo_vid.mp4\"><\/video><\/figure>\n<\/div>\n<\/div>\n\n\n\n<figure class=\"wp-block-image size-large is-resized uag-hide-desktop uag-hide-tab uag-hide-mob\"><img loading=\"lazy\" decoding=\"async\" width=\"1024\" height=\"683\" src=\"https:\/\/boutiqueclubceuta.es\/wp-content\/uploads\/2024\/04\/HAM3360-1024x683.jpg\" alt=\"Club Outlet. Planta baja de tienda Club vista desde fuera\" class=\"wp-image-3170\" style=\"width:530px;height:auto\" srcset=\"https:\/\/boutiqueclubceuta.es\/wp-content\/uploads\/2024\/04\/HAM3360-1024x683.jpg 1024w, https:\/\/boutiqueclubceuta.es\/wp-content\/uploads\/2024\/04\/HAM3360-300x200.jpg 300w, https:\/\/boutiqueclubceuta.es\/wp-content\/uploads\/2024\/04\/HAM3360-768x512.jpg 768w, https:\/\/boutiqueclubceuta.es\/wp-content\/uploads\/2024\/04\/HAM3360-1536x1024.jpg 1536w, https:\/\/boutiqueclubceuta.es\/wp-content\/uploads\/2024\/04\/HAM3360-2048x1365.jpg 2048w, https:\/\/boutiqueclubceuta.es\/wp-content\/uploads\/2024\/04\/HAM3360-600x400.jpg 600w\" sizes=\"(max-width: 1024px) 100vw, 1024px\" \/><\/figure>\n\n\n\n<div style=\"height:75px\" aria-hidden=\"true\" class=\"wp-block-spacer\"><\/div>\n\n\n\n<div style=\"height:18px\" aria-hidden=\"true\" class=\"wp-block-spacer\"><\/div>\n\n\n\n<p class=\"has-text-align-center\">[We are preparing the Club Outlet catalogue.]<\/p>","protected":false},"excerpt":{"rendered":"<p>Club Outlet En Club outlet los clientes pueden encontrar una selecci\u00f3n exclusiva de marcas de renombre, como Polo Ralph Lauren, Pompeii, Vejar, Psoph\u00eda, Porsche x Boss, Harmont &amp; Blaine, Tommy Hilfiger, Cole Haan, Hackett y Premiata, entre otras. Estas marcas ofrecen desde ropa hasta calzado y accesorios, todos con descuentos significativos que permiten a los [&hellip;]<\/p>","protected":false},"author":1,"featured_media":0,"parent":0,"menu_order":0,"comment_status":"closed","ping_status":"closed","template":"","meta":{"_uag_custom_page_level_css":"","site-sidebar-layout":"default","site-content-layout":"","ast-site-content-layout":"default","site-content-style":"default","site-sidebar-style":"default","ast-global-header-display":"","ast-banner-title-visibility":"","ast-main-header-display":"","ast-hfb-above-header-display":"","ast-hfb-below-header-display":"","ast-hfb-mobile-header-display":"","site-post-title":"disabled","ast-breadcrumbs-content":"","ast-featured-img":"","footer-sml-layout":"","ast-disable-related-posts":"","theme-transparent-header-meta":"","adv-header-id-meta":"","stick-header-meta":"","header-above-stick-meta":"","header-main-stick-meta":"","header-below-stick-meta":"","astra-migrate-meta-layouts":"set","ast-page-background-enabled":"default","ast-page-background-meta":{"desktop":{"background-color":"var(--ast-global-color-5)","background-image":"","background-repeat":"repeat","background-position":"center center","background-size":"auto","background-attachment":"scroll","background-type":"","background-media":"","overlay-type":"","overlay-color":"","overlay-opacity":"","overlay-gradient":""},"tablet":{"background-color":"","background-image":"","background-repeat":"repeat","background-position":"center center","background-size":"auto","background-attachment":"scroll","background-type":"","background-media":"","overlay-type":"","overlay-color":"","overlay-opacity":"","overlay-gradient":""},"mobile":{"background-color":"","background-image":"","background-repeat":"repeat","background-position":"center center","background-size":"auto","background-attachment":"scroll","background-type":"","background-media":"","overlay-type":"","overlay-color":"","overlay-opacity":"","overlay-gradient":""}},"ast-content-background-meta":{"desktop":{"background-color":"var(--ast-global-color-4)","background-image":"","background-repeat":"repeat","background-position":"center center","background-size":"auto","background-attachment":"scroll","background-type":"","background-media":"","overlay-type":"","overlay-color":"","overlay-opacity":"","overlay-gradient":""},"tablet":{"background-color":"var(--ast-global-color-4)","background-image":"","background-repeat":"repeat","background-position":"center center","background-size":"auto","background-attachment":"scroll","background-type":"","background-media":"","overlay-type":"","overlay-color":"","overlay-opacity":"","overlay-gradient":""},"mobile":{"background-color":"var(--ast-global-color-4)","background-image":"","background-repeat":"repeat","background-position":"center center","background-size":"auto","background-attachment":"scroll","background-type":"","background-media":"","overlay-type":"","overlay-color":"","overlay-opacity":"","overlay-gradient":""}},"footnotes":""},"yoast_head":"<!-- This site is optimized with the Yoast SEO plugin v22.7 - https:\/\/yoast.com\/wordpress\/plugins\/seo\/ -->\n<title>Club Outlet - Boutique Club Ceuta<\/title>\n<meta name=\"description\" content=\"Descubre Club Outlet en la planta baja de nuestra tienda, donde encontrar\u00e1s ofertas y descuentos en productos de marcas reconocidas.\" \/>\n<meta name=\"robots\" content=\"index, follow, max-snippet:-1, max-image-preview:large, max-video-preview:-1\" \/>\n<link rel=\"canonical\" href=\"https:\/\/boutiqueclubceuta.es\/en\/club-outlet\/\" \/>\n<meta property=\"og:locale\" content=\"en_GB\" \/>\n<meta property=\"og:type\" content=\"article\" \/>\n<meta property=\"og:title\" content=\"Club Outlet - Boutique Club Ceuta\" \/>\n<meta property=\"og:description\" content=\"Descubre Club Outlet en la planta baja de nuestra tienda, donde encontrar\u00e1s ofertas y descuentos en productos de marcas reconocidas.\" \/>\n<meta property=\"og:url\" content=\"https:\/\/boutiqueclubceuta.es\/en\/club-outlet\/\" \/>\n<meta property=\"og:site_name\" content=\"Boutique Club Ceuta\" \/>\n<meta property=\"article:modified_time\" content=\"2024-06-25T17:14:03+00:00\" \/>\n<meta property=\"og:image\" content=\"https:\/\/boutiqueclubceuta.es\/wp-content\/uploads\/2024\/04\/HAM3360-1024x683.jpg\" \/>\n<meta name=\"twitter:card\" content=\"summary_large_image\" \/>\n<meta name=\"twitter:label1\" content=\"Estimated reading time\" \/>\n\t<meta name=\"twitter:data1\" content=\"2 minutes\" \/>\n<script type=\"application\/ld+json\" class=\"yoast-schema-graph\">{\"@context\":\"https:\/\/schema.org\",\"@graph\":[{\"@type\":\"WebPage\",\"@id\":\"https:\/\/boutiqueclubceuta.es\/club-outlet\/\",\"url\":\"https:\/\/boutiqueclubceuta.es\/club-outlet\/\",\"name\":\"Club Outlet - Boutique Club Ceuta\",\"isPartOf\":{\"@id\":\"https:\/\/boutiqueclubceuta.es\/#website\"},\"primaryImageOfPage\":{\"@id\":\"https:\/\/boutiqueclubceuta.es\/club-outlet\/#primaryimage\"},\"image\":{\"@id\":\"https:\/\/boutiqueclubceuta.es\/club-outlet\/#primaryimage\"},\"thumbnailUrl\":\"https:\/\/boutiqueclubceuta.es\/wp-content\/uploads\/2024\/04\/HAM3360-1024x683.jpg\",\"datePublished\":\"2024-03-26T12:02:39+00:00\",\"dateModified\":\"2024-06-25T17:14:03+00:00\",\"description\":\"Descubre Club Outlet en la planta baja de nuestra tienda, donde encontrar\u00e1s ofertas y descuentos en productos de marcas reconocidas.\",\"breadcrumb\":{\"@id\":\"https:\/\/boutiqueclubceuta.es\/club-outlet\/#breadcrumb\"},\"inLanguage\":\"en-GB\",\"potentialAction\":[{\"@type\":\"ReadAction\",\"target\":[\"https:\/\/boutiqueclubceuta.es\/club-outlet\/\"]}]},{\"@type\":\"ImageObject\",\"inLanguage\":\"en-GB\",\"@id\":\"https:\/\/boutiqueclubceuta.es\/club-outlet\/#primaryimage\",\"url\":\"https:\/\/boutiqueclubceuta.es\/wp-content\/uploads\/2024\/04\/HAM3360-1024x683.jpg\",\"contentUrl\":\"https:\/\/boutiqueclubceuta.es\/wp-content\/uploads\/2024\/04\/HAM3360-1024x683.jpg\"},{\"@type\":\"BreadcrumbList\",\"@id\":\"https:\/\/boutiqueclubceuta.es\/club-outlet\/#breadcrumb\",\"itemListElement\":[{\"@type\":\"ListItem\",\"position\":1,\"name\":\"Portada\",\"item\":\"https:\/\/boutiqueclubceuta.es\/\"},{\"@type\":\"ListItem\",\"position\":2,\"name\":\"Club Outlet\"}]},{\"@type\":\"WebSite\",\"@id\":\"https:\/\/boutiqueclubceuta.es\/#website\",\"url\":\"https:\/\/boutiqueclubceuta.es\/\",\"name\":\"Boutique Club Ceuta\",\"description\":\"Primeras firmas de moda, calzado y complementos en hombre, mujer y ni\u00f1o.\",\"publisher\":{\"@id\":\"https:\/\/boutiqueclubceuta.es\/#organization\"},\"potentialAction\":[{\"@type\":\"SearchAction\",\"target\":{\"@type\":\"EntryPoint\",\"urlTemplate\":\"https:\/\/boutiqueclubceuta.es\/?s={search_term_string}\"},\"query-input\":\"required name=search_term_string\"}],\"inLanguage\":\"en-GB\"},{\"@type\":\"Organization\",\"@id\":\"https:\/\/boutiqueclubceuta.es\/#organization\",\"name\":\"Boutique Club Ceuta\",\"url\":\"https:\/\/boutiqueclubceuta.es\/\",\"logo\":{\"@type\":\"ImageObject\",\"inLanguage\":\"en-GB\",\"@id\":\"https:\/\/boutiqueclubceuta.es\/#\/schema\/logo\/image\/\",\"url\":\"https:\/\/boutiqueclubceuta.es\/wp-content\/uploads\/2024\/03\/Logotipo_club.png\",\"contentUrl\":\"https:\/\/boutiqueclubceuta.es\/wp-content\/uploads\/2024\/03\/Logotipo_club.png\",\"width\":485,\"height\":485,\"caption\":\"Boutique Club Ceuta\"},\"image\":{\"@id\":\"https:\/\/boutiqueclubceuta.es\/#\/schema\/logo\/image\/\"}}]}<\/script>\n<!-- \/ Yoast SEO plugin. -->","yoast_head_json":{"title":"Club Outlet - Boutique Club Ceuta","description":"Descubre Club Outlet en la planta baja de nuestra tienda, donde encontrar\u00e1s ofertas y descuentos en productos de marcas reconocidas.","robots":{"index":"index","follow":"follow","max-snippet":"max-snippet:-1","max-image-preview":"max-image-preview:large","max-video-preview":"max-video-preview:-1"},"canonical":"https:\/\/boutiqueclubceuta.es\/en\/club-outlet\/","og_locale":"en_GB","og_type":"article","og_title":"Club Outlet - Boutique Club Ceuta","og_description":"Descubre Club Outlet en la planta baja de nuestra tienda, donde encontrar\u00e1s ofertas y descuentos en productos de marcas reconocidas.","og_url":"https:\/\/boutiqueclubceuta.es\/en\/club-outlet\/","og_site_name":"Boutique Club Ceuta","article_modified_time":"2024-06-25T17:14:03+00:00","og_image":[{"url":"https:\/\/boutiqueclubceuta.es\/wp-content\/uploads\/2024\/04\/HAM3360-1024x683.jpg"}],"twitter_card":"summary_large_image","twitter_misc":{"Estimated reading time":"2 minutes"},"schema":{"@context":"https:\/\/schema.org","@graph":[{"@type":"WebPage","@id":"https:\/\/boutiqueclubceuta.es\/club-outlet\/","url":"https:\/\/boutiqueclubceuta.es\/club-outlet\/","name":"Club Outlet - Boutique Club Ceuta","isPartOf":{"@id":"https:\/\/boutiqueclubceuta.es\/#website"},"primaryImageOfPage":{"@id":"https:\/\/boutiqueclubceuta.es\/club-outlet\/#primaryimage"},"image":{"@id":"https:\/\/boutiqueclubceuta.es\/club-outlet\/#primaryimage"},"thumbnailUrl":"https:\/\/boutiqueclubceuta.es\/wp-content\/uploads\/2024\/04\/HAM3360-1024x683.jpg","datePublished":"2024-03-26T12:02:39+00:00","dateModified":"2024-06-25T17:14:03+00:00","description":"Descubre Club Outlet en la planta baja de nuestra tienda, donde encontrar\u00e1s ofertas y descuentos en productos de marcas reconocidas.","breadcrumb":{"@id":"https:\/\/boutiqueclubceuta.es\/club-outlet\/#breadcrumb"},"inLanguage":"en-GB","potentialAction":[{"@type":"ReadAction","target":["https:\/\/boutiqueclubceuta.es\/club-outlet\/"]}]},{"@type":"ImageObject","inLanguage":"en-GB","@id":"https:\/\/boutiqueclubceuta.es\/club-outlet\/#primaryimage","url":"https:\/\/boutiqueclubceuta.es\/wp-content\/uploads\/2024\/04\/HAM3360-1024x683.jpg","contentUrl":"https:\/\/boutiqueclubceuta.es\/wp-content\/uploads\/2024\/04\/HAM3360-1024x683.jpg"},{"@type":"BreadcrumbList","@id":"https:\/\/boutiqueclubceuta.es\/club-outlet\/#breadcrumb","itemListElement":[{"@type":"ListItem","position":1,"name":"Portada","item":"https:\/\/boutiqueclubceuta.es\/"},{"@type":"ListItem","position":2,"name":"Club Outlet"}]},{"@type":"WebSite","@id":"https:\/\/boutiqueclubceuta.es\/#website","url":"https:\/\/boutiqueclubceuta.es\/","name":"Boutique Club Ceuta","description":"Primeras firmas de moda, calzado y complementos en hombre, mujer y ni\u00f1o.","publisher":{"@id":"https:\/\/boutiqueclubceuta.es\/#organization"},"potentialAction":[{"@type":"SearchAction","target":{"@type":"EntryPoint","urlTemplate":"https:\/\/boutiqueclubceuta.es\/?s={search_term_string}"},"query-input":"required name=search_term_string"}],"inLanguage":"en-GB"},{"@type":"Organization","@id":"https:\/\/boutiqueclubceuta.es\/#organization","name":"Boutique Club Ceuta","url":"https:\/\/boutiqueclubceuta.es\/","logo":{"@type":"ImageObject","inLanguage":"en-GB","@id":"https:\/\/boutiqueclubceuta.es\/#\/schema\/logo\/image\/","url":"https:\/\/boutiqueclubceuta.es\/wp-content\/uploads\/2024\/03\/Logotipo_club.png","contentUrl":"https:\/\/boutiqueclubceuta.es\/wp-content\/uploads\/2024\/03\/Logotipo_club.png","width":485,"height":485,"caption":"Boutique Club Ceuta"},"image":{"@id":"https:\/\/boutiqueclubceuta.es\/#\/schema\/logo\/image\/"}}]}},"uagb_featured_image_src":{"full":false,"thumbnail":false,"medium":false,"medium_large":false,"large":false,"1536x1536":false,"2048x2048":false,"trp-custom-language-flag":false,"woocommerce_thumbnail":false,"woocommerce_single":false,"woocommerce_gallery_thumbnail":false},"uagb_author_info":{"display_name":"info","author_link":"https:\/\/boutiqueclubceuta.es\/en\/author\/info\/"},"uagb_comment_info":0,"uagb_excerpt":"Club Outlet En Club outlet los clientes pueden encontrar una selecci\u00f3n exclusiva de marcas de renombre, como Polo Ralph Lauren, Pompeii, Vejar, Psoph\u00eda, Porsche x Boss, Harmont &amp; Blaine, Tommy Hilfiger, Cole Haan, Hackett y Premiata, entre otras. Estas marcas ofrecen desde ropa hasta calzado y accesorios, todos con descuentos significativos que permiten a los&hellip;","_links":{"self":[{"href":"https:\/\/boutiqueclubceuta.es\/en\/wp-json\/wp\/v2\/pages\/2261"}],"collection":[{"href":"https:\/\/boutiqueclubceuta.es\/en\/wp-json\/wp\/v2\/pages"}],"about":[{"href":"https:\/\/boutiqueclubceuta.es\/en\/wp-json\/wp\/v2\/types\/page"}],"author":[{"embeddable":true,"href":"https:\/\/boutiqueclubceuta.es\/en\/wp-json\/wp\/v2\/users\/1"}],"replies":[{"embeddable":true,"href":"https:\/\/boutiqueclubceuta.es\/en\/wp-json\/wp\/v2\/comments?post=2261"}],"version-history":[{"count":12,"href":"https:\/\/boutiqueclubceuta.es\/en\/wp-json\/wp\/v2\/pages\/2261\/revisions"}],"predecessor-version":[{"id":3343,"href":"https:\/\/boutiqueclubceuta.es\/en\/wp-json\/wp\/v2\/pages\/2261\/revisions\/3343"}],"wp:attachment":[{"href":"https:\/\/boutiqueclubceuta.es\/en\/wp-json\/wp\/v2\/media?parent=2261"}],"curies":[{"name":"wp","href":"https:\/\/api.w.org\/{rel}","templated":true}]}}