{"id":3,"date":"2024-03-18T20:36:53","date_gmt":"2024-03-18T19:36:53","guid":{"rendered":"http:\/\/boutiqueclub.es\/?page_id=3"},"modified":"2024-06-25T19:42:07","modified_gmt":"2024-06-25T17:42:07","slug":"nuestra-politica-de-privacidad","status":"publish","type":"page","link":"https:\/\/boutiqueclubceuta.es\/en\/nuestra-politica-de-privacidad\/","title":{"rendered":"Privacy policy"},"content":{"rendered":"<h1 class=\"wp-block-heading\">Privacy policy<\/h1>\n\n\n\n<p>En Boutique Club, nos tomamos en serio la privacidad de nuestros clientes. Esta pol\u00edtica de privacidad describe c\u00f3mo recopilamos, utilizamos y protegemos tu informaci\u00f3n personal cuando visitas nuestro sitio web y utilizas nuestros servicios.<\/p>\n\n\n\n<h4 class=\"wp-block-heading\">Informaci\u00f3n que Recopilamos<\/h4>\n\n\n\n<ul>\n<li>Nombre<\/li>\n\n\n\n<li>Correo electr\u00f3nico<\/li>\n<\/ul>\n\n\n\n<h4 class=\"wp-block-heading\">Uso de la Informaci\u00f3n<\/h4>\n\n\n\n<p>Utilizamos tus datos personales para:<\/p>\n\n\n\n<ul>\n<li>Responder y gestionar la comunicaci\u00f3n con los usuarios <\/li>\n\n\n\n<li>Mejorar nuestros servicios<\/li>\n\n\n\n<li>Comunicarnos con los usuarios a trav\u00e9s de correo electr\u00f3nico<\/li>\n<\/ul>\n\n\n\n<h4 class=\"wp-block-heading\">Protecci\u00f3n de Datos<\/h4>\n\n\n\n<p>Implementamos medidas de seguridad para proteger tu informaci\u00f3n personal contra accesos no autorizados o uso indebido.<\/p>\n\n\n\n<h4 class=\"wp-block-heading\">Cookies<\/h4>\n\n\n\n<p>No utilizamos cookies en nuestro sitio web.<\/p>\n\n\n\n<h4 class=\"wp-block-heading\">Compartir Informaci\u00f3n<\/h4>\n\n\n\n<p>No vendemos, intercambiamos ni transferimos tus datos personales a terceros sin tu consentimiento, excepto cuando sea necesario para cumplir con la ley o proteger nuestros derechos.<\/p>\n\n\n\n<h4 class=\"wp-block-heading\">Derechos del Usuario<\/h4>\n\n\n\n<p>Tienes derecho a:<\/p>\n\n\n\n<ul>\n<li>Acceder a tus datos personales<\/li>\n\n\n\n<li>Rectificar datos incorrectos o incompletos<\/li>\n\n\n\n<li>Solicitar la eliminaci\u00f3n de tus datos personales, sujeto a ciertas condiciones<\/li>\n<\/ul>\n\n\n\n<h4 class=\"wp-block-heading\">Cambios en la pol\u00edtica <\/h4>\n\n\n\n<p>Nos reservamos el derecho de actualizar esta pol\u00edtica de privacidad en cualquier momento. Cualquier cambio ser\u00e1 publicado en esta p\u00e1gina.<\/p>\n\n\n\n<h4 class=\"wp-block-heading\">Contact<\/h4>\n\n\n\n<p>Si tienes preguntas sobre nuestra pol\u00edtica de privacidad, por favor cont\u00e1ctanos a:<\/p>\n\n\n\n<p><a href=\"https:\/\/www.google.com\/maps\/place\/Boutiques+Club+Ceuta\/@35.8881841,-5.3124117,17z\/data=!3m1!4b1!4m6!3m5!1s0xd0ca3ff16c4aeff:0x3c26e5c358fe69c4!8m2!3d35.8881841!4d-5.3124117!16s%2Fg%2F1tql60hj?entry=ttu\">Paseo Revellin, 1, Ceuta 5100<\/a><\/p>\n\n\n\n<p>info@boutiqueclub.es <\/p>\n\n\n\n<p>+34 628 821 810<\/p>\n\n\n\n<figure class=\"wp-block-image size-large is-resized uag-hide-desktop uag-hide-tab uag-hide-mob\"><img loading=\"lazy\" decoding=\"async\" width=\"1024\" height=\"768\" src=\"https:\/\/boutiqueclubceuta.es\/wp-content\/uploads\/2024\/04\/IMG_0701-1024x768.jpg\" alt=\"Pol\u00edtica de privacidad. Tienda Club desde el exterior\" class=\"wp-image-3240\" style=\"width:262px;height:auto\" srcset=\"https:\/\/boutiqueclubceuta.es\/wp-content\/uploads\/2024\/04\/IMG_0701-1024x768.jpg 1024w, https:\/\/boutiqueclubceuta.es\/wp-content\/uploads\/2024\/04\/IMG_0701-300x225.jpg 300w, https:\/\/boutiqueclubceuta.es\/wp-content\/uploads\/2024\/04\/IMG_0701-768x576.jpg 768w, https:\/\/boutiqueclubceuta.es\/wp-content\/uploads\/2024\/04\/IMG_0701-1536x1152.jpg 1536w, https:\/\/boutiqueclubceuta.es\/wp-content\/uploads\/2024\/04\/IMG_0701-2048x1536.jpg 2048w, https:\/\/boutiqueclubceuta.es\/wp-content\/uploads\/2024\/04\/IMG_0701-600x450.jpg 600w\" sizes=\"(max-width: 1024px) 100vw, 1024px\" \/><\/figure>","protected":false},"excerpt":{"rendered":"<p>Pol\u00edtica de privacidad En Boutique Club, nos tomamos en serio la privacidad de nuestros clientes. Esta pol\u00edtica de privacidad describe c\u00f3mo recopilamos, utilizamos y protegemos tu informaci\u00f3n personal cuando visitas nuestro sitio web y utilizas nuestros servicios. Informaci\u00f3n que Recopilamos Uso de la Informaci\u00f3n Utilizamos tus datos personales para: Protecci\u00f3n de Datos Implementamos medidas de [&hellip;]<\/p>","protected":false},"author":1,"featured_media":0,"parent":0,"menu_order":0,"comment_status":"closed","ping_status":"closed","template":"","meta":{"_uag_custom_page_level_css":"","site-sidebar-layout":"default","site-content-layout":"","ast-site-content-layout":"default","site-content-style":"default","site-sidebar-style":"default","ast-global-header-display":"","ast-banner-title-visibility":"","ast-main-header-display":"","ast-hfb-above-header-display":"","ast-hfb-below-header-display":"","ast-hfb-mobile-header-display":"","site-post-title":"disabled","ast-breadcrumbs-content":"","ast-featured-img":"","footer-sml-layout":"","ast-disable-related-posts":"","theme-transparent-header-meta":"","adv-header-id-meta":"","stick-header-meta":"","header-above-stick-meta":"","header-main-stick-meta":"","header-below-stick-meta":"","astra-migrate-meta-layouts":"set","ast-page-background-enabled":"default","ast-page-background-meta":{"desktop":{"background-color":"var(--ast-global-color-5)","background-image":"","background-repeat":"repeat","background-position":"center center","background-size":"auto","background-attachment":"scroll","background-type":"","background-media":"","overlay-type":"","overlay-color":"","overlay-opacity":"","overlay-gradient":""},"tablet":{"background-color":"","background-image":"","background-repeat":"repeat","background-position":"center center","background-size":"auto","background-attachment":"scroll","background-type":"","background-media":"","overlay-type":"","overlay-color":"","overlay-opacity":"","overlay-gradient":""},"mobile":{"background-color":"","background-image":"","background-repeat":"repeat","background-position":"center center","background-size":"auto","background-attachment":"scroll","background-type":"","background-media":"","overlay-type":"","overlay-color":"","overlay-opacity":"","overlay-gradient":""}},"ast-content-background-meta":{"desktop":{"background-color":"var(--ast-global-color-4)","background-image":"","background-repeat":"repeat","background-position":"center center","background-size":"auto","background-attachment":"scroll","background-type":"","background-media":"","overlay-type":"","overlay-color":"","overlay-opacity":"","overlay-gradient":""},"tablet":{"background-color":"var(--ast-global-color-4)","background-image":"","background-repeat":"repeat","background-position":"center center","background-size":"auto","background-attachment":"scroll","background-type":"","background-media":"","overlay-type":"","overlay-color":"","overlay-opacity":"","overlay-gradient":""},"mobile":{"background-color":"var(--ast-global-color-4)","background-image":"","background-repeat":"repeat","background-position":"center center","background-size":"auto","background-attachment":"scroll","background-type":"","background-media":"","overlay-type":"","overlay-color":"","overlay-opacity":"","overlay-gradient":""}},"footnotes":""},"yoast_head":"<!-- This site is optimized with the Yoast SEO plugin v22.7 - https:\/\/yoast.com\/wordpress\/plugins\/seo\/ -->\n<title>Nuestra pol\u00edtica de privacidad - Boutique Club Ceuta<\/title>\n<meta name=\"description\" content=\"&quot;Consulta nuestra pol\u00edtica de privacidad en Boutique Club, donde protegemos tu informaci\u00f3n personal. Descubre c\u00f3mo recopilamos...\" \/>\n<meta name=\"robots\" content=\"index, follow, max-snippet:-1, max-image-preview:large, max-video-preview:-1\" \/>\n<link rel=\"canonical\" href=\"https:\/\/boutiqueclubceuta.es\/en\/nuestra-politica-de-privacidad\/\" \/>\n<meta property=\"og:locale\" content=\"en_GB\" \/>\n<meta property=\"og:type\" content=\"article\" \/>\n<meta property=\"og:title\" content=\"Nuestra pol\u00edtica de privacidad - Boutique Club Ceuta\" \/>\n<meta property=\"og:description\" content=\"&quot;Consulta nuestra pol\u00edtica de privacidad en Boutique Club, donde protegemos tu informaci\u00f3n personal. Descubre c\u00f3mo recopilamos...\" \/>\n<meta property=\"og:url\" content=\"https:\/\/boutiqueclubceuta.es\/en\/nuestra-politica-de-privacidad\/\" \/>\n<meta property=\"og:site_name\" content=\"Boutique Club Ceuta\" \/>\n<meta property=\"article:modified_time\" content=\"2024-06-25T17:42:07+00:00\" \/>\n<meta property=\"og:image\" content=\"https:\/\/boutiqueclubceuta.es\/wp-content\/uploads\/2024\/04\/IMG_0701-1024x768.jpg\" \/>\n<meta name=\"twitter:card\" content=\"summary_large_image\" \/>\n<meta name=\"twitter:label1\" content=\"Estimated reading time\" \/>\n\t<meta name=\"twitter:data1\" content=\"2 minutes\" \/>\n<script type=\"application\/ld+json\" class=\"yoast-schema-graph\">{\"@context\":\"https:\/\/schema.org\",\"@graph\":[{\"@type\":\"WebPage\",\"@id\":\"https:\/\/boutiqueclubceuta.es\/nuestra-politica-de-privacidad\/\",\"url\":\"https:\/\/boutiqueclubceuta.es\/nuestra-politica-de-privacidad\/\",\"name\":\"Nuestra pol\u00edtica de privacidad - Boutique Club Ceuta\",\"isPartOf\":{\"@id\":\"https:\/\/boutiqueclubceuta.es\/#website\"},\"primaryImageOfPage\":{\"@id\":\"https:\/\/boutiqueclubceuta.es\/nuestra-politica-de-privacidad\/#primaryimage\"},\"image\":{\"@id\":\"https:\/\/boutiqueclubceuta.es\/nuestra-politica-de-privacidad\/#primaryimage\"},\"thumbnailUrl\":\"https:\/\/boutiqueclubceuta.es\/wp-content\/uploads\/2024\/04\/IMG_0701-1024x768.jpg\",\"datePublished\":\"2024-03-18T19:36:53+00:00\",\"dateModified\":\"2024-06-25T17:42:07+00:00\",\"description\":\"\\\"Consulta nuestra pol\u00edtica de privacidad en Boutique Club, donde protegemos tu informaci\u00f3n personal. Descubre c\u00f3mo recopilamos...\",\"breadcrumb\":{\"@id\":\"https:\/\/boutiqueclubceuta.es\/nuestra-politica-de-privacidad\/#breadcrumb\"},\"inLanguage\":\"en-GB\",\"potentialAction\":[{\"@type\":\"ReadAction\",\"target\":[\"https:\/\/boutiqueclubceuta.es\/nuestra-politica-de-privacidad\/\"]}]},{\"@type\":\"ImageObject\",\"inLanguage\":\"en-GB\",\"@id\":\"https:\/\/boutiqueclubceuta.es\/nuestra-politica-de-privacidad\/#primaryimage\",\"url\":\"https:\/\/boutiqueclubceuta.es\/wp-content\/uploads\/2024\/04\/IMG_0701-1024x768.jpg\",\"contentUrl\":\"https:\/\/boutiqueclubceuta.es\/wp-content\/uploads\/2024\/04\/IMG_0701-1024x768.jpg\"},{\"@type\":\"BreadcrumbList\",\"@id\":\"https:\/\/boutiqueclubceuta.es\/nuestra-politica-de-privacidad\/#breadcrumb\",\"itemListElement\":[{\"@type\":\"ListItem\",\"position\":1,\"name\":\"Portada\",\"item\":\"https:\/\/boutiqueclubceuta.es\/\"},{\"@type\":\"ListItem\",\"position\":2,\"name\":\"Pol\u00edtica de privacidad\"}]},{\"@type\":\"WebSite\",\"@id\":\"https:\/\/boutiqueclubceuta.es\/#website\",\"url\":\"https:\/\/boutiqueclubceuta.es\/\",\"name\":\"Boutique Club Ceuta\",\"description\":\"Primeras firmas de moda, calzado y complementos en hombre, mujer y ni\u00f1o.\",\"publisher\":{\"@id\":\"https:\/\/boutiqueclubceuta.es\/#organization\"},\"potentialAction\":[{\"@type\":\"SearchAction\",\"target\":{\"@type\":\"EntryPoint\",\"urlTemplate\":\"https:\/\/boutiqueclubceuta.es\/?s={search_term_string}\"},\"query-input\":\"required name=search_term_string\"}],\"inLanguage\":\"en-GB\"},{\"@type\":\"Organization\",\"@id\":\"https:\/\/boutiqueclubceuta.es\/#organization\",\"name\":\"Boutique Club Ceuta\",\"url\":\"https:\/\/boutiqueclubceuta.es\/\",\"logo\":{\"@type\":\"ImageObject\",\"inLanguage\":\"en-GB\",\"@id\":\"https:\/\/boutiqueclubceuta.es\/#\/schema\/logo\/image\/\",\"url\":\"https:\/\/boutiqueclubceuta.es\/wp-content\/uploads\/2024\/03\/Logotipo_club.png\",\"contentUrl\":\"https:\/\/boutiqueclubceuta.es\/wp-content\/uploads\/2024\/03\/Logotipo_club.png\",\"width\":485,\"height\":485,\"caption\":\"Boutique Club Ceuta\"},\"image\":{\"@id\":\"https:\/\/boutiqueclubceuta.es\/#\/schema\/logo\/image\/\"}}]}<\/script>\n<!-- \/ Yoast SEO plugin. -->","yoast_head_json":{"title":"Nuestra pol\u00edtica de privacidad - Boutique Club Ceuta","description":"\"Consulta nuestra pol\u00edtica de privacidad en Boutique Club, donde protegemos tu informaci\u00f3n personal. Descubre c\u00f3mo recopilamos...","robots":{"index":"index","follow":"follow","max-snippet":"max-snippet:-1","max-image-preview":"max-image-preview:large","max-video-preview":"max-video-preview:-1"},"canonical":"https:\/\/boutiqueclubceuta.es\/en\/nuestra-politica-de-privacidad\/","og_locale":"en_GB","og_type":"article","og_title":"Nuestra pol\u00edtica de privacidad - Boutique Club Ceuta","og_description":"\"Consulta nuestra pol\u00edtica de privacidad en Boutique Club, donde protegemos tu informaci\u00f3n personal. Descubre c\u00f3mo recopilamos...","og_url":"https:\/\/boutiqueclubceuta.es\/en\/nuestra-politica-de-privacidad\/","og_site_name":"Boutique Club Ceuta","article_modified_time":"2024-06-25T17:42:07+00:00","og_image":[{"url":"https:\/\/boutiqueclubceuta.es\/wp-content\/uploads\/2024\/04\/IMG_0701-1024x768.jpg"}],"twitter_card":"summary_large_image","twitter_misc":{"Estimated reading time":"2 minutes"},"schema":{"@context":"https:\/\/schema.org","@graph":[{"@type":"WebPage","@id":"https:\/\/boutiqueclubceuta.es\/nuestra-politica-de-privacidad\/","url":"https:\/\/boutiqueclubceuta.es\/nuestra-politica-de-privacidad\/","name":"Nuestra pol\u00edtica de privacidad - Boutique Club Ceuta","isPartOf":{"@id":"https:\/\/boutiqueclubceuta.es\/#website"},"primaryImageOfPage":{"@id":"https:\/\/boutiqueclubceuta.es\/nuestra-politica-de-privacidad\/#primaryimage"},"image":{"@id":"https:\/\/boutiqueclubceuta.es\/nuestra-politica-de-privacidad\/#primaryimage"},"thumbnailUrl":"https:\/\/boutiqueclubceuta.es\/wp-content\/uploads\/2024\/04\/IMG_0701-1024x768.jpg","datePublished":"2024-03-18T19:36:53+00:00","dateModified":"2024-06-25T17:42:07+00:00","description":"\"Consulta nuestra pol\u00edtica de privacidad en Boutique Club, donde protegemos tu informaci\u00f3n personal. Descubre c\u00f3mo recopilamos...","breadcrumb":{"@id":"https:\/\/boutiqueclubceuta.es\/nuestra-politica-de-privacidad\/#breadcrumb"},"inLanguage":"en-GB","potentialAction":[{"@type":"ReadAction","target":["https:\/\/boutiqueclubceuta.es\/nuestra-politica-de-privacidad\/"]}]},{"@type":"ImageObject","inLanguage":"en-GB","@id":"https:\/\/boutiqueclubceuta.es\/nuestra-politica-de-privacidad\/#primaryimage","url":"https:\/\/boutiqueclubceuta.es\/wp-content\/uploads\/2024\/04\/IMG_0701-1024x768.jpg","contentUrl":"https:\/\/boutiqueclubceuta.es\/wp-content\/uploads\/2024\/04\/IMG_0701-1024x768.jpg"},{"@type":"BreadcrumbList","@id":"https:\/\/boutiqueclubceuta.es\/nuestra-politica-de-privacidad\/#breadcrumb","itemListElement":[{"@type":"ListItem","position":1,"name":"Portada","item":"https:\/\/boutiqueclubceuta.es\/"},{"@type":"ListItem","position":2,"name":"Pol\u00edtica de privacidad"}]},{"@type":"WebSite","@id":"https:\/\/boutiqueclubceuta.es\/#website","url":"https:\/\/boutiqueclubceuta.es\/","name":"Boutique Club Ceuta","description":"Primeras firmas de moda, calzado y complementos en hombre, mujer y ni\u00f1o.","publisher":{"@id":"https:\/\/boutiqueclubceuta.es\/#organization"},"potentialAction":[{"@type":"SearchAction","target":{"@type":"EntryPoint","urlTemplate":"https:\/\/boutiqueclubceuta.es\/?s={search_term_string}"},"query-input":"required name=search_term_string"}],"inLanguage":"en-GB"},{"@type":"Organization","@id":"https:\/\/boutiqueclubceuta.es\/#organization","name":"Boutique Club Ceuta","url":"https:\/\/boutiqueclubceuta.es\/","logo":{"@type":"ImageObject","inLanguage":"en-GB","@id":"https:\/\/boutiqueclubceuta.es\/#\/schema\/logo\/image\/","url":"https:\/\/boutiqueclubceuta.es\/wp-content\/uploads\/2024\/03\/Logotipo_club.png","contentUrl":"https:\/\/boutiqueclubceuta.es\/wp-content\/uploads\/2024\/03\/Logotipo_club.png","width":485,"height":485,"caption":"Boutique Club Ceuta"},"image":{"@id":"https:\/\/boutiqueclubceuta.es\/#\/schema\/logo\/image\/"}}]}},"uagb_featured_image_src":{"full":false,"thumbnail":false,"medium":false,"medium_large":false,"large":false,"1536x1536":false,"2048x2048":false,"trp-custom-language-flag":false,"woocommerce_thumbnail":false,"woocommerce_single":false,"woocommerce_gallery_thumbnail":false},"uagb_author_info":{"display_name":"info","author_link":"https:\/\/boutiqueclubceuta.es\/en\/author\/info\/"},"uagb_comment_info":0,"uagb_excerpt":"Pol\u00edtica de privacidad En Boutique Club, nos tomamos en serio la privacidad de nuestros clientes. Esta pol\u00edtica de privacidad describe c\u00f3mo recopilamos, utilizamos y protegemos tu informaci\u00f3n personal cuando visitas nuestro sitio web y utilizas nuestros servicios. Informaci\u00f3n que Recopilamos Uso de la Informaci\u00f3n Utilizamos tus datos personales para: Protecci\u00f3n de Datos Implementamos medidas de&hellip;","_links":{"self":[{"href":"https:\/\/boutiqueclubceuta.es\/en\/wp-json\/wp\/v2\/pages\/3"}],"collection":[{"href":"https:\/\/boutiqueclubceuta.es\/en\/wp-json\/wp\/v2\/pages"}],"about":[{"href":"https:\/\/boutiqueclubceuta.es\/en\/wp-json\/wp\/v2\/types\/page"}],"author":[{"embeddable":true,"href":"https:\/\/boutiqueclubceuta.es\/en\/wp-json\/wp\/v2\/users\/1"}],"replies":[{"embeddable":true,"href":"https:\/\/boutiqueclubceuta.es\/en\/wp-json\/wp\/v2\/comments?post=3"}],"version-history":[{"count":3,"href":"https:\/\/boutiqueclubceuta.es\/en\/wp-json\/wp\/v2\/pages\/3\/revisions"}],"predecessor-version":[{"id":3350,"href":"https:\/\/boutiqueclubceuta.es\/en\/wp-json\/wp\/v2\/pages\/3\/revisions\/3350"}],"wp:attachment":[{"href":"https:\/\/boutiqueclubceuta.es\/en\/wp-json\/wp\/v2\/media?parent=3"}],"curies":[{"name":"wp","href":"https:\/\/api.w.org\/{rel}","templated":true}]}}