{"id":3351,"date":"2024-06-25T19:47:54","date_gmt":"2024-06-25T17:47:54","guid":{"rendered":"https:\/\/boutiqueclub.es\/?page_id=3351"},"modified":"2024-06-25T19:48:01","modified_gmt":"2024-06-25T17:48:01","slug":"aviso-legal","status":"publish","type":"page","link":"https:\/\/boutiqueclubceuta.es\/en\/aviso-legal\/","title":{"rendered":"Legal Notice"},"content":{"rendered":"<h1 class=\"wp-block-heading\">Legal Notice<\/h1>\n\n\n\n<h4 class=\"wp-block-heading\">Titularidad del Sitio Web<\/h4>\n\n\n\n<p>El presente aviso legal regula el uso del sitio web <a href=\"https:\/\/boutiqueclubceuta.es\/en\/\">boutiqueclub.es<\/a> , del que es titular Tienda Boutique Club.<\/p>\n\n\n\n<h4 class=\"wp-block-heading\">Condiciones de Uso<\/h4>\n\n\n\n<p>El uso del Sitio Web implica la aceptaci\u00f3n plena y sin reservas de todas y cada una de las disposiciones incluidas en este Aviso Legal. Si no est\u00e1s de acuerdo con alguna de las condiciones, no deber\u00e1s usar este Sitio Web.<\/p>\n\n\n\n<h4 class=\"wp-block-heading\">Propiedad Intelectual e Industrial<\/h4>\n\n\n\n<p>Todos los contenidos del Sitio Web, incluyendo textos, gr\u00e1ficos, im\u00e1genes, dise\u00f1o y c\u00f3digos fuente, son propiedad de Tienda Boutique Club o de terceros que han cedido sus derechos. Quedan reservados todos los derechos de explotaci\u00f3n.<\/p>\n\n\n\n<h4 class=\"wp-block-heading\">Responsabilidad<\/h4>\n\n\n\n<p>Tienda Boutique Club no se hace responsable de los da\u00f1os y perjuicios derivados del uso del Sitio Web ni de cualquier actuaci\u00f3n realizada sobre la base de la informaci\u00f3n que en \u00e9l se facilita.<\/p>\n\n\n\n<h4 class=\"wp-block-heading\">Enlaces a Terceros<\/h4>\n\n\n\n<p>El Sitio Web puede contener enlaces a sitios web de terceros. Tienda Boutique Club no se responsabiliza del contenido ni de las pol\u00edticas de privacidad de dichos sitios.<\/p>\n\n\n\n<h4 class=\"wp-block-heading\">Legislaci\u00f3n Aplicable<\/h4>\n\n\n\n<p>El presente documento se rige por la legislaci\u00f3n espa\u00f1ola. Cualquier controversia derivada del acceso o uso del Sitio Web ser\u00e1 competencia de los tribunales correspondientes.<\/p>\n\n\n\n<h4 class=\"wp-block-heading\">Contact<\/h4>\n\n\n\n<p>Para cualquier consulta sobre este Aviso Legal, puedes contactar con nosotros en:<\/p>\n\n\n\n<p><a href=\"https:\/\/www.google.com\/maps\/place\/Boutiques+Club+Ceuta\/@35.8881841,-5.3124117,17z\/data=!3m1!4b1!4m6!3m5!1s0xd0ca3ff16c4aeff:0x3c26e5c358fe69c4!8m2!3d35.8881841!4d-5.3124117!16s%2Fg%2F1tql60hj?entry=ttu\">Paseo Revellin, 1, Ceuta 5100<\/a><\/p>\n\n\n\n<p>info@boutiqueclub.es <\/p>\n\n\n\n<p>+34 628 821 810<\/p>\n\n\n\n<figure class=\"wp-block-image size-large is-resized uag-hide-desktop uag-hide-tab uag-hide-mob\"><img loading=\"lazy\" decoding=\"async\" width=\"1024\" height=\"683\" src=\"https:\/\/boutiqueclubceuta.es\/wp-content\/uploads\/2024\/04\/HAM3360-1024x683.jpg\" alt=\"Aviso legal. Planta baja de tienda Club vista desde fuera\" class=\"wp-image-3170\" style=\"width:255px;height:auto\" srcset=\"https:\/\/boutiqueclubceuta.es\/wp-content\/uploads\/2024\/04\/HAM3360-1024x683.jpg 1024w, https:\/\/boutiqueclubceuta.es\/wp-content\/uploads\/2024\/04\/HAM3360-300x200.jpg 300w, https:\/\/boutiqueclubceuta.es\/wp-content\/uploads\/2024\/04\/HAM3360-768x512.jpg 768w, https:\/\/boutiqueclubceuta.es\/wp-content\/uploads\/2024\/04\/HAM3360-1536x1024.jpg 1536w, https:\/\/boutiqueclubceuta.es\/wp-content\/uploads\/2024\/04\/HAM3360-2048x1365.jpg 2048w, https:\/\/boutiqueclubceuta.es\/wp-content\/uploads\/2024\/04\/HAM3360-600x400.jpg 600w\" sizes=\"(max-width: 1024px) 100vw, 1024px\" \/><\/figure>","protected":false},"excerpt":{"rendered":"<p>Aviso Legal Titularidad del Sitio Web El presente aviso legal regula el uso del sitio web boutiqueclub.es , del que es titular Tienda Boutique Club. Condiciones de Uso El uso del Sitio Web implica la aceptaci\u00f3n plena y sin reservas de todas y cada una de las disposiciones incluidas en este Aviso Legal. Si no [&hellip;]<\/p>","protected":false},"author":1,"featured_media":0,"parent":0,"menu_order":0,"comment_status":"closed","ping_status":"closed","template":"","meta":{"_uag_custom_page_level_css":"","site-sidebar-layout":"default","site-content-layout":"","ast-site-content-layout":"default","site-content-style":"default","site-sidebar-style":"default","ast-global-header-display":"","ast-banner-title-visibility":"","ast-main-header-display":"","ast-hfb-above-header-display":"","ast-hfb-below-header-display":"","ast-hfb-mobile-header-display":"","site-post-title":"disabled","ast-breadcrumbs-content":"","ast-featured-img":"","footer-sml-layout":"","ast-disable-related-posts":"","theme-transparent-header-meta":"","adv-header-id-meta":"","stick-header-meta":"","header-above-stick-meta":"","header-main-stick-meta":"","header-below-stick-meta":"","astra-migrate-meta-layouts":"set","ast-page-background-enabled":"default","ast-page-background-meta":{"desktop":{"background-color":"var(--ast-global-color-5)","background-image":"","background-repeat":"repeat","background-position":"center center","background-size":"auto","background-attachment":"scroll","background-type":"","background-media":"","overlay-type":"","overlay-color":"","overlay-opacity":"","overlay-gradient":""},"tablet":{"background-color":"","background-image":"","background-repeat":"repeat","background-position":"center center","background-size":"auto","background-attachment":"scroll","background-type":"","background-media":"","overlay-type":"","overlay-color":"","overlay-opacity":"","overlay-gradient":""},"mobile":{"background-color":"","background-image":"","background-repeat":"repeat","background-position":"center center","background-size":"auto","background-attachment":"scroll","background-type":"","background-media":"","overlay-type":"","overlay-color":"","overlay-opacity":"","overlay-gradient":""}},"ast-content-background-meta":{"desktop":{"background-color":"var(--ast-global-color-4)","background-image":"","background-repeat":"repeat","background-position":"center center","background-size":"auto","background-attachment":"scroll","background-type":"","background-media":"","overlay-type":"","overlay-color":"","overlay-opacity":"","overlay-gradient":""},"tablet":{"background-color":"var(--ast-global-color-4)","background-image":"","background-repeat":"repeat","background-position":"center center","background-size":"auto","background-attachment":"scroll","background-type":"","background-media":"","overlay-type":"","overlay-color":"","overlay-opacity":"","overlay-gradient":""},"mobile":{"background-color":"var(--ast-global-color-4)","background-image":"","background-repeat":"repeat","background-position":"center center","background-size":"auto","background-attachment":"scroll","background-type":"","background-media":"","overlay-type":"","overlay-color":"","overlay-opacity":"","overlay-gradient":""}},"footnotes":""},"yoast_head":"<!-- This site is optimized with the Yoast SEO plugin v22.7 - https:\/\/yoast.com\/wordpress\/plugins\/seo\/ -->\n<title>Aviso Legal - Boutique Club Ceuta<\/title>\n<meta name=\"description\" content=\"Conoce el aviso legal de Boutique Club, donde se establecen las condiciones y responsabilidades del uso de nuestro sitio web.\" \/>\n<meta name=\"robots\" content=\"index, follow, max-snippet:-1, max-image-preview:large, max-video-preview:-1\" \/>\n<link rel=\"canonical\" href=\"https:\/\/boutiqueclubceuta.es\/en\/aviso-legal\/\" \/>\n<meta property=\"og:locale\" content=\"en_GB\" \/>\n<meta property=\"og:type\" content=\"article\" \/>\n<meta property=\"og:title\" content=\"Aviso Legal - Boutique Club Ceuta\" \/>\n<meta property=\"og:description\" content=\"Conoce el aviso legal de Boutique Club, donde se establecen las condiciones y responsabilidades del uso de nuestro sitio web.\" \/>\n<meta property=\"og:url\" content=\"https:\/\/boutiqueclubceuta.es\/en\/aviso-legal\/\" \/>\n<meta property=\"og:site_name\" content=\"Boutique Club Ceuta\" \/>\n<meta property=\"article:modified_time\" content=\"2024-06-25T17:48:01+00:00\" \/>\n<meta property=\"og:image\" content=\"https:\/\/boutiqueclubceuta.es\/wp-content\/uploads\/2024\/04\/HAM3360-1024x683.jpg\" \/>\n<meta name=\"twitter:card\" content=\"summary_large_image\" \/>\n<meta name=\"twitter:label1\" content=\"Estimated reading time\" \/>\n\t<meta name=\"twitter:data1\" content=\"2 minutes\" \/>\n<script type=\"application\/ld+json\" class=\"yoast-schema-graph\">{\"@context\":\"https:\/\/schema.org\",\"@graph\":[{\"@type\":\"WebPage\",\"@id\":\"https:\/\/boutiqueclubceuta.es\/aviso-legal\/\",\"url\":\"https:\/\/boutiqueclubceuta.es\/aviso-legal\/\",\"name\":\"Aviso Legal - Boutique Club Ceuta\",\"isPartOf\":{\"@id\":\"https:\/\/boutiqueclubceuta.es\/#website\"},\"primaryImageOfPage\":{\"@id\":\"https:\/\/boutiqueclubceuta.es\/aviso-legal\/#primaryimage\"},\"image\":{\"@id\":\"https:\/\/boutiqueclubceuta.es\/aviso-legal\/#primaryimage\"},\"thumbnailUrl\":\"https:\/\/boutiqueclubceuta.es\/wp-content\/uploads\/2024\/04\/HAM3360-1024x683.jpg\",\"datePublished\":\"2024-06-25T17:47:54+00:00\",\"dateModified\":\"2024-06-25T17:48:01+00:00\",\"description\":\"Conoce el aviso legal de Boutique Club, donde se establecen las condiciones y responsabilidades del uso de nuestro sitio web.\",\"breadcrumb\":{\"@id\":\"https:\/\/boutiqueclubceuta.es\/aviso-legal\/#breadcrumb\"},\"inLanguage\":\"en-GB\",\"potentialAction\":[{\"@type\":\"ReadAction\",\"target\":[\"https:\/\/boutiqueclubceuta.es\/aviso-legal\/\"]}]},{\"@type\":\"ImageObject\",\"inLanguage\":\"en-GB\",\"@id\":\"https:\/\/boutiqueclubceuta.es\/aviso-legal\/#primaryimage\",\"url\":\"https:\/\/boutiqueclubceuta.es\/wp-content\/uploads\/2024\/04\/HAM3360-1024x683.jpg\",\"contentUrl\":\"https:\/\/boutiqueclubceuta.es\/wp-content\/uploads\/2024\/04\/HAM3360-1024x683.jpg\"},{\"@type\":\"BreadcrumbList\",\"@id\":\"https:\/\/boutiqueclubceuta.es\/aviso-legal\/#breadcrumb\",\"itemListElement\":[{\"@type\":\"ListItem\",\"position\":1,\"name\":\"Portada\",\"item\":\"https:\/\/boutiqueclubceuta.es\/\"},{\"@type\":\"ListItem\",\"position\":2,\"name\":\"Aviso Legal\"}]},{\"@type\":\"WebSite\",\"@id\":\"https:\/\/boutiqueclubceuta.es\/#website\",\"url\":\"https:\/\/boutiqueclubceuta.es\/\",\"name\":\"Boutique Club Ceuta\",\"description\":\"Primeras firmas de moda, calzado y complementos en hombre, mujer y ni\u00f1o.\",\"publisher\":{\"@id\":\"https:\/\/boutiqueclubceuta.es\/#organization\"},\"potentialAction\":[{\"@type\":\"SearchAction\",\"target\":{\"@type\":\"EntryPoint\",\"urlTemplate\":\"https:\/\/boutiqueclubceuta.es\/?s={search_term_string}\"},\"query-input\":\"required name=search_term_string\"}],\"inLanguage\":\"en-GB\"},{\"@type\":\"Organization\",\"@id\":\"https:\/\/boutiqueclubceuta.es\/#organization\",\"name\":\"Boutique Club Ceuta\",\"url\":\"https:\/\/boutiqueclubceuta.es\/\",\"logo\":{\"@type\":\"ImageObject\",\"inLanguage\":\"en-GB\",\"@id\":\"https:\/\/boutiqueclubceuta.es\/#\/schema\/logo\/image\/\",\"url\":\"https:\/\/boutiqueclubceuta.es\/wp-content\/uploads\/2024\/03\/Logotipo_club.png\",\"contentUrl\":\"https:\/\/boutiqueclubceuta.es\/wp-content\/uploads\/2024\/03\/Logotipo_club.png\",\"width\":485,\"height\":485,\"caption\":\"Boutique Club Ceuta\"},\"image\":{\"@id\":\"https:\/\/boutiqueclubceuta.es\/#\/schema\/logo\/image\/\"}}]}<\/script>\n<!-- \/ Yoast SEO plugin. -->","yoast_head_json":{"title":"Aviso Legal - Boutique Club Ceuta","description":"Conoce el aviso legal de Boutique Club, donde se establecen las condiciones y responsabilidades del uso de nuestro sitio web.","robots":{"index":"index","follow":"follow","max-snippet":"max-snippet:-1","max-image-preview":"max-image-preview:large","max-video-preview":"max-video-preview:-1"},"canonical":"https:\/\/boutiqueclubceuta.es\/en\/aviso-legal\/","og_locale":"en_GB","og_type":"article","og_title":"Aviso Legal - Boutique Club Ceuta","og_description":"Conoce el aviso legal de Boutique Club, donde se establecen las condiciones y responsabilidades del uso de nuestro sitio web.","og_url":"https:\/\/boutiqueclubceuta.es\/en\/aviso-legal\/","og_site_name":"Boutique Club Ceuta","article_modified_time":"2024-06-25T17:48:01+00:00","og_image":[{"url":"https:\/\/boutiqueclubceuta.es\/wp-content\/uploads\/2024\/04\/HAM3360-1024x683.jpg"}],"twitter_card":"summary_large_image","twitter_misc":{"Estimated reading time":"2 minutes"},"schema":{"@context":"https:\/\/schema.org","@graph":[{"@type":"WebPage","@id":"https:\/\/boutiqueclubceuta.es\/aviso-legal\/","url":"https:\/\/boutiqueclubceuta.es\/aviso-legal\/","name":"Aviso Legal - Boutique Club Ceuta","isPartOf":{"@id":"https:\/\/boutiqueclubceuta.es\/#website"},"primaryImageOfPage":{"@id":"https:\/\/boutiqueclubceuta.es\/aviso-legal\/#primaryimage"},"image":{"@id":"https:\/\/boutiqueclubceuta.es\/aviso-legal\/#primaryimage"},"thumbnailUrl":"https:\/\/boutiqueclubceuta.es\/wp-content\/uploads\/2024\/04\/HAM3360-1024x683.jpg","datePublished":"2024-06-25T17:47:54+00:00","dateModified":"2024-06-25T17:48:01+00:00","description":"Conoce el aviso legal de Boutique Club, donde se establecen las condiciones y responsabilidades del uso de nuestro sitio web.","breadcrumb":{"@id":"https:\/\/boutiqueclubceuta.es\/aviso-legal\/#breadcrumb"},"inLanguage":"en-GB","potentialAction":[{"@type":"ReadAction","target":["https:\/\/boutiqueclubceuta.es\/aviso-legal\/"]}]},{"@type":"ImageObject","inLanguage":"en-GB","@id":"https:\/\/boutiqueclubceuta.es\/aviso-legal\/#primaryimage","url":"https:\/\/boutiqueclubceuta.es\/wp-content\/uploads\/2024\/04\/HAM3360-1024x683.jpg","contentUrl":"https:\/\/boutiqueclubceuta.es\/wp-content\/uploads\/2024\/04\/HAM3360-1024x683.jpg"},{"@type":"BreadcrumbList","@id":"https:\/\/boutiqueclubceuta.es\/aviso-legal\/#breadcrumb","itemListElement":[{"@type":"ListItem","position":1,"name":"Portada","item":"https:\/\/boutiqueclubceuta.es\/"},{"@type":"ListItem","position":2,"name":"Aviso Legal"}]},{"@type":"WebSite","@id":"https:\/\/boutiqueclubceuta.es\/#website","url":"https:\/\/boutiqueclubceuta.es\/","name":"Boutique Club Ceuta","description":"Primeras firmas de moda, calzado y complementos en hombre, mujer y ni\u00f1o.","publisher":{"@id":"https:\/\/boutiqueclubceuta.es\/#organization"},"potentialAction":[{"@type":"SearchAction","target":{"@type":"EntryPoint","urlTemplate":"https:\/\/boutiqueclubceuta.es\/?s={search_term_string}"},"query-input":"required name=search_term_string"}],"inLanguage":"en-GB"},{"@type":"Organization","@id":"https:\/\/boutiqueclubceuta.es\/#organization","name":"Boutique Club Ceuta","url":"https:\/\/boutiqueclubceuta.es\/","logo":{"@type":"ImageObject","inLanguage":"en-GB","@id":"https:\/\/boutiqueclubceuta.es\/#\/schema\/logo\/image\/","url":"https:\/\/boutiqueclubceuta.es\/wp-content\/uploads\/2024\/03\/Logotipo_club.png","contentUrl":"https:\/\/boutiqueclubceuta.es\/wp-content\/uploads\/2024\/03\/Logotipo_club.png","width":485,"height":485,"caption":"Boutique Club Ceuta"},"image":{"@id":"https:\/\/boutiqueclubceuta.es\/#\/schema\/logo\/image\/"}}]}},"uagb_featured_image_src":{"full":false,"thumbnail":false,"medium":false,"medium_large":false,"large":false,"1536x1536":false,"2048x2048":false,"trp-custom-language-flag":false,"woocommerce_thumbnail":false,"woocommerce_single":false,"woocommerce_gallery_thumbnail":false},"uagb_author_info":{"display_name":"info","author_link":"https:\/\/boutiqueclubceuta.es\/en\/author\/info\/"},"uagb_comment_info":0,"uagb_excerpt":"Aviso Legal Titularidad del Sitio Web El presente aviso legal regula el uso del sitio web boutiqueclub.es , del que es titular Tienda Boutique Club. Condiciones de Uso El uso del Sitio Web implica la aceptaci\u00f3n plena y sin reservas de todas y cada una de las disposiciones incluidas en este Aviso Legal. Si no&hellip;","_links":{"self":[{"href":"https:\/\/boutiqueclubceuta.es\/en\/wp-json\/wp\/v2\/pages\/3351"}],"collection":[{"href":"https:\/\/boutiqueclubceuta.es\/en\/wp-json\/wp\/v2\/pages"}],"about":[{"href":"https:\/\/boutiqueclubceuta.es\/en\/wp-json\/wp\/v2\/types\/page"}],"author":[{"embeddable":true,"href":"https:\/\/boutiqueclubceuta.es\/en\/wp-json\/wp\/v2\/users\/1"}],"replies":[{"embeddable":true,"href":"https:\/\/boutiqueclubceuta.es\/en\/wp-json\/wp\/v2\/comments?post=3351"}],"version-history":[{"count":1,"href":"https:\/\/boutiqueclubceuta.es\/en\/wp-json\/wp\/v2\/pages\/3351\/revisions"}],"predecessor-version":[{"id":3352,"href":"https:\/\/boutiqueclubceuta.es\/en\/wp-json\/wp\/v2\/pages\/3351\/revisions\/3352"}],"wp:attachment":[{"href":"https:\/\/boutiqueclubceuta.es\/en\/wp-json\/wp\/v2\/media?parent=3351"}],"curies":[{"name":"wp","href":"https:\/\/api.w.org\/{rel}","templated":true}]}}