{"id":1949,"date":"2024-03-23T13:32:46","date_gmt":"2024-03-23T12:32:46","guid":{"rendered":"https:\/\/boutiqueclub.es\/?post_type=product&#038;p=1949"},"modified":"2024-03-23T15:53:08","modified_gmt":"2024-03-23T14:53:08","slug":"zerogrand-wingtip-oxford-cole-haan","status":"publish","type":"product","link":"https:\/\/boutiqueclubceuta.es\/en\/product\/zerogrand-wingtip-oxford-cole-haan\/","title":{"rendered":"ZER\u00d8GRAND Wingtip Oxford. Cole Haan"},"content":{"rendered":"<h6><span style=\"font-weight: 400;\">ZER\u00d8GRAND Remastered Wingtip Oxford<\/span><\/h6>","protected":false},"excerpt":{"rendered":"<p><span style=\"font-weight: 400;\">Al celebrar su d\u00e9cimo aniversario, hemos adoptado la rica herencia de nuestro estilo m\u00e1s vendido y le hemos infundido tecnolog\u00eda y estilo de vanguardia. En pocas palabras, incorporamos innovaciones sostenibles y refinamos la forma para lograr una apariencia completamente nueva. La parte superior abierta con punta de ala est\u00e1 confeccionada en cuero y se asienta sobre nuestra innovadora (y patentada) suela FlowerFoam\u2122<\/span><\/p>","protected":false},"featured_media":1950,"template":"","meta":{"_uag_custom_page_level_css":"","site-sidebar-layout":"default","site-content-layout":"","ast-site-content-layout":"default","site-content-style":"default","site-sidebar-style":"default","ast-global-header-display":"","ast-banner-title-visibility":"","ast-main-header-display":"","ast-hfb-above-header-display":"","ast-hfb-below-header-display":"","ast-hfb-mobile-header-display":"","site-post-title":"","ast-breadcrumbs-content":"","ast-featured-img":"","footer-sml-layout":"","ast-disable-related-posts":"","theme-transparent-header-meta":"default","adv-header-id-meta":"","stick-header-meta":"","header-above-stick-meta":"","header-main-stick-meta":"","header-below-stick-meta":"","astra-migrate-meta-layouts":"set","ast-page-background-enabled":"default","ast-page-background-meta":{"desktop":{"background-color":"var(--ast-global-color-5)","background-image":"","background-repeat":"repeat","background-position":"center center","background-size":"auto","background-attachment":"scroll","background-type":"","background-media":"","overlay-type":"","overlay-color":"","overlay-opacity":"","overlay-gradient":""},"tablet":{"background-color":"","background-image":"","background-repeat":"repeat","background-position":"center center","background-size":"auto","background-attachment":"scroll","background-type":"","background-media":"","overlay-type":"","overlay-color":"","overlay-opacity":"","overlay-gradient":""},"mobile":{"background-color":"","background-image":"","background-repeat":"repeat","background-position":"center center","background-size":"auto","background-attachment":"scroll","background-type":"","background-media":"","overlay-type":"","overlay-color":"","overlay-opacity":"","overlay-gradient":""}},"ast-content-background-meta":{"desktop":{"background-color":"var(--ast-global-color-4)","background-image":"","background-repeat":"repeat","background-position":"center center","background-size":"auto","background-attachment":"scroll","background-type":"","background-media":"","overlay-type":"","overlay-color":"","overlay-opacity":"","overlay-gradient":""},"tablet":{"background-color":"var(--ast-global-color-4)","background-image":"","background-repeat":"repeat","background-position":"center center","background-size":"auto","background-attachment":"scroll","background-type":"","background-media":"","overlay-type":"","overlay-color":"","overlay-opacity":"","overlay-gradient":""},"mobile":{"background-color":"var(--ast-global-color-4)","background-image":"","background-repeat":"repeat","background-position":"center center","background-size":"auto","background-attachment":"scroll","background-type":"","background-media":"","overlay-type":"","overlay-color":"","overlay-opacity":"","overlay-gradient":""}}},"product_cat":[15,26],"product_tag":[27],"yoast_head":"<!-- This site is optimized with the Yoast SEO plugin v22.7 - https:\/\/yoast.com\/wordpress\/plugins\/seo\/ -->\n<title>ZER\u00d8GRAND Wingtip Oxford. Cole Haan - Boutique Club Ceuta<\/title>\n<meta name=\"robots\" content=\"index, follow, max-snippet:-1, max-image-preview:large, max-video-preview:-1\" \/>\n<link rel=\"canonical\" href=\"https:\/\/boutiqueclubceuta.es\/en\/product\/zerogrand-wingtip-oxford-cole-haan\/\" \/>\n<meta property=\"og:locale\" content=\"en_GB\" \/>\n<meta property=\"og:type\" content=\"article\" \/>\n<meta property=\"og:title\" content=\"ZER\u00d8GRAND Wingtip Oxford. Cole Haan - Boutique Club Ceuta\" \/>\n<meta property=\"og:description\" content=\"Al celebrar su d\u00e9cimo aniversario, hemos adoptado la rica herencia de nuestro estilo m\u00e1s vendido y le hemos infundido tecnolog\u00eda y estilo de vanguardia. En pocas palabras, incorporamos innovaciones sostenibles y refinamos la forma para lograr una apariencia completamente nueva. La parte superior abierta con punta de ala est\u00e1 confeccionada en cuero y se asienta sobre nuestra innovadora (y patentada) suela FlowerFoam\u2122\" \/>\n<meta property=\"og:url\" content=\"https:\/\/boutiqueclubceuta.es\/en\/product\/zerogrand-wingtip-oxford-cole-haan\/\" \/>\n<meta property=\"og:site_name\" content=\"Boutique Club Ceuta\" \/>\n<meta property=\"article:modified_time\" content=\"2024-03-23T14:53:08+00:00\" \/>\n<meta property=\"og:image\" content=\"https:\/\/boutiqueclubceuta.es\/wp-content\/uploads\/2024\/03\/OG_20GRD_20STCHLT_20WNG_20OX_e_E_C27960_2500x2500.jpg\" \/>\n\t<meta property=\"og:image:width\" content=\"2000\" \/>\n\t<meta property=\"og:image:height\" content=\"2250\" \/>\n\t<meta property=\"og:image:type\" content=\"image\/jpeg\" \/>\n<meta name=\"twitter:card\" content=\"summary_large_image\" \/>\n<script type=\"application\/ld+json\" class=\"yoast-schema-graph\">{\"@context\":\"https:\/\/schema.org\",\"@graph\":[{\"@type\":\"WebPage\",\"@id\":\"https:\/\/boutiqueclubceuta.es\/producto\/zerogrand-wingtip-oxford-cole-haan\/\",\"url\":\"https:\/\/boutiqueclubceuta.es\/producto\/zerogrand-wingtip-oxford-cole-haan\/\",\"name\":\"ZER\u00d8GRAND Wingtip Oxford. Cole Haan - Boutique Club Ceuta\",\"isPartOf\":{\"@id\":\"https:\/\/boutiqueclubceuta.es\/#website\"},\"primaryImageOfPage\":{\"@id\":\"https:\/\/boutiqueclubceuta.es\/producto\/zerogrand-wingtip-oxford-cole-haan\/#primaryimage\"},\"image\":{\"@id\":\"https:\/\/boutiqueclubceuta.es\/producto\/zerogrand-wingtip-oxford-cole-haan\/#primaryimage\"},\"thumbnailUrl\":\"https:\/\/boutiqueclubceuta.es\/wp-content\/uploads\/2024\/03\/OG_20GRD_20STCHLT_20WNG_20OX_e_E_C27960_2500x2500.jpg\",\"datePublished\":\"2024-03-23T12:32:46+00:00\",\"dateModified\":\"2024-03-23T14:53:08+00:00\",\"breadcrumb\":{\"@id\":\"https:\/\/boutiqueclubceuta.es\/producto\/zerogrand-wingtip-oxford-cole-haan\/#breadcrumb\"},\"inLanguage\":\"en-GB\",\"potentialAction\":[{\"@type\":\"ReadAction\",\"target\":[\"https:\/\/boutiqueclubceuta.es\/producto\/zerogrand-wingtip-oxford-cole-haan\/\"]}]},{\"@type\":\"ImageObject\",\"inLanguage\":\"en-GB\",\"@id\":\"https:\/\/boutiqueclubceuta.es\/producto\/zerogrand-wingtip-oxford-cole-haan\/#primaryimage\",\"url\":\"https:\/\/boutiqueclubceuta.es\/wp-content\/uploads\/2024\/03\/OG_20GRD_20STCHLT_20WNG_20OX_e_E_C27960_2500x2500.jpg\",\"contentUrl\":\"https:\/\/boutiqueclubceuta.es\/wp-content\/uploads\/2024\/03\/OG_20GRD_20STCHLT_20WNG_20OX_e_E_C27960_2500x2500.jpg\",\"width\":2000,\"height\":2250},{\"@type\":\"BreadcrumbList\",\"@id\":\"https:\/\/boutiqueclubceuta.es\/producto\/zerogrand-wingtip-oxford-cole-haan\/#breadcrumb\",\"itemListElement\":[{\"@type\":\"ListItem\",\"position\":1,\"name\":\"Portada\",\"item\":\"https:\/\/boutiqueclubceuta.es\/\"},{\"@type\":\"ListItem\",\"position\":2,\"name\":\"Boutique Club\",\"item\":\"https:\/\/boutiqueclubceuta.es\/boutique-club\/\"},{\"@type\":\"ListItem\",\"position\":3,\"name\":\"ZER\u00d8GRAND Wingtip Oxford. Cole Haan\"}]},{\"@type\":\"WebSite\",\"@id\":\"https:\/\/boutiqueclubceuta.es\/#website\",\"url\":\"https:\/\/boutiqueclubceuta.es\/\",\"name\":\"Boutique Club Ceuta\",\"description\":\"Primeras firmas de moda, calzado y complementos en hombre, mujer y ni\u00f1o.\",\"publisher\":{\"@id\":\"https:\/\/boutiqueclubceuta.es\/#organization\"},\"potentialAction\":[{\"@type\":\"SearchAction\",\"target\":{\"@type\":\"EntryPoint\",\"urlTemplate\":\"https:\/\/boutiqueclubceuta.es\/?s={search_term_string}\"},\"query-input\":\"required name=search_term_string\"}],\"inLanguage\":\"en-GB\"},{\"@type\":\"Organization\",\"@id\":\"https:\/\/boutiqueclubceuta.es\/#organization\",\"name\":\"Boutique Club Ceuta\",\"url\":\"https:\/\/boutiqueclubceuta.es\/\",\"logo\":{\"@type\":\"ImageObject\",\"inLanguage\":\"en-GB\",\"@id\":\"https:\/\/boutiqueclubceuta.es\/#\/schema\/logo\/image\/\",\"url\":\"https:\/\/boutiqueclubceuta.es\/wp-content\/uploads\/2024\/03\/Logotipo_club.png\",\"contentUrl\":\"https:\/\/boutiqueclubceuta.es\/wp-content\/uploads\/2024\/03\/Logotipo_club.png\",\"width\":485,\"height\":485,\"caption\":\"Boutique Club Ceuta\"},\"image\":{\"@id\":\"https:\/\/boutiqueclubceuta.es\/#\/schema\/logo\/image\/\"}}]}<\/script>\n<!-- \/ Yoast SEO plugin. -->","yoast_head_json":{"title":"ZER\u00d8GRAND Wingtip Oxford. Cole Haan - Boutique Club Ceuta","robots":{"index":"index","follow":"follow","max-snippet":"max-snippet:-1","max-image-preview":"max-image-preview:large","max-video-preview":"max-video-preview:-1"},"canonical":"https:\/\/boutiqueclubceuta.es\/en\/product\/zerogrand-wingtip-oxford-cole-haan\/","og_locale":"en_GB","og_type":"article","og_title":"ZER\u00d8GRAND Wingtip Oxford. Cole Haan - Boutique Club Ceuta","og_description":"Al celebrar su d\u00e9cimo aniversario, hemos adoptado la rica herencia de nuestro estilo m\u00e1s vendido y le hemos infundido tecnolog\u00eda y estilo de vanguardia. En pocas palabras, incorporamos innovaciones sostenibles y refinamos la forma para lograr una apariencia completamente nueva. La parte superior abierta con punta de ala est\u00e1 confeccionada en cuero y se asienta sobre nuestra innovadora (y patentada) suela FlowerFoam\u2122","og_url":"https:\/\/boutiqueclubceuta.es\/en\/product\/zerogrand-wingtip-oxford-cole-haan\/","og_site_name":"Boutique Club Ceuta","article_modified_time":"2024-03-23T14:53:08+00:00","og_image":[{"width":2000,"height":2250,"url":"https:\/\/boutiqueclubceuta.es\/wp-content\/uploads\/2024\/03\/OG_20GRD_20STCHLT_20WNG_20OX_e_E_C27960_2500x2500.jpg","type":"image\/jpeg"}],"twitter_card":"summary_large_image","schema":{"@context":"https:\/\/schema.org","@graph":[{"@type":"WebPage","@id":"https:\/\/boutiqueclubceuta.es\/producto\/zerogrand-wingtip-oxford-cole-haan\/","url":"https:\/\/boutiqueclubceuta.es\/producto\/zerogrand-wingtip-oxford-cole-haan\/","name":"ZER\u00d8GRAND Wingtip Oxford. Cole Haan - Boutique Club Ceuta","isPartOf":{"@id":"https:\/\/boutiqueclubceuta.es\/#website"},"primaryImageOfPage":{"@id":"https:\/\/boutiqueclubceuta.es\/producto\/zerogrand-wingtip-oxford-cole-haan\/#primaryimage"},"image":{"@id":"https:\/\/boutiqueclubceuta.es\/producto\/zerogrand-wingtip-oxford-cole-haan\/#primaryimage"},"thumbnailUrl":"https:\/\/boutiqueclubceuta.es\/wp-content\/uploads\/2024\/03\/OG_20GRD_20STCHLT_20WNG_20OX_e_E_C27960_2500x2500.jpg","datePublished":"2024-03-23T12:32:46+00:00","dateModified":"2024-03-23T14:53:08+00:00","breadcrumb":{"@id":"https:\/\/boutiqueclubceuta.es\/producto\/zerogrand-wingtip-oxford-cole-haan\/#breadcrumb"},"inLanguage":"en-GB","potentialAction":[{"@type":"ReadAction","target":["https:\/\/boutiqueclubceuta.es\/producto\/zerogrand-wingtip-oxford-cole-haan\/"]}]},{"@type":"ImageObject","inLanguage":"en-GB","@id":"https:\/\/boutiqueclubceuta.es\/producto\/zerogrand-wingtip-oxford-cole-haan\/#primaryimage","url":"https:\/\/boutiqueclubceuta.es\/wp-content\/uploads\/2024\/03\/OG_20GRD_20STCHLT_20WNG_20OX_e_E_C27960_2500x2500.jpg","contentUrl":"https:\/\/boutiqueclubceuta.es\/wp-content\/uploads\/2024\/03\/OG_20GRD_20STCHLT_20WNG_20OX_e_E_C27960_2500x2500.jpg","width":2000,"height":2250},{"@type":"BreadcrumbList","@id":"https:\/\/boutiqueclubceuta.es\/producto\/zerogrand-wingtip-oxford-cole-haan\/#breadcrumb","itemListElement":[{"@type":"ListItem","position":1,"name":"Portada","item":"https:\/\/boutiqueclubceuta.es\/"},{"@type":"ListItem","position":2,"name":"Boutique Club","item":"https:\/\/boutiqueclubceuta.es\/boutique-club\/"},{"@type":"ListItem","position":3,"name":"ZER\u00d8GRAND Wingtip Oxford. Cole Haan"}]},{"@type":"WebSite","@id":"https:\/\/boutiqueclubceuta.es\/#website","url":"https:\/\/boutiqueclubceuta.es\/","name":"Boutique Club Ceuta","description":"Primeras firmas de moda, calzado y complementos en hombre, mujer y ni\u00f1o.","publisher":{"@id":"https:\/\/boutiqueclubceuta.es\/#organization"},"potentialAction":[{"@type":"SearchAction","target":{"@type":"EntryPoint","urlTemplate":"https:\/\/boutiqueclubceuta.es\/?s={search_term_string}"},"query-input":"required name=search_term_string"}],"inLanguage":"en-GB"},{"@type":"Organization","@id":"https:\/\/boutiqueclubceuta.es\/#organization","name":"Boutique Club Ceuta","url":"https:\/\/boutiqueclubceuta.es\/","logo":{"@type":"ImageObject","inLanguage":"en-GB","@id":"https:\/\/boutiqueclubceuta.es\/#\/schema\/logo\/image\/","url":"https:\/\/boutiqueclubceuta.es\/wp-content\/uploads\/2024\/03\/Logotipo_club.png","contentUrl":"https:\/\/boutiqueclubceuta.es\/wp-content\/uploads\/2024\/03\/Logotipo_club.png","width":485,"height":485,"caption":"Boutique Club Ceuta"},"image":{"@id":"https:\/\/boutiqueclubceuta.es\/#\/schema\/logo\/image\/"}}]}},"uagb_featured_image_src":{"full":["https:\/\/boutiqueclubceuta.es\/wp-content\/uploads\/2024\/03\/OG_20GRD_20STCHLT_20WNG_20OX_e_E_C27960_2500x2500.jpg",2000,2250,false],"thumbnail":["https:\/\/boutiqueclubceuta.es\/wp-content\/uploads\/2024\/03\/OG_20GRD_20STCHLT_20WNG_20OX_e_E_C27960_2500x2500.jpg",133,150,false],"medium":["https:\/\/boutiqueclubceuta.es\/wp-content\/uploads\/2024\/03\/OG_20GRD_20STCHLT_20WNG_20OX_e_E_C27960_2500x2500.jpg",267,300,false],"medium_large":["https:\/\/boutiqueclubceuta.es\/wp-content\/uploads\/2024\/03\/OG_20GRD_20STCHLT_20WNG_20OX_e_E_C27960_2500x2500.jpg",768,864,false],"large":["https:\/\/boutiqueclubceuta.es\/wp-content\/uploads\/2024\/03\/OG_20GRD_20STCHLT_20WNG_20OX_e_E_C27960_2500x2500.jpg",910,1024,false],"1536x1536":["https:\/\/boutiqueclubceuta.es\/wp-content\/uploads\/2024\/03\/OG_20GRD_20STCHLT_20WNG_20OX_e_E_C27960_2500x2500.jpg",1365,1536,false],"2048x2048":["https:\/\/boutiqueclubceuta.es\/wp-content\/uploads\/2024\/03\/OG_20GRD_20STCHLT_20WNG_20OX_e_E_C27960_2500x2500.jpg",1820,2048,false],"trp-custom-language-flag":["https:\/\/boutiqueclubceuta.es\/wp-content\/uploads\/2024\/03\/OG_20GRD_20STCHLT_20WNG_20OX_e_E_C27960_2500x2500.jpg",11,12,false],"woocommerce_thumbnail":["https:\/\/boutiqueclubceuta.es\/wp-content\/uploads\/2024\/03\/OG_20GRD_20STCHLT_20WNG_20OX_e_E_C27960_2500x2500-400x400.jpg",400,400,true],"woocommerce_single":["https:\/\/boutiqueclubceuta.es\/wp-content\/uploads\/2024\/03\/OG_20GRD_20STCHLT_20WNG_20OX_e_E_C27960_2500x2500-600x675.jpg",600,675,true],"woocommerce_gallery_thumbnail":["https:\/\/boutiqueclubceuta.es\/wp-content\/uploads\/2024\/03\/OG_20GRD_20STCHLT_20WNG_20OX_e_E_C27960_2500x2500-100x100.jpg",100,100,true]},"uagb_author_info":{"display_name":"info","author_link":"https:\/\/boutiqueclubceuta.es\/en\/author\/"},"uagb_comment_info":0,"uagb_excerpt":"Al celebrar su d\u00e9cimo aniversario, hemos adoptado la rica herencia de nuestro estilo m\u00e1s vendido y le hemos infundido tecnolog\u00eda y estilo de vanguardia. En pocas palabras, incorporamos innovaciones sostenibles y refinamos la forma para lograr una apariencia completamente nueva. La parte superior abierta con punta de ala est\u00e1 confeccionada en cuero y se asienta&hellip;","_links":{"self":[{"href":"https:\/\/boutiqueclubceuta.es\/en\/wp-json\/wp\/v2\/product\/1949"}],"collection":[{"href":"https:\/\/boutiqueclubceuta.es\/en\/wp-json\/wp\/v2\/product"}],"about":[{"href":"https:\/\/boutiqueclubceuta.es\/en\/wp-json\/wp\/v2\/types\/product"}],"wp:featuredmedia":[{"embeddable":true,"href":"https:\/\/boutiqueclubceuta.es\/en\/wp-json\/wp\/v2\/media\/1950"}],"wp:attachment":[{"href":"https:\/\/boutiqueclubceuta.es\/en\/wp-json\/wp\/v2\/media?parent=1949"}],"wp:term":[{"taxonomy":"product_cat","embeddable":true,"href":"https:\/\/boutiqueclubceuta.es\/en\/wp-json\/wp\/v2\/product_cat?post=1949"},{"taxonomy":"product_tag","embeddable":true,"href":"https:\/\/boutiqueclubceuta.es\/en\/wp-json\/wp\/v2\/product_tag?post=1949"}],"curies":[{"name":"wp","href":"https:\/\/api.w.org\/{rel}","templated":true}]}}