{"id":2005,"date":"2024-03-23T17:56:07","date_gmt":"2024-03-23T16:56:07","guid":{"rendered":"https:\/\/boutiqueclub.es\/?post_type=product&#038;p=2005"},"modified":"2024-03-23T17:56:07","modified_gmt":"2024-03-23T16:56:07","slug":"bomber-con-textura-de-papel-harmont-blaine","status":"publish","type":"product","link":"https:\/\/boutiqueclubceuta.es\/en\/product\/bomber-con-textura-de-papel-harmont-blaine\/","title":{"rendered":"Bomber con textura de papel. Harmont &#038; Blaine"},"content":{"rendered":"<h6>Bomber con textura de papel. Harmont &amp; Blaine<\/h6>","protected":false},"excerpt":{"rendered":"<p><span style=\"font-weight: 400;\">B\u00f3mber de algod\u00f3n para hombre con una textura especial efecto papel perfecta para llevar en los d\u00edas m\u00e1s frescos de entretiempo. Este modelo se centra en la funcionalidad con una cremallera delantera, pr\u00e1cticos bolsillos delanteros y un cuello con botones autom\u00e1ticos. El bajo y los pu\u00f1os de canal\u00e9 el\u00e1stico con borde a contraste, junto con el detalle de rayas en el interior del cuello y el ic\u00f3nico teckel bordado en el pecho, son los detalles que embellecen el dise\u00f1o.<\/span><\/p>","protected":false},"featured_media":2006,"template":"","meta":{"_uag_custom_page_level_css":"","site-sidebar-layout":"default","site-content-layout":"","ast-site-content-layout":"default","site-content-style":"default","site-sidebar-style":"default","ast-global-header-display":"","ast-banner-title-visibility":"","ast-main-header-display":"","ast-hfb-above-header-display":"","ast-hfb-below-header-display":"","ast-hfb-mobile-header-display":"","site-post-title":"","ast-breadcrumbs-content":"","ast-featured-img":"","footer-sml-layout":"","ast-disable-related-posts":"","theme-transparent-header-meta":"default","adv-header-id-meta":"","stick-header-meta":"","header-above-stick-meta":"","header-main-stick-meta":"","header-below-stick-meta":"","astra-migrate-meta-layouts":"set","ast-page-background-enabled":"default","ast-page-background-meta":{"desktop":{"background-color":"var(--ast-global-color-5)","background-image":"","background-repeat":"repeat","background-position":"center center","background-size":"auto","background-attachment":"scroll","background-type":"","background-media":"","overlay-type":"","overlay-color":"","overlay-opacity":"","overlay-gradient":""},"tablet":{"background-color":"","background-image":"","background-repeat":"repeat","background-position":"center center","background-size":"auto","background-attachment":"scroll","background-type":"","background-media":"","overlay-type":"","overlay-color":"","overlay-opacity":"","overlay-gradient":""},"mobile":{"background-color":"","background-image":"","background-repeat":"repeat","background-position":"center center","background-size":"auto","background-attachment":"scroll","background-type":"","background-media":"","overlay-type":"","overlay-color":"","overlay-opacity":"","overlay-gradient":""}},"ast-content-background-meta":{"desktop":{"background-color":"var(--ast-global-color-4)","background-image":"","background-repeat":"repeat","background-position":"center center","background-size":"auto","background-attachment":"scroll","background-type":"","background-media":"","overlay-type":"","overlay-color":"","overlay-opacity":"","overlay-gradient":""},"tablet":{"background-color":"var(--ast-global-color-4)","background-image":"","background-repeat":"repeat","background-position":"center center","background-size":"auto","background-attachment":"scroll","background-type":"","background-media":"","overlay-type":"","overlay-color":"","overlay-opacity":"","overlay-gradient":""},"mobile":{"background-color":"var(--ast-global-color-4)","background-image":"","background-repeat":"repeat","background-position":"center center","background-size":"auto","background-attachment":"scroll","background-type":"","background-media":"","overlay-type":"","overlay-color":"","overlay-opacity":"","overlay-gradient":""}}},"product_cat":[15,18],"product_tag":[38],"yoast_head":"<!-- This site is optimized with the Yoast SEO plugin v22.7 - https:\/\/yoast.com\/wordpress\/plugins\/seo\/ -->\n<title>Bomber con textura de papel. Harmont &amp; Blaine - Boutique Club Ceuta<\/title>\n<meta name=\"robots\" content=\"index, follow, max-snippet:-1, max-image-preview:large, max-video-preview:-1\" \/>\n<link rel=\"canonical\" href=\"https:\/\/boutiqueclubceuta.es\/en\/product\/bomber-con-textura-de-papel-harmont-blaine\/\" \/>\n<meta property=\"og:locale\" content=\"en_GB\" \/>\n<meta property=\"og:type\" content=\"article\" \/>\n<meta property=\"og:title\" content=\"Bomber con textura de papel. Harmont &amp; Blaine - Boutique Club Ceuta\" \/>\n<meta property=\"og:description\" content=\"B\u00f3mber de algod\u00f3n para hombre con una textura especial efecto papel perfecta para llevar en los d\u00edas m\u00e1s frescos de entretiempo. Este modelo se centra en la funcionalidad con una cremallera delantera, pr\u00e1cticos bolsillos delanteros y un cuello con botones autom\u00e1ticos. El bajo y los pu\u00f1os de canal\u00e9 el\u00e1stico con borde a contraste, junto con el detalle de rayas en el interior del cuello y el ic\u00f3nico teckel bordado en el pecho, son los detalles que embellecen el dise\u00f1o.\" \/>\n<meta property=\"og:url\" content=\"https:\/\/boutiqueclubceuta.es\/en\/product\/bomber-con-textura-de-papel-harmont-blaine\/\" \/>\n<meta property=\"og:site_name\" content=\"Boutique Club Ceuta\" \/>\n<meta property=\"og:image\" content=\"https:\/\/boutiqueclubceuta.es\/wp-content\/uploads\/2024\/03\/K0L1640402860_801_1.jpg\" \/>\n\t<meta property=\"og:image:width\" content=\"2000\" \/>\n\t<meta property=\"og:image:height\" content=\"2000\" \/>\n\t<meta property=\"og:image:type\" content=\"image\/jpeg\" \/>\n<meta name=\"twitter:card\" content=\"summary_large_image\" \/>\n<script type=\"application\/ld+json\" class=\"yoast-schema-graph\">{\"@context\":\"https:\/\/schema.org\",\"@graph\":[{\"@type\":\"WebPage\",\"@id\":\"https:\/\/boutiqueclubceuta.es\/producto\/bomber-con-textura-de-papel-harmont-blaine\/\",\"url\":\"https:\/\/boutiqueclubceuta.es\/producto\/bomber-con-textura-de-papel-harmont-blaine\/\",\"name\":\"Bomber con textura de papel. Harmont & Blaine - Boutique Club Ceuta\",\"isPartOf\":{\"@id\":\"https:\/\/boutiqueclubceuta.es\/#website\"},\"primaryImageOfPage\":{\"@id\":\"https:\/\/boutiqueclubceuta.es\/producto\/bomber-con-textura-de-papel-harmont-blaine\/#primaryimage\"},\"image\":{\"@id\":\"https:\/\/boutiqueclubceuta.es\/producto\/bomber-con-textura-de-papel-harmont-blaine\/#primaryimage\"},\"thumbnailUrl\":\"https:\/\/boutiqueclubceuta.es\/wp-content\/uploads\/2024\/03\/K0L1640402860_801_1.jpg\",\"datePublished\":\"2024-03-23T16:56:07+00:00\",\"dateModified\":\"2024-03-23T16:56:07+00:00\",\"breadcrumb\":{\"@id\":\"https:\/\/boutiqueclubceuta.es\/producto\/bomber-con-textura-de-papel-harmont-blaine\/#breadcrumb\"},\"inLanguage\":\"en-GB\",\"potentialAction\":[{\"@type\":\"ReadAction\",\"target\":[\"https:\/\/boutiqueclubceuta.es\/producto\/bomber-con-textura-de-papel-harmont-blaine\/\"]}]},{\"@type\":\"ImageObject\",\"inLanguage\":\"en-GB\",\"@id\":\"https:\/\/boutiqueclubceuta.es\/producto\/bomber-con-textura-de-papel-harmont-blaine\/#primaryimage\",\"url\":\"https:\/\/boutiqueclubceuta.es\/wp-content\/uploads\/2024\/03\/K0L1640402860_801_1.jpg\",\"contentUrl\":\"https:\/\/boutiqueclubceuta.es\/wp-content\/uploads\/2024\/03\/K0L1640402860_801_1.jpg\",\"width\":2000,\"height\":2000,\"caption\":\"Estilo y tendencias en Club. Club outlet\"},{\"@type\":\"BreadcrumbList\",\"@id\":\"https:\/\/boutiqueclubceuta.es\/producto\/bomber-con-textura-de-papel-harmont-blaine\/#breadcrumb\",\"itemListElement\":[{\"@type\":\"ListItem\",\"position\":1,\"name\":\"Portada\",\"item\":\"https:\/\/boutiqueclubceuta.es\/\"},{\"@type\":\"ListItem\",\"position\":2,\"name\":\"Boutique Club\",\"item\":\"https:\/\/boutiqueclubceuta.es\/boutique-club\/\"},{\"@type\":\"ListItem\",\"position\":3,\"name\":\"Bomber con textura de papel. Harmont &#038; Blaine\"}]},{\"@type\":\"WebSite\",\"@id\":\"https:\/\/boutiqueclubceuta.es\/#website\",\"url\":\"https:\/\/boutiqueclubceuta.es\/\",\"name\":\"Boutique Club Ceuta\",\"description\":\"Primeras firmas de moda, calzado y complementos en hombre, mujer y ni\u00f1o.\",\"publisher\":{\"@id\":\"https:\/\/boutiqueclubceuta.es\/#organization\"},\"potentialAction\":[{\"@type\":\"SearchAction\",\"target\":{\"@type\":\"EntryPoint\",\"urlTemplate\":\"https:\/\/boutiqueclubceuta.es\/?s={search_term_string}\"},\"query-input\":\"required name=search_term_string\"}],\"inLanguage\":\"en-GB\"},{\"@type\":\"Organization\",\"@id\":\"https:\/\/boutiqueclubceuta.es\/#organization\",\"name\":\"Boutique Club Ceuta\",\"url\":\"https:\/\/boutiqueclubceuta.es\/\",\"logo\":{\"@type\":\"ImageObject\",\"inLanguage\":\"en-GB\",\"@id\":\"https:\/\/boutiqueclubceuta.es\/#\/schema\/logo\/image\/\",\"url\":\"https:\/\/boutiqueclubceuta.es\/wp-content\/uploads\/2024\/03\/Logotipo_club.png\",\"contentUrl\":\"https:\/\/boutiqueclubceuta.es\/wp-content\/uploads\/2024\/03\/Logotipo_club.png\",\"width\":485,\"height\":485,\"caption\":\"Boutique Club Ceuta\"},\"image\":{\"@id\":\"https:\/\/boutiqueclubceuta.es\/#\/schema\/logo\/image\/\"}}]}<\/script>\n<!-- \/ Yoast SEO plugin. -->","yoast_head_json":{"title":"Bomber con textura de papel. Harmont & Blaine - Boutique Club Ceuta","robots":{"index":"index","follow":"follow","max-snippet":"max-snippet:-1","max-image-preview":"max-image-preview:large","max-video-preview":"max-video-preview:-1"},"canonical":"https:\/\/boutiqueclubceuta.es\/en\/product\/bomber-con-textura-de-papel-harmont-blaine\/","og_locale":"en_GB","og_type":"article","og_title":"Bomber con textura de papel. Harmont & Blaine - Boutique Club Ceuta","og_description":"B\u00f3mber de algod\u00f3n para hombre con una textura especial efecto papel perfecta para llevar en los d\u00edas m\u00e1s frescos de entretiempo. Este modelo se centra en la funcionalidad con una cremallera delantera, pr\u00e1cticos bolsillos delanteros y un cuello con botones autom\u00e1ticos. El bajo y los pu\u00f1os de canal\u00e9 el\u00e1stico con borde a contraste, junto con el detalle de rayas en el interior del cuello y el ic\u00f3nico teckel bordado en el pecho, son los detalles que embellecen el dise\u00f1o.","og_url":"https:\/\/boutiqueclubceuta.es\/en\/product\/bomber-con-textura-de-papel-harmont-blaine\/","og_site_name":"Boutique Club Ceuta","og_image":[{"width":2000,"height":2000,"url":"https:\/\/boutiqueclubceuta.es\/wp-content\/uploads\/2024\/03\/K0L1640402860_801_1.jpg","type":"image\/jpeg"}],"twitter_card":"summary_large_image","schema":{"@context":"https:\/\/schema.org","@graph":[{"@type":"WebPage","@id":"https:\/\/boutiqueclubceuta.es\/producto\/bomber-con-textura-de-papel-harmont-blaine\/","url":"https:\/\/boutiqueclubceuta.es\/producto\/bomber-con-textura-de-papel-harmont-blaine\/","name":"Bomber con textura de papel. Harmont & Blaine - Boutique Club Ceuta","isPartOf":{"@id":"https:\/\/boutiqueclubceuta.es\/#website"},"primaryImageOfPage":{"@id":"https:\/\/boutiqueclubceuta.es\/producto\/bomber-con-textura-de-papel-harmont-blaine\/#primaryimage"},"image":{"@id":"https:\/\/boutiqueclubceuta.es\/producto\/bomber-con-textura-de-papel-harmont-blaine\/#primaryimage"},"thumbnailUrl":"https:\/\/boutiqueclubceuta.es\/wp-content\/uploads\/2024\/03\/K0L1640402860_801_1.jpg","datePublished":"2024-03-23T16:56:07+00:00","dateModified":"2024-03-23T16:56:07+00:00","breadcrumb":{"@id":"https:\/\/boutiqueclubceuta.es\/producto\/bomber-con-textura-de-papel-harmont-blaine\/#breadcrumb"},"inLanguage":"en-GB","potentialAction":[{"@type":"ReadAction","target":["https:\/\/boutiqueclubceuta.es\/producto\/bomber-con-textura-de-papel-harmont-blaine\/"]}]},{"@type":"ImageObject","inLanguage":"en-GB","@id":"https:\/\/boutiqueclubceuta.es\/producto\/bomber-con-textura-de-papel-harmont-blaine\/#primaryimage","url":"https:\/\/boutiqueclubceuta.es\/wp-content\/uploads\/2024\/03\/K0L1640402860_801_1.jpg","contentUrl":"https:\/\/boutiqueclubceuta.es\/wp-content\/uploads\/2024\/03\/K0L1640402860_801_1.jpg","width":2000,"height":2000,"caption":"Estilo y tendencias en Club. Club outlet"},{"@type":"BreadcrumbList","@id":"https:\/\/boutiqueclubceuta.es\/producto\/bomber-con-textura-de-papel-harmont-blaine\/#breadcrumb","itemListElement":[{"@type":"ListItem","position":1,"name":"Portada","item":"https:\/\/boutiqueclubceuta.es\/"},{"@type":"ListItem","position":2,"name":"Boutique Club","item":"https:\/\/boutiqueclubceuta.es\/boutique-club\/"},{"@type":"ListItem","position":3,"name":"Bomber con textura de papel. Harmont &#038; Blaine"}]},{"@type":"WebSite","@id":"https:\/\/boutiqueclubceuta.es\/#website","url":"https:\/\/boutiqueclubceuta.es\/","name":"Boutique Club Ceuta","description":"Primeras firmas de moda, calzado y complementos en hombre, mujer y ni\u00f1o.","publisher":{"@id":"https:\/\/boutiqueclubceuta.es\/#organization"},"potentialAction":[{"@type":"SearchAction","target":{"@type":"EntryPoint","urlTemplate":"https:\/\/boutiqueclubceuta.es\/?s={search_term_string}"},"query-input":"required name=search_term_string"}],"inLanguage":"en-GB"},{"@type":"Organization","@id":"https:\/\/boutiqueclubceuta.es\/#organization","name":"Boutique Club Ceuta","url":"https:\/\/boutiqueclubceuta.es\/","logo":{"@type":"ImageObject","inLanguage":"en-GB","@id":"https:\/\/boutiqueclubceuta.es\/#\/schema\/logo\/image\/","url":"https:\/\/boutiqueclubceuta.es\/wp-content\/uploads\/2024\/03\/Logotipo_club.png","contentUrl":"https:\/\/boutiqueclubceuta.es\/wp-content\/uploads\/2024\/03\/Logotipo_club.png","width":485,"height":485,"caption":"Boutique Club Ceuta"},"image":{"@id":"https:\/\/boutiqueclubceuta.es\/#\/schema\/logo\/image\/"}}]}},"uagb_featured_image_src":{"full":["https:\/\/boutiqueclubceuta.es\/wp-content\/uploads\/2024\/03\/K0L1640402860_801_1.jpg",2000,2000,false],"thumbnail":["https:\/\/boutiqueclubceuta.es\/wp-content\/uploads\/2024\/03\/K0L1640402860_801_1.jpg",150,150,false],"medium":["https:\/\/boutiqueclubceuta.es\/wp-content\/uploads\/2024\/03\/K0L1640402860_801_1.jpg",300,300,false],"medium_large":["https:\/\/boutiqueclubceuta.es\/wp-content\/uploads\/2024\/03\/K0L1640402860_801_1.jpg",768,768,false],"large":["https:\/\/boutiqueclubceuta.es\/wp-content\/uploads\/2024\/03\/K0L1640402860_801_1.jpg",1024,1024,false],"1536x1536":["https:\/\/boutiqueclubceuta.es\/wp-content\/uploads\/2024\/03\/K0L1640402860_801_1.jpg",1536,1536,false],"2048x2048":["https:\/\/boutiqueclubceuta.es\/wp-content\/uploads\/2024\/03\/K0L1640402860_801_1.jpg",2000,2000,false],"trp-custom-language-flag":["https:\/\/boutiqueclubceuta.es\/wp-content\/uploads\/2024\/03\/K0L1640402860_801_1.jpg",12,12,false],"woocommerce_thumbnail":["https:\/\/boutiqueclubceuta.es\/wp-content\/uploads\/2024\/03\/K0L1640402860_801_1-400x400.jpg",400,400,true],"woocommerce_single":["https:\/\/boutiqueclubceuta.es\/wp-content\/uploads\/2024\/03\/K0L1640402860_801_1-600x600.jpg",600,600,true],"woocommerce_gallery_thumbnail":["https:\/\/boutiqueclubceuta.es\/wp-content\/uploads\/2024\/03\/K0L1640402860_801_1-100x100.jpg",100,100,true]},"uagb_author_info":{"display_name":"info","author_link":"https:\/\/boutiqueclubceuta.es\/en\/author\/"},"uagb_comment_info":0,"uagb_excerpt":"B\u00f3mber de algod\u00f3n para hombre con una textura especial efecto papel perfecta para llevar en los d\u00edas m\u00e1s frescos de entretiempo. Este modelo se centra en la funcionalidad con una cremallera delantera, pr\u00e1cticos bolsillos delanteros y un cuello con botones autom\u00e1ticos. El bajo y los pu\u00f1os de canal\u00e9 el\u00e1stico con borde a contraste, junto con&hellip;","_links":{"self":[{"href":"https:\/\/boutiqueclubceuta.es\/en\/wp-json\/wp\/v2\/product\/2005"}],"collection":[{"href":"https:\/\/boutiqueclubceuta.es\/en\/wp-json\/wp\/v2\/product"}],"about":[{"href":"https:\/\/boutiqueclubceuta.es\/en\/wp-json\/wp\/v2\/types\/product"}],"wp:featuredmedia":[{"embeddable":true,"href":"https:\/\/boutiqueclubceuta.es\/en\/wp-json\/wp\/v2\/media\/2006"}],"wp:attachment":[{"href":"https:\/\/boutiqueclubceuta.es\/en\/wp-json\/wp\/v2\/media?parent=2005"}],"wp:term":[{"taxonomy":"product_cat","embeddable":true,"href":"https:\/\/boutiqueclubceuta.es\/en\/wp-json\/wp\/v2\/product_cat?post=2005"},{"taxonomy":"product_tag","embeddable":true,"href":"https:\/\/boutiqueclubceuta.es\/en\/wp-json\/wp\/v2\/product_tag?post=2005"}],"curies":[{"name":"wp","href":"https:\/\/api.w.org\/{rel}","templated":true}]}}