{"id":2021,"date":"2024-03-24T17:15:06","date_gmt":"2024-03-24T16:15:06","guid":{"rendered":"https:\/\/boutiqueclub.es\/?post_type=product&#038;p=2021"},"modified":"2024-03-24T17:17:52","modified_gmt":"2024-03-24T16:17:52","slug":"camisa-polo-ralph-lauren","status":"publish","type":"product","link":"https:\/\/boutiqueclubceuta.es\/en\/product\/camisa-polo-ralph-lauren\/","title":{"rendered":"Camisa Polo Ralph Lauren"},"content":{"rendered":"<p><span style=\"font-weight: 400;\">\u00a0Camisa Custom Fit de lino.<\/span><span style=\"font-weight: 400;\">Todas las tallas son aproximadas.. Las tallas de las camisas de vestir para hombre se basan en la medici\u00f3n del cuello.<\/span><\/p>","protected":false},"excerpt":{"rendered":"<p><span style=\"font-weight: 400;\">Una opci\u00f3n elegante en d\u00edas c\u00e1lidos: esta camisa a\u00fana una silueta estrecha y lino ligero y transpirable.\u00a0<\/span><\/p>\n<p><strong>Tallas disponibles: M | L | XL | XXL<\/strong><\/p>\n<p>&nbsp;<\/p>","protected":false},"featured_media":2022,"template":"","meta":{"_uag_custom_page_level_css":"","site-sidebar-layout":"default","site-content-layout":"","ast-site-content-layout":"default","site-content-style":"default","site-sidebar-style":"default","ast-global-header-display":"","ast-banner-title-visibility":"","ast-main-header-display":"","ast-hfb-above-header-display":"","ast-hfb-below-header-display":"","ast-hfb-mobile-header-display":"","site-post-title":"","ast-breadcrumbs-content":"","ast-featured-img":"","footer-sml-layout":"","ast-disable-related-posts":"","theme-transparent-header-meta":"default","adv-header-id-meta":"","stick-header-meta":"","header-above-stick-meta":"","header-main-stick-meta":"","header-below-stick-meta":"","astra-migrate-meta-layouts":"set","ast-page-background-enabled":"default","ast-page-background-meta":{"desktop":{"background-color":"var(--ast-global-color-5)","background-image":"","background-repeat":"repeat","background-position":"center center","background-size":"auto","background-attachment":"scroll","background-type":"","background-media":"","overlay-type":"","overlay-color":"","overlay-opacity":"","overlay-gradient":""},"tablet":{"background-color":"","background-image":"","background-repeat":"repeat","background-position":"center center","background-size":"auto","background-attachment":"scroll","background-type":"","background-media":"","overlay-type":"","overlay-color":"","overlay-opacity":"","overlay-gradient":""},"mobile":{"background-color":"","background-image":"","background-repeat":"repeat","background-position":"center center","background-size":"auto","background-attachment":"scroll","background-type":"","background-media":"","overlay-type":"","overlay-color":"","overlay-opacity":"","overlay-gradient":""}},"ast-content-background-meta":{"desktop":{"background-color":"var(--ast-global-color-4)","background-image":"","background-repeat":"repeat","background-position":"center center","background-size":"auto","background-attachment":"scroll","background-type":"","background-media":"","overlay-type":"","overlay-color":"","overlay-opacity":"","overlay-gradient":""},"tablet":{"background-color":"var(--ast-global-color-4)","background-image":"","background-repeat":"repeat","background-position":"center center","background-size":"auto","background-attachment":"scroll","background-type":"","background-media":"","overlay-type":"","overlay-color":"","overlay-opacity":"","overlay-gradient":""},"mobile":{"background-color":"var(--ast-global-color-4)","background-image":"","background-repeat":"repeat","background-position":"center center","background-size":"auto","background-attachment":"scroll","background-type":"","background-media":"","overlay-type":"","overlay-color":"","overlay-opacity":"","overlay-gradient":""}}},"product_cat":[15,39],"product_tag":[41],"yoast_head":"<!-- This site is optimized with the Yoast SEO plugin v22.7 - https:\/\/yoast.com\/wordpress\/plugins\/seo\/ -->\n<title>Camisa Polo Ralph Lauren - Boutique Club Ceuta<\/title>\n<meta name=\"robots\" content=\"index, follow, max-snippet:-1, max-image-preview:large, max-video-preview:-1\" \/>\n<link rel=\"canonical\" href=\"https:\/\/boutiqueclubceuta.es\/en\/product\/camisa-polo-ralph-lauren\/\" \/>\n<meta property=\"og:locale\" content=\"en_GB\" \/>\n<meta property=\"og:type\" content=\"article\" \/>\n<meta property=\"og:title\" content=\"Camisa Polo Ralph Lauren - Boutique Club Ceuta\" \/>\n<meta property=\"og:description\" content=\"Una opci\u00f3n elegante en d\u00edas c\u00e1lidos: esta camisa a\u00fana una silueta estrecha y lino ligero y transpirable.\u00a0  Tallas disponibles: M | L | XL | XXL  &nbsp;\" \/>\n<meta property=\"og:url\" content=\"https:\/\/boutiqueclubceuta.es\/en\/product\/camisa-polo-ralph-lauren\/\" \/>\n<meta property=\"og:site_name\" content=\"Boutique Club Ceuta\" \/>\n<meta property=\"article:modified_time\" content=\"2024-03-24T16:17:52+00:00\" \/>\n<meta property=\"og:image\" content=\"https:\/\/boutiqueclubceuta.es\/wp-content\/uploads\/2024\/03\/s7-1473177_alternate10-e1711297067264.webp\" \/>\n\t<meta property=\"og:image:width\" content=\"429\" \/>\n\t<meta property=\"og:image:height\" content=\"449\" \/>\n\t<meta property=\"og:image:type\" content=\"image\/webp\" \/>\n<meta name=\"twitter:card\" content=\"summary_large_image\" \/>\n<script type=\"application\/ld+json\" class=\"yoast-schema-graph\">{\"@context\":\"https:\/\/schema.org\",\"@graph\":[{\"@type\":\"WebPage\",\"@id\":\"https:\/\/boutiqueclubceuta.es\/producto\/camisa-polo-ralph-lauren\/\",\"url\":\"https:\/\/boutiqueclubceuta.es\/producto\/camisa-polo-ralph-lauren\/\",\"name\":\"Camisa Polo Ralph Lauren - Boutique Club Ceuta\",\"isPartOf\":{\"@id\":\"https:\/\/boutiqueclubceuta.es\/#website\"},\"primaryImageOfPage\":{\"@id\":\"https:\/\/boutiqueclubceuta.es\/producto\/camisa-polo-ralph-lauren\/#primaryimage\"},\"image\":{\"@id\":\"https:\/\/boutiqueclubceuta.es\/producto\/camisa-polo-ralph-lauren\/#primaryimage\"},\"thumbnailUrl\":\"https:\/\/boutiqueclubceuta.es\/wp-content\/uploads\/2024\/03\/s7-1473177_alternate10-e1711297067264.webp\",\"datePublished\":\"2024-03-24T16:15:06+00:00\",\"dateModified\":\"2024-03-24T16:17:52+00:00\",\"breadcrumb\":{\"@id\":\"https:\/\/boutiqueclubceuta.es\/producto\/camisa-polo-ralph-lauren\/#breadcrumb\"},\"inLanguage\":\"en-GB\",\"potentialAction\":[{\"@type\":\"ReadAction\",\"target\":[\"https:\/\/boutiqueclubceuta.es\/producto\/camisa-polo-ralph-lauren\/\"]}]},{\"@type\":\"ImageObject\",\"inLanguage\":\"en-GB\",\"@id\":\"https:\/\/boutiqueclubceuta.es\/producto\/camisa-polo-ralph-lauren\/#primaryimage\",\"url\":\"https:\/\/boutiqueclubceuta.es\/wp-content\/uploads\/2024\/03\/s7-1473177_alternate10-e1711297067264.webp\",\"contentUrl\":\"https:\/\/boutiqueclubceuta.es\/wp-content\/uploads\/2024\/03\/s7-1473177_alternate10-e1711297067264.webp\",\"width\":429,\"height\":449},{\"@type\":\"BreadcrumbList\",\"@id\":\"https:\/\/boutiqueclubceuta.es\/producto\/camisa-polo-ralph-lauren\/#breadcrumb\",\"itemListElement\":[{\"@type\":\"ListItem\",\"position\":1,\"name\":\"Portada\",\"item\":\"https:\/\/boutiqueclubceuta.es\/\"},{\"@type\":\"ListItem\",\"position\":2,\"name\":\"Boutique Club\",\"item\":\"https:\/\/boutiqueclubceuta.es\/boutique-club\/\"},{\"@type\":\"ListItem\",\"position\":3,\"name\":\"Camisa Polo Ralph Lauren\"}]},{\"@type\":\"WebSite\",\"@id\":\"https:\/\/boutiqueclubceuta.es\/#website\",\"url\":\"https:\/\/boutiqueclubceuta.es\/\",\"name\":\"Boutique Club Ceuta\",\"description\":\"Primeras firmas de moda, calzado y complementos en hombre, mujer y ni\u00f1o.\",\"publisher\":{\"@id\":\"https:\/\/boutiqueclubceuta.es\/#organization\"},\"potentialAction\":[{\"@type\":\"SearchAction\",\"target\":{\"@type\":\"EntryPoint\",\"urlTemplate\":\"https:\/\/boutiqueclubceuta.es\/?s={search_term_string}\"},\"query-input\":\"required name=search_term_string\"}],\"inLanguage\":\"en-GB\"},{\"@type\":\"Organization\",\"@id\":\"https:\/\/boutiqueclubceuta.es\/#organization\",\"name\":\"Boutique Club Ceuta\",\"url\":\"https:\/\/boutiqueclubceuta.es\/\",\"logo\":{\"@type\":\"ImageObject\",\"inLanguage\":\"en-GB\",\"@id\":\"https:\/\/boutiqueclubceuta.es\/#\/schema\/logo\/image\/\",\"url\":\"https:\/\/boutiqueclubceuta.es\/wp-content\/uploads\/2024\/03\/Logotipo_club.png\",\"contentUrl\":\"https:\/\/boutiqueclubceuta.es\/wp-content\/uploads\/2024\/03\/Logotipo_club.png\",\"width\":485,\"height\":485,\"caption\":\"Boutique Club Ceuta\"},\"image\":{\"@id\":\"https:\/\/boutiqueclubceuta.es\/#\/schema\/logo\/image\/\"}}]}<\/script>\n<!-- \/ Yoast SEO plugin. -->","yoast_head_json":{"title":"Camisa Polo Ralph Lauren - Boutique Club Ceuta","robots":{"index":"index","follow":"follow","max-snippet":"max-snippet:-1","max-image-preview":"max-image-preview:large","max-video-preview":"max-video-preview:-1"},"canonical":"https:\/\/boutiqueclubceuta.es\/en\/product\/camisa-polo-ralph-lauren\/","og_locale":"en_GB","og_type":"article","og_title":"Camisa Polo Ralph Lauren - Boutique Club Ceuta","og_description":"Una opci\u00f3n elegante en d\u00edas c\u00e1lidos: esta camisa a\u00fana una silueta estrecha y lino ligero y transpirable.\u00a0  Tallas disponibles: M | L | XL | XXL  &nbsp;","og_url":"https:\/\/boutiqueclubceuta.es\/en\/product\/camisa-polo-ralph-lauren\/","og_site_name":"Boutique Club Ceuta","article_modified_time":"2024-03-24T16:17:52+00:00","og_image":[{"width":429,"height":449,"url":"https:\/\/boutiqueclubceuta.es\/wp-content\/uploads\/2024\/03\/s7-1473177_alternate10-e1711297067264.webp","type":"image\/webp"}],"twitter_card":"summary_large_image","schema":{"@context":"https:\/\/schema.org","@graph":[{"@type":"WebPage","@id":"https:\/\/boutiqueclubceuta.es\/producto\/camisa-polo-ralph-lauren\/","url":"https:\/\/boutiqueclubceuta.es\/producto\/camisa-polo-ralph-lauren\/","name":"Camisa Polo Ralph Lauren - Boutique Club Ceuta","isPartOf":{"@id":"https:\/\/boutiqueclubceuta.es\/#website"},"primaryImageOfPage":{"@id":"https:\/\/boutiqueclubceuta.es\/producto\/camisa-polo-ralph-lauren\/#primaryimage"},"image":{"@id":"https:\/\/boutiqueclubceuta.es\/producto\/camisa-polo-ralph-lauren\/#primaryimage"},"thumbnailUrl":"https:\/\/boutiqueclubceuta.es\/wp-content\/uploads\/2024\/03\/s7-1473177_alternate10-e1711297067264.webp","datePublished":"2024-03-24T16:15:06+00:00","dateModified":"2024-03-24T16:17:52+00:00","breadcrumb":{"@id":"https:\/\/boutiqueclubceuta.es\/producto\/camisa-polo-ralph-lauren\/#breadcrumb"},"inLanguage":"en-GB","potentialAction":[{"@type":"ReadAction","target":["https:\/\/boutiqueclubceuta.es\/producto\/camisa-polo-ralph-lauren\/"]}]},{"@type":"ImageObject","inLanguage":"en-GB","@id":"https:\/\/boutiqueclubceuta.es\/producto\/camisa-polo-ralph-lauren\/#primaryimage","url":"https:\/\/boutiqueclubceuta.es\/wp-content\/uploads\/2024\/03\/s7-1473177_alternate10-e1711297067264.webp","contentUrl":"https:\/\/boutiqueclubceuta.es\/wp-content\/uploads\/2024\/03\/s7-1473177_alternate10-e1711297067264.webp","width":429,"height":449},{"@type":"BreadcrumbList","@id":"https:\/\/boutiqueclubceuta.es\/producto\/camisa-polo-ralph-lauren\/#breadcrumb","itemListElement":[{"@type":"ListItem","position":1,"name":"Portada","item":"https:\/\/boutiqueclubceuta.es\/"},{"@type":"ListItem","position":2,"name":"Boutique Club","item":"https:\/\/boutiqueclubceuta.es\/boutique-club\/"},{"@type":"ListItem","position":3,"name":"Camisa Polo Ralph Lauren"}]},{"@type":"WebSite","@id":"https:\/\/boutiqueclubceuta.es\/#website","url":"https:\/\/boutiqueclubceuta.es\/","name":"Boutique Club Ceuta","description":"Primeras firmas de moda, calzado y complementos en hombre, mujer y ni\u00f1o.","publisher":{"@id":"https:\/\/boutiqueclubceuta.es\/#organization"},"potentialAction":[{"@type":"SearchAction","target":{"@type":"EntryPoint","urlTemplate":"https:\/\/boutiqueclubceuta.es\/?s={search_term_string}"},"query-input":"required name=search_term_string"}],"inLanguage":"en-GB"},{"@type":"Organization","@id":"https:\/\/boutiqueclubceuta.es\/#organization","name":"Boutique Club Ceuta","url":"https:\/\/boutiqueclubceuta.es\/","logo":{"@type":"ImageObject","inLanguage":"en-GB","@id":"https:\/\/boutiqueclubceuta.es\/#\/schema\/logo\/image\/","url":"https:\/\/boutiqueclubceuta.es\/wp-content\/uploads\/2024\/03\/Logotipo_club.png","contentUrl":"https:\/\/boutiqueclubceuta.es\/wp-content\/uploads\/2024\/03\/Logotipo_club.png","width":485,"height":485,"caption":"Boutique Club Ceuta"},"image":{"@id":"https:\/\/boutiqueclubceuta.es\/#\/schema\/logo\/image\/"}}]}},"uagb_featured_image_src":{"full":["https:\/\/boutiqueclubceuta.es\/wp-content\/uploads\/2024\/03\/s7-1473177_alternate10-e1711297067264.webp",429,449,false],"thumbnail":["https:\/\/boutiqueclubceuta.es\/wp-content\/uploads\/2024\/03\/s7-1473177_alternate10-e1711297067264.webp",143,150,false],"medium":["https:\/\/boutiqueclubceuta.es\/wp-content\/uploads\/2024\/03\/s7-1473177_alternate10-e1711297067264.webp",287,300,false],"medium_large":["https:\/\/boutiqueclubceuta.es\/wp-content\/uploads\/2024\/03\/s7-1473177_alternate10-e1711297067264.webp",429,449,false],"large":["https:\/\/boutiqueclubceuta.es\/wp-content\/uploads\/2024\/03\/s7-1473177_alternate10-e1711297067264.webp",429,449,false],"1536x1536":["https:\/\/boutiqueclubceuta.es\/wp-content\/uploads\/2024\/03\/s7-1473177_alternate10-e1711297067264.webp",429,449,false],"2048x2048":["https:\/\/boutiqueclubceuta.es\/wp-content\/uploads\/2024\/03\/s7-1473177_alternate10-e1711297067264.webp",429,449,false],"trp-custom-language-flag":["https:\/\/boutiqueclubceuta.es\/wp-content\/uploads\/2024\/03\/s7-1473177_alternate10-e1711297067264.webp",11,12,false],"woocommerce_thumbnail":["https:\/\/boutiqueclubceuta.es\/wp-content\/uploads\/2024\/03\/s7-1473177_alternate10-e1711297067264-400x400.webp",400,400,true],"woocommerce_single":["https:\/\/boutiqueclubceuta.es\/wp-content\/uploads\/2024\/03\/s7-1473177_alternate10-e1711297067264.webp",429,449,false],"woocommerce_gallery_thumbnail":["https:\/\/boutiqueclubceuta.es\/wp-content\/uploads\/2024\/03\/s7-1473177_alternate10-e1711297067264-100x100.webp",100,100,true]},"uagb_author_info":{"display_name":"info","author_link":"https:\/\/boutiqueclubceuta.es\/en\/author\/"},"uagb_comment_info":0,"uagb_excerpt":"Una opci\u00f3n elegante en d\u00edas c\u00e1lidos: esta camisa a\u00fana una silueta estrecha y lino ligero y transpirable.\u00a0 Tallas disponibles: M | L | XL | XXL &nbsp;","_links":{"self":[{"href":"https:\/\/boutiqueclubceuta.es\/en\/wp-json\/wp\/v2\/product\/2021"}],"collection":[{"href":"https:\/\/boutiqueclubceuta.es\/en\/wp-json\/wp\/v2\/product"}],"about":[{"href":"https:\/\/boutiqueclubceuta.es\/en\/wp-json\/wp\/v2\/types\/product"}],"wp:featuredmedia":[{"embeddable":true,"href":"https:\/\/boutiqueclubceuta.es\/en\/wp-json\/wp\/v2\/media\/2022"}],"wp:attachment":[{"href":"https:\/\/boutiqueclubceuta.es\/en\/wp-json\/wp\/v2\/media?parent=2021"}],"wp:term":[{"taxonomy":"product_cat","embeddable":true,"href":"https:\/\/boutiqueclubceuta.es\/en\/wp-json\/wp\/v2\/product_cat?post=2021"},{"taxonomy":"product_tag","embeddable":true,"href":"https:\/\/boutiqueclubceuta.es\/en\/wp-json\/wp\/v2\/product_tag?post=2021"}],"curies":[{"name":"wp","href":"https:\/\/api.w.org\/{rel}","templated":true}]}}