{"id":2051,"date":"2024-03-24T18:14:44","date_gmt":"2024-03-24T17:14:44","guid":{"rendered":"https:\/\/boutiqueclub.es\/?post_type=product&#038;p=2051"},"modified":"2024-03-24T18:44:03","modified_gmt":"2024-03-24T17:44:03","slug":"el-iconico-polo-de-pique","status":"publish","type":"product","link":"https:\/\/boutiqueclubceuta.es\/en\/product\/el-iconico-polo-de-pique\/","title":{"rendered":"El ic\u00f3nico polo de piqu\u00e9.Polo Ralph Lauren"},"content":{"rendered":"<h6><span style=\"font-weight: 400;\">El ic\u00f3nico polo de piqu\u00e9<\/span><\/h6>","protected":false},"excerpt":{"rendered":"<p><span style=\"font-weight: 400;\">Al polo, icono del estilo estadounidense desde 1972, le han surgido numerosos imitadores, pero ninguno ha conseguido igualarlo. A lo largo de estas d\u00e9cadas, Ralph Lauren ha reinterpretado esta prenda marca de la casa con una amplia gama de colores y cortes, pero siempre ha conservado la calidad y la atenci\u00f3n al detalle del ic\u00f3nico modelo original. Esta versi\u00f3n ajustada est\u00e1 confeccionada con nuestro piqu\u00e9 de algod\u00f3n altamente transpirable, que ofrece un look con textura y un tacto suave.<\/span><\/p>\n<p><strong>Tallas disponibles:|S|M|L XL|XXL|<\/strong><\/p>","protected":false},"featured_media":2052,"template":"","meta":{"_uag_custom_page_level_css":"","site-sidebar-layout":"default","site-content-layout":"","ast-site-content-layout":"default","site-content-style":"default","site-sidebar-style":"default","ast-global-header-display":"","ast-banner-title-visibility":"","ast-main-header-display":"","ast-hfb-above-header-display":"","ast-hfb-below-header-display":"","ast-hfb-mobile-header-display":"","site-post-title":"","ast-breadcrumbs-content":"","ast-featured-img":"","footer-sml-layout":"","ast-disable-related-posts":"","theme-transparent-header-meta":"default","adv-header-id-meta":"","stick-header-meta":"","header-above-stick-meta":"","header-main-stick-meta":"","header-below-stick-meta":"","astra-migrate-meta-layouts":"set","ast-page-background-enabled":"default","ast-page-background-meta":{"desktop":{"background-color":"var(--ast-global-color-5)","background-image":"","background-repeat":"repeat","background-position":"center center","background-size":"auto","background-attachment":"scroll","background-type":"","background-media":"","overlay-type":"","overlay-color":"","overlay-opacity":"","overlay-gradient":""},"tablet":{"background-color":"","background-image":"","background-repeat":"repeat","background-position":"center center","background-size":"auto","background-attachment":"scroll","background-type":"","background-media":"","overlay-type":"","overlay-color":"","overlay-opacity":"","overlay-gradient":""},"mobile":{"background-color":"","background-image":"","background-repeat":"repeat","background-position":"center center","background-size":"auto","background-attachment":"scroll","background-type":"","background-media":"","overlay-type":"","overlay-color":"","overlay-opacity":"","overlay-gradient":""}},"ast-content-background-meta":{"desktop":{"background-color":"var(--ast-global-color-4)","background-image":"","background-repeat":"repeat","background-position":"center center","background-size":"auto","background-attachment":"scroll","background-type":"","background-media":"","overlay-type":"","overlay-color":"","overlay-opacity":"","overlay-gradient":""},"tablet":{"background-color":"var(--ast-global-color-4)","background-image":"","background-repeat":"repeat","background-position":"center center","background-size":"auto","background-attachment":"scroll","background-type":"","background-media":"","overlay-type":"","overlay-color":"","overlay-opacity":"","overlay-gradient":""},"mobile":{"background-color":"var(--ast-global-color-4)","background-image":"","background-repeat":"repeat","background-position":"center center","background-size":"auto","background-attachment":"scroll","background-type":"","background-media":"","overlay-type":"","overlay-color":"","overlay-opacity":"","overlay-gradient":""}}},"product_cat":[15,19],"product_tag":[41],"yoast_head":"<!-- This site is optimized with the Yoast SEO plugin v22.7 - https:\/\/yoast.com\/wordpress\/plugins\/seo\/ -->\n<title>El ic\u00f3nico polo de piqu\u00e9.Polo Ralph Lauren - Boutique Club Ceuta<\/title>\n<meta name=\"robots\" content=\"index, follow, max-snippet:-1, max-image-preview:large, max-video-preview:-1\" \/>\n<link rel=\"canonical\" href=\"https:\/\/boutiqueclubceuta.es\/en\/product\/el-iconico-polo-de-pique\/\" \/>\n<meta property=\"og:locale\" content=\"en_GB\" \/>\n<meta property=\"og:type\" content=\"article\" \/>\n<meta property=\"og:title\" content=\"El ic\u00f3nico polo de piqu\u00e9.Polo Ralph Lauren - Boutique Club Ceuta\" \/>\n<meta property=\"og:description\" content=\"Al polo, icono del estilo estadounidense desde 1972, le han surgido numerosos imitadores, pero ninguno ha conseguido igualarlo. A lo largo de estas d\u00e9cadas, Ralph Lauren ha reinterpretado esta prenda marca de la casa con una amplia gama de colores y cortes, pero siempre ha conservado la calidad y la atenci\u00f3n al detalle del ic\u00f3nico modelo original. Esta versi\u00f3n ajustada est\u00e1 confeccionada con nuestro piqu\u00e9 de algod\u00f3n altamente transpirable, que ofrece un look con textura y un tacto suave.  Tallas disponibles:|S|M|L XL|XXL|\" \/>\n<meta property=\"og:url\" content=\"https:\/\/boutiqueclubceuta.es\/en\/product\/el-iconico-polo-de-pique\/\" \/>\n<meta property=\"og:site_name\" content=\"Boutique Club Ceuta\" \/>\n<meta property=\"article:modified_time\" content=\"2024-03-24T17:44:03+00:00\" \/>\n<meta property=\"og:image\" content=\"https:\/\/boutiqueclubceuta.es\/wp-content\/uploads\/2024\/03\/s7-1348091_alternate10-e1711300526239.webp\" \/>\n\t<meta property=\"og:image:width\" content=\"429\" \/>\n\t<meta property=\"og:image:height\" content=\"459\" \/>\n\t<meta property=\"og:image:type\" content=\"image\/webp\" \/>\n<meta name=\"twitter:card\" content=\"summary_large_image\" \/>\n<script type=\"application\/ld+json\" class=\"yoast-schema-graph\">{\"@context\":\"https:\/\/schema.org\",\"@graph\":[{\"@type\":\"WebPage\",\"@id\":\"https:\/\/boutiqueclubceuta.es\/producto\/el-iconico-polo-de-pique\/\",\"url\":\"https:\/\/boutiqueclubceuta.es\/producto\/el-iconico-polo-de-pique\/\",\"name\":\"El ic\u00f3nico polo de piqu\u00e9.Polo Ralph Lauren - Boutique Club Ceuta\",\"isPartOf\":{\"@id\":\"https:\/\/boutiqueclubceuta.es\/#website\"},\"primaryImageOfPage\":{\"@id\":\"https:\/\/boutiqueclubceuta.es\/producto\/el-iconico-polo-de-pique\/#primaryimage\"},\"image\":{\"@id\":\"https:\/\/boutiqueclubceuta.es\/producto\/el-iconico-polo-de-pique\/#primaryimage\"},\"thumbnailUrl\":\"https:\/\/boutiqueclubceuta.es\/wp-content\/uploads\/2024\/03\/s7-1348091_alternate10-e1711300526239.webp\",\"datePublished\":\"2024-03-24T17:14:44+00:00\",\"dateModified\":\"2024-03-24T17:44:03+00:00\",\"breadcrumb\":{\"@id\":\"https:\/\/boutiqueclubceuta.es\/producto\/el-iconico-polo-de-pique\/#breadcrumb\"},\"inLanguage\":\"en-GB\",\"potentialAction\":[{\"@type\":\"ReadAction\",\"target\":[\"https:\/\/boutiqueclubceuta.es\/producto\/el-iconico-polo-de-pique\/\"]}]},{\"@type\":\"ImageObject\",\"inLanguage\":\"en-GB\",\"@id\":\"https:\/\/boutiqueclubceuta.es\/producto\/el-iconico-polo-de-pique\/#primaryimage\",\"url\":\"https:\/\/boutiqueclubceuta.es\/wp-content\/uploads\/2024\/03\/s7-1348091_alternate10-e1711300526239.webp\",\"contentUrl\":\"https:\/\/boutiqueclubceuta.es\/wp-content\/uploads\/2024\/03\/s7-1348091_alternate10-e1711300526239.webp\",\"width\":429,\"height\":459},{\"@type\":\"BreadcrumbList\",\"@id\":\"https:\/\/boutiqueclubceuta.es\/producto\/el-iconico-polo-de-pique\/#breadcrumb\",\"itemListElement\":[{\"@type\":\"ListItem\",\"position\":1,\"name\":\"Portada\",\"item\":\"https:\/\/boutiqueclubceuta.es\/\"},{\"@type\":\"ListItem\",\"position\":2,\"name\":\"Boutique Club\",\"item\":\"https:\/\/boutiqueclubceuta.es\/boutique-club\/\"},{\"@type\":\"ListItem\",\"position\":3,\"name\":\"El ic\u00f3nico polo de piqu\u00e9.Polo Ralph Lauren\"}]},{\"@type\":\"WebSite\",\"@id\":\"https:\/\/boutiqueclubceuta.es\/#website\",\"url\":\"https:\/\/boutiqueclubceuta.es\/\",\"name\":\"Boutique Club Ceuta\",\"description\":\"Primeras firmas de moda, calzado y complementos en hombre, mujer y ni\u00f1o.\",\"publisher\":{\"@id\":\"https:\/\/boutiqueclubceuta.es\/#organization\"},\"potentialAction\":[{\"@type\":\"SearchAction\",\"target\":{\"@type\":\"EntryPoint\",\"urlTemplate\":\"https:\/\/boutiqueclubceuta.es\/?s={search_term_string}\"},\"query-input\":\"required name=search_term_string\"}],\"inLanguage\":\"en-GB\"},{\"@type\":\"Organization\",\"@id\":\"https:\/\/boutiqueclubceuta.es\/#organization\",\"name\":\"Boutique Club Ceuta\",\"url\":\"https:\/\/boutiqueclubceuta.es\/\",\"logo\":{\"@type\":\"ImageObject\",\"inLanguage\":\"en-GB\",\"@id\":\"https:\/\/boutiqueclubceuta.es\/#\/schema\/logo\/image\/\",\"url\":\"https:\/\/boutiqueclubceuta.es\/wp-content\/uploads\/2024\/03\/Logotipo_club.png\",\"contentUrl\":\"https:\/\/boutiqueclubceuta.es\/wp-content\/uploads\/2024\/03\/Logotipo_club.png\",\"width\":485,\"height\":485,\"caption\":\"Boutique Club Ceuta\"},\"image\":{\"@id\":\"https:\/\/boutiqueclubceuta.es\/#\/schema\/logo\/image\/\"}}]}<\/script>\n<!-- \/ Yoast SEO plugin. -->","yoast_head_json":{"title":"El ic\u00f3nico polo de piqu\u00e9.Polo Ralph Lauren - Boutique Club Ceuta","robots":{"index":"index","follow":"follow","max-snippet":"max-snippet:-1","max-image-preview":"max-image-preview:large","max-video-preview":"max-video-preview:-1"},"canonical":"https:\/\/boutiqueclubceuta.es\/en\/product\/el-iconico-polo-de-pique\/","og_locale":"en_GB","og_type":"article","og_title":"El ic\u00f3nico polo de piqu\u00e9.Polo Ralph Lauren - Boutique Club Ceuta","og_description":"Al polo, icono del estilo estadounidense desde 1972, le han surgido numerosos imitadores, pero ninguno ha conseguido igualarlo. A lo largo de estas d\u00e9cadas, Ralph Lauren ha reinterpretado esta prenda marca de la casa con una amplia gama de colores y cortes, pero siempre ha conservado la calidad y la atenci\u00f3n al detalle del ic\u00f3nico modelo original. Esta versi\u00f3n ajustada est\u00e1 confeccionada con nuestro piqu\u00e9 de algod\u00f3n altamente transpirable, que ofrece un look con textura y un tacto suave.  Tallas disponibles:|S|M|L XL|XXL|","og_url":"https:\/\/boutiqueclubceuta.es\/en\/product\/el-iconico-polo-de-pique\/","og_site_name":"Boutique Club Ceuta","article_modified_time":"2024-03-24T17:44:03+00:00","og_image":[{"width":429,"height":459,"url":"https:\/\/boutiqueclubceuta.es\/wp-content\/uploads\/2024\/03\/s7-1348091_alternate10-e1711300526239.webp","type":"image\/webp"}],"twitter_card":"summary_large_image","schema":{"@context":"https:\/\/schema.org","@graph":[{"@type":"WebPage","@id":"https:\/\/boutiqueclubceuta.es\/producto\/el-iconico-polo-de-pique\/","url":"https:\/\/boutiqueclubceuta.es\/producto\/el-iconico-polo-de-pique\/","name":"El ic\u00f3nico polo de piqu\u00e9.Polo Ralph Lauren - Boutique Club Ceuta","isPartOf":{"@id":"https:\/\/boutiqueclubceuta.es\/#website"},"primaryImageOfPage":{"@id":"https:\/\/boutiqueclubceuta.es\/producto\/el-iconico-polo-de-pique\/#primaryimage"},"image":{"@id":"https:\/\/boutiqueclubceuta.es\/producto\/el-iconico-polo-de-pique\/#primaryimage"},"thumbnailUrl":"https:\/\/boutiqueclubceuta.es\/wp-content\/uploads\/2024\/03\/s7-1348091_alternate10-e1711300526239.webp","datePublished":"2024-03-24T17:14:44+00:00","dateModified":"2024-03-24T17:44:03+00:00","breadcrumb":{"@id":"https:\/\/boutiqueclubceuta.es\/producto\/el-iconico-polo-de-pique\/#breadcrumb"},"inLanguage":"en-GB","potentialAction":[{"@type":"ReadAction","target":["https:\/\/boutiqueclubceuta.es\/producto\/el-iconico-polo-de-pique\/"]}]},{"@type":"ImageObject","inLanguage":"en-GB","@id":"https:\/\/boutiqueclubceuta.es\/producto\/el-iconico-polo-de-pique\/#primaryimage","url":"https:\/\/boutiqueclubceuta.es\/wp-content\/uploads\/2024\/03\/s7-1348091_alternate10-e1711300526239.webp","contentUrl":"https:\/\/boutiqueclubceuta.es\/wp-content\/uploads\/2024\/03\/s7-1348091_alternate10-e1711300526239.webp","width":429,"height":459},{"@type":"BreadcrumbList","@id":"https:\/\/boutiqueclubceuta.es\/producto\/el-iconico-polo-de-pique\/#breadcrumb","itemListElement":[{"@type":"ListItem","position":1,"name":"Portada","item":"https:\/\/boutiqueclubceuta.es\/"},{"@type":"ListItem","position":2,"name":"Boutique Club","item":"https:\/\/boutiqueclubceuta.es\/boutique-club\/"},{"@type":"ListItem","position":3,"name":"El ic\u00f3nico polo de piqu\u00e9.Polo Ralph Lauren"}]},{"@type":"WebSite","@id":"https:\/\/boutiqueclubceuta.es\/#website","url":"https:\/\/boutiqueclubceuta.es\/","name":"Boutique Club Ceuta","description":"Primeras firmas de moda, calzado y complementos en hombre, mujer y ni\u00f1o.","publisher":{"@id":"https:\/\/boutiqueclubceuta.es\/#organization"},"potentialAction":[{"@type":"SearchAction","target":{"@type":"EntryPoint","urlTemplate":"https:\/\/boutiqueclubceuta.es\/?s={search_term_string}"},"query-input":"required name=search_term_string"}],"inLanguage":"en-GB"},{"@type":"Organization","@id":"https:\/\/boutiqueclubceuta.es\/#organization","name":"Boutique Club Ceuta","url":"https:\/\/boutiqueclubceuta.es\/","logo":{"@type":"ImageObject","inLanguage":"en-GB","@id":"https:\/\/boutiqueclubceuta.es\/#\/schema\/logo\/image\/","url":"https:\/\/boutiqueclubceuta.es\/wp-content\/uploads\/2024\/03\/Logotipo_club.png","contentUrl":"https:\/\/boutiqueclubceuta.es\/wp-content\/uploads\/2024\/03\/Logotipo_club.png","width":485,"height":485,"caption":"Boutique Club Ceuta"},"image":{"@id":"https:\/\/boutiqueclubceuta.es\/#\/schema\/logo\/image\/"}}]}},"uagb_featured_image_src":{"full":["https:\/\/boutiqueclubceuta.es\/wp-content\/uploads\/2024\/03\/s7-1348091_alternate10-e1711300526239.webp",429,459,false],"thumbnail":["https:\/\/boutiqueclubceuta.es\/wp-content\/uploads\/2024\/03\/s7-1348091_alternate10-e1711300526239.webp",140,150,false],"medium":["https:\/\/boutiqueclubceuta.es\/wp-content\/uploads\/2024\/03\/s7-1348091_alternate10-e1711300526239.webp",280,300,false],"medium_large":["https:\/\/boutiqueclubceuta.es\/wp-content\/uploads\/2024\/03\/s7-1348091_alternate10-e1711300526239.webp",429,459,false],"large":["https:\/\/boutiqueclubceuta.es\/wp-content\/uploads\/2024\/03\/s7-1348091_alternate10-e1711300526239.webp",429,459,false],"1536x1536":["https:\/\/boutiqueclubceuta.es\/wp-content\/uploads\/2024\/03\/s7-1348091_alternate10-e1711300526239.webp",429,459,false],"2048x2048":["https:\/\/boutiqueclubceuta.es\/wp-content\/uploads\/2024\/03\/s7-1348091_alternate10-e1711300526239.webp",429,459,false],"trp-custom-language-flag":["https:\/\/boutiqueclubceuta.es\/wp-content\/uploads\/2024\/03\/s7-1348091_alternate10-e1711300526239.webp",11,12,false],"woocommerce_thumbnail":["https:\/\/boutiqueclubceuta.es\/wp-content\/uploads\/2024\/03\/s7-1348091_alternate10-e1711300526239-400x400.webp",400,400,true],"woocommerce_single":["https:\/\/boutiqueclubceuta.es\/wp-content\/uploads\/2024\/03\/s7-1348091_alternate10-e1711300526239.webp",429,459,false],"woocommerce_gallery_thumbnail":["https:\/\/boutiqueclubceuta.es\/wp-content\/uploads\/2024\/03\/s7-1348091_alternate10-e1711300526239-100x100.webp",100,100,true]},"uagb_author_info":{"display_name":"info","author_link":"https:\/\/boutiqueclubceuta.es\/en\/author\/"},"uagb_comment_info":0,"uagb_excerpt":"Al polo, icono del estilo estadounidense desde 1972, le han surgido numerosos imitadores, pero ninguno ha conseguido igualarlo. A lo largo de estas d\u00e9cadas, Ralph Lauren ha reinterpretado esta prenda marca de la casa con una amplia gama de colores y cortes, pero siempre ha conservado la calidad y la atenci\u00f3n al detalle del ic\u00f3nico&hellip;","_links":{"self":[{"href":"https:\/\/boutiqueclubceuta.es\/en\/wp-json\/wp\/v2\/product\/2051"}],"collection":[{"href":"https:\/\/boutiqueclubceuta.es\/en\/wp-json\/wp\/v2\/product"}],"about":[{"href":"https:\/\/boutiqueclubceuta.es\/en\/wp-json\/wp\/v2\/types\/product"}],"wp:featuredmedia":[{"embeddable":true,"href":"https:\/\/boutiqueclubceuta.es\/en\/wp-json\/wp\/v2\/media\/2052"}],"wp:attachment":[{"href":"https:\/\/boutiqueclubceuta.es\/en\/wp-json\/wp\/v2\/media?parent=2051"}],"wp:term":[{"taxonomy":"product_cat","embeddable":true,"href":"https:\/\/boutiqueclubceuta.es\/en\/wp-json\/wp\/v2\/product_cat?post=2051"},{"taxonomy":"product_tag","embeddable":true,"href":"https:\/\/boutiqueclubceuta.es\/en\/wp-json\/wp\/v2\/product_tag?post=2051"}],"curies":[{"name":"wp","href":"https:\/\/api.w.org\/{rel}","templated":true}]}}