{"id":2116,"date":"2024-03-25T15:54:10","date_gmt":"2024-03-25T14:54:10","guid":{"rendered":"https:\/\/boutiqueclub.es\/?post_type=product&#038;p=2116"},"modified":"2024-03-25T15:54:50","modified_gmt":"2024-03-25T14:54:50","slug":"campo-chromefree-leather-white-natural","status":"publish","type":"product","link":"https:\/\/boutiqueclubceuta.es\/en\/product\/campo-chromefree-leather-white-natural\/","title":{"rendered":"CAMPO CHROMEFREE LEATHER WHITE NATURAL"},"content":{"rendered":"<h6><span style=\"font-weight: 400;\">CAMPO CHROMEFREE LEATHER WHITE NATURAL<\/span><\/h6>","protected":false},"excerpt":{"rendered":"<p><span style=\"font-weight: 400;\">\u00a0El cuero bovino ChromeFree es suave y ligero. Procedente de granjas situadas en el sur de Brasil (Rio Grande do Sul), se somete a un innovador proceso de curtido en el que no interviene el cromo, los metales pesados ni los \u00e1cidos peligrosos. Simplificando el proceso de curtido, se limita el uso de productos qu\u00edmicos y de energ\u00eda, se reduce el uso de agua en un 40% aproximadamente y el uso de sal en un 80%. Despu\u00e9s del curtido, el agua es reciclable.<\/span><\/p>\n<p><strong>TALLAS:40,41,42,43,44 Y 45.<\/strong><\/p>","protected":false},"featured_media":2118,"template":"","meta":{"_uag_custom_page_level_css":"","site-sidebar-layout":"default","site-content-layout":"","ast-site-content-layout":"default","site-content-style":"default","site-sidebar-style":"default","ast-global-header-display":"","ast-banner-title-visibility":"","ast-main-header-display":"","ast-hfb-above-header-display":"","ast-hfb-below-header-display":"","ast-hfb-mobile-header-display":"","site-post-title":"","ast-breadcrumbs-content":"","ast-featured-img":"","footer-sml-layout":"","ast-disable-related-posts":"","theme-transparent-header-meta":"default","adv-header-id-meta":"","stick-header-meta":"","header-above-stick-meta":"","header-main-stick-meta":"","header-below-stick-meta":"","astra-migrate-meta-layouts":"set","ast-page-background-enabled":"default","ast-page-background-meta":{"desktop":{"background-color":"var(--ast-global-color-5)","background-image":"","background-repeat":"repeat","background-position":"center center","background-size":"auto","background-attachment":"scroll","background-type":"","background-media":"","overlay-type":"","overlay-color":"","overlay-opacity":"","overlay-gradient":""},"tablet":{"background-color":"","background-image":"","background-repeat":"repeat","background-position":"center center","background-size":"auto","background-attachment":"scroll","background-type":"","background-media":"","overlay-type":"","overlay-color":"","overlay-opacity":"","overlay-gradient":""},"mobile":{"background-color":"","background-image":"","background-repeat":"repeat","background-position":"center center","background-size":"auto","background-attachment":"scroll","background-type":"","background-media":"","overlay-type":"","overlay-color":"","overlay-opacity":"","overlay-gradient":""}},"ast-content-background-meta":{"desktop":{"background-color":"var(--ast-global-color-4)","background-image":"","background-repeat":"repeat","background-position":"center center","background-size":"auto","background-attachment":"scroll","background-type":"","background-media":"","overlay-type":"","overlay-color":"","overlay-opacity":"","overlay-gradient":""},"tablet":{"background-color":"var(--ast-global-color-4)","background-image":"","background-repeat":"repeat","background-position":"center center","background-size":"auto","background-attachment":"scroll","background-type":"","background-media":"","overlay-type":"","overlay-color":"","overlay-opacity":"","overlay-gradient":""},"mobile":{"background-color":"var(--ast-global-color-4)","background-image":"","background-repeat":"repeat","background-position":"center center","background-size":"auto","background-attachment":"scroll","background-type":"","background-media":"","overlay-type":"","overlay-color":"","overlay-opacity":"","overlay-gradient":""}}},"product_cat":[15,26],"product_tag":[49],"yoast_head":"<!-- This site is optimized with the Yoast SEO plugin v22.7 - https:\/\/yoast.com\/wordpress\/plugins\/seo\/ -->\n<title>CAMPO CHROMEFREE LEATHER WHITE NATURAL - Boutique Club Ceuta<\/title>\n<meta name=\"robots\" content=\"index, follow, max-snippet:-1, max-image-preview:large, max-video-preview:-1\" \/>\n<link rel=\"canonical\" href=\"https:\/\/boutiqueclubceuta.es\/en\/product\/campo-chromefree-leather-white-natural\/\" \/>\n<meta property=\"og:locale\" content=\"en_GB\" \/>\n<meta property=\"og:type\" content=\"article\" \/>\n<meta property=\"og:title\" content=\"CAMPO CHROMEFREE LEATHER WHITE NATURAL - Boutique Club Ceuta\" \/>\n<meta property=\"og:description\" content=\"\u00a0El cuero bovino ChromeFree es suave y ligero. Procedente de granjas situadas en el sur de Brasil (Rio Grande do Sul), se somete a un innovador proceso de curtido en el que no interviene el cromo, los metales pesados ni los \u00e1cidos peligrosos. Simplificando el proceso de curtido, se limita el uso de productos qu\u00edmicos y de energ\u00eda, se reduce el uso de agua en un 40% aproximadamente y el uso de sal en un 80%. Despu\u00e9s del curtido, el agua es reciclable.  TALLAS:40,41,42,43,44 Y 45.\" \/>\n<meta property=\"og:url\" content=\"https:\/\/boutiqueclubceuta.es\/en\/product\/campo-chromefree-leather-white-natural\/\" \/>\n<meta property=\"og:site_name\" content=\"Boutique Club Ceuta\" \/>\n<meta property=\"article:modified_time\" content=\"2024-03-25T14:54:50+00:00\" \/>\n<meta property=\"og:image\" content=\"https:\/\/boutiqueclubceuta.es\/wp-content\/uploads\/2024\/03\/cp0502429a__2.jpg\" \/>\n\t<meta property=\"og:image:width\" content=\"1045\" \/>\n\t<meta property=\"og:image:height\" content=\"1200\" \/>\n\t<meta property=\"og:image:type\" content=\"image\/jpeg\" \/>\n<meta name=\"twitter:card\" content=\"summary_large_image\" \/>\n<script type=\"application\/ld+json\" class=\"yoast-schema-graph\">{\"@context\":\"https:\/\/schema.org\",\"@graph\":[{\"@type\":\"WebPage\",\"@id\":\"https:\/\/boutiqueclubceuta.es\/producto\/campo-chromefree-leather-white-natural\/\",\"url\":\"https:\/\/boutiqueclubceuta.es\/producto\/campo-chromefree-leather-white-natural\/\",\"name\":\"CAMPO CHROMEFREE LEATHER WHITE NATURAL - Boutique Club Ceuta\",\"isPartOf\":{\"@id\":\"https:\/\/boutiqueclubceuta.es\/#website\"},\"primaryImageOfPage\":{\"@id\":\"https:\/\/boutiqueclubceuta.es\/producto\/campo-chromefree-leather-white-natural\/#primaryimage\"},\"image\":{\"@id\":\"https:\/\/boutiqueclubceuta.es\/producto\/campo-chromefree-leather-white-natural\/#primaryimage\"},\"thumbnailUrl\":\"https:\/\/boutiqueclubceuta.es\/wp-content\/uploads\/2024\/03\/cp0502429a__2.jpg\",\"datePublished\":\"2024-03-25T14:54:10+00:00\",\"dateModified\":\"2024-03-25T14:54:50+00:00\",\"breadcrumb\":{\"@id\":\"https:\/\/boutiqueclubceuta.es\/producto\/campo-chromefree-leather-white-natural\/#breadcrumb\"},\"inLanguage\":\"en-GB\",\"potentialAction\":[{\"@type\":\"ReadAction\",\"target\":[\"https:\/\/boutiqueclubceuta.es\/producto\/campo-chromefree-leather-white-natural\/\"]}]},{\"@type\":\"ImageObject\",\"inLanguage\":\"en-GB\",\"@id\":\"https:\/\/boutiqueclubceuta.es\/producto\/campo-chromefree-leather-white-natural\/#primaryimage\",\"url\":\"https:\/\/boutiqueclubceuta.es\/wp-content\/uploads\/2024\/03\/cp0502429a__2.jpg\",\"contentUrl\":\"https:\/\/boutiqueclubceuta.es\/wp-content\/uploads\/2024\/03\/cp0502429a__2.jpg\",\"width\":1045,\"height\":1200},{\"@type\":\"BreadcrumbList\",\"@id\":\"https:\/\/boutiqueclubceuta.es\/producto\/campo-chromefree-leather-white-natural\/#breadcrumb\",\"itemListElement\":[{\"@type\":\"ListItem\",\"position\":1,\"name\":\"Portada\",\"item\":\"https:\/\/boutiqueclubceuta.es\/\"},{\"@type\":\"ListItem\",\"position\":2,\"name\":\"Boutique Club\",\"item\":\"https:\/\/boutiqueclubceuta.es\/boutique-club\/\"},{\"@type\":\"ListItem\",\"position\":3,\"name\":\"CAMPO CHROMEFREE LEATHER WHITE NATURAL\"}]},{\"@type\":\"WebSite\",\"@id\":\"https:\/\/boutiqueclubceuta.es\/#website\",\"url\":\"https:\/\/boutiqueclubceuta.es\/\",\"name\":\"Boutique Club Ceuta\",\"description\":\"Primeras firmas de moda, calzado y complementos en hombre, mujer y ni\u00f1o.\",\"publisher\":{\"@id\":\"https:\/\/boutiqueclubceuta.es\/#organization\"},\"potentialAction\":[{\"@type\":\"SearchAction\",\"target\":{\"@type\":\"EntryPoint\",\"urlTemplate\":\"https:\/\/boutiqueclubceuta.es\/?s={search_term_string}\"},\"query-input\":\"required name=search_term_string\"}],\"inLanguage\":\"en-GB\"},{\"@type\":\"Organization\",\"@id\":\"https:\/\/boutiqueclubceuta.es\/#organization\",\"name\":\"Boutique Club Ceuta\",\"url\":\"https:\/\/boutiqueclubceuta.es\/\",\"logo\":{\"@type\":\"ImageObject\",\"inLanguage\":\"en-GB\",\"@id\":\"https:\/\/boutiqueclubceuta.es\/#\/schema\/logo\/image\/\",\"url\":\"https:\/\/boutiqueclubceuta.es\/wp-content\/uploads\/2024\/03\/Logotipo_club.png\",\"contentUrl\":\"https:\/\/boutiqueclubceuta.es\/wp-content\/uploads\/2024\/03\/Logotipo_club.png\",\"width\":485,\"height\":485,\"caption\":\"Boutique Club Ceuta\"},\"image\":{\"@id\":\"https:\/\/boutiqueclubceuta.es\/#\/schema\/logo\/image\/\"}}]}<\/script>\n<!-- \/ Yoast SEO plugin. -->","yoast_head_json":{"title":"CAMPO CHROMEFREE LEATHER WHITE NATURAL - Boutique Club Ceuta","robots":{"index":"index","follow":"follow","max-snippet":"max-snippet:-1","max-image-preview":"max-image-preview:large","max-video-preview":"max-video-preview:-1"},"canonical":"https:\/\/boutiqueclubceuta.es\/en\/product\/campo-chromefree-leather-white-natural\/","og_locale":"en_GB","og_type":"article","og_title":"CAMPO CHROMEFREE LEATHER WHITE NATURAL - Boutique Club Ceuta","og_description":"\u00a0El cuero bovino ChromeFree es suave y ligero. Procedente de granjas situadas en el sur de Brasil (Rio Grande do Sul), se somete a un innovador proceso de curtido en el que no interviene el cromo, los metales pesados ni los \u00e1cidos peligrosos. Simplificando el proceso de curtido, se limita el uso de productos qu\u00edmicos y de energ\u00eda, se reduce el uso de agua en un 40% aproximadamente y el uso de sal en un 80%. Despu\u00e9s del curtido, el agua es reciclable.  TALLAS:40,41,42,43,44 Y 45.","og_url":"https:\/\/boutiqueclubceuta.es\/en\/product\/campo-chromefree-leather-white-natural\/","og_site_name":"Boutique Club Ceuta","article_modified_time":"2024-03-25T14:54:50+00:00","og_image":[{"width":1045,"height":1200,"url":"https:\/\/boutiqueclubceuta.es\/wp-content\/uploads\/2024\/03\/cp0502429a__2.jpg","type":"image\/jpeg"}],"twitter_card":"summary_large_image","schema":{"@context":"https:\/\/schema.org","@graph":[{"@type":"WebPage","@id":"https:\/\/boutiqueclubceuta.es\/producto\/campo-chromefree-leather-white-natural\/","url":"https:\/\/boutiqueclubceuta.es\/producto\/campo-chromefree-leather-white-natural\/","name":"CAMPO CHROMEFREE LEATHER WHITE NATURAL - Boutique Club Ceuta","isPartOf":{"@id":"https:\/\/boutiqueclubceuta.es\/#website"},"primaryImageOfPage":{"@id":"https:\/\/boutiqueclubceuta.es\/producto\/campo-chromefree-leather-white-natural\/#primaryimage"},"image":{"@id":"https:\/\/boutiqueclubceuta.es\/producto\/campo-chromefree-leather-white-natural\/#primaryimage"},"thumbnailUrl":"https:\/\/boutiqueclubceuta.es\/wp-content\/uploads\/2024\/03\/cp0502429a__2.jpg","datePublished":"2024-03-25T14:54:10+00:00","dateModified":"2024-03-25T14:54:50+00:00","breadcrumb":{"@id":"https:\/\/boutiqueclubceuta.es\/producto\/campo-chromefree-leather-white-natural\/#breadcrumb"},"inLanguage":"en-GB","potentialAction":[{"@type":"ReadAction","target":["https:\/\/boutiqueclubceuta.es\/producto\/campo-chromefree-leather-white-natural\/"]}]},{"@type":"ImageObject","inLanguage":"en-GB","@id":"https:\/\/boutiqueclubceuta.es\/producto\/campo-chromefree-leather-white-natural\/#primaryimage","url":"https:\/\/boutiqueclubceuta.es\/wp-content\/uploads\/2024\/03\/cp0502429a__2.jpg","contentUrl":"https:\/\/boutiqueclubceuta.es\/wp-content\/uploads\/2024\/03\/cp0502429a__2.jpg","width":1045,"height":1200},{"@type":"BreadcrumbList","@id":"https:\/\/boutiqueclubceuta.es\/producto\/campo-chromefree-leather-white-natural\/#breadcrumb","itemListElement":[{"@type":"ListItem","position":1,"name":"Portada","item":"https:\/\/boutiqueclubceuta.es\/"},{"@type":"ListItem","position":2,"name":"Boutique Club","item":"https:\/\/boutiqueclubceuta.es\/boutique-club\/"},{"@type":"ListItem","position":3,"name":"CAMPO CHROMEFREE LEATHER WHITE NATURAL"}]},{"@type":"WebSite","@id":"https:\/\/boutiqueclubceuta.es\/#website","url":"https:\/\/boutiqueclubceuta.es\/","name":"Boutique Club Ceuta","description":"Primeras firmas de moda, calzado y complementos en hombre, mujer y ni\u00f1o.","publisher":{"@id":"https:\/\/boutiqueclubceuta.es\/#organization"},"potentialAction":[{"@type":"SearchAction","target":{"@type":"EntryPoint","urlTemplate":"https:\/\/boutiqueclubceuta.es\/?s={search_term_string}"},"query-input":"required name=search_term_string"}],"inLanguage":"en-GB"},{"@type":"Organization","@id":"https:\/\/boutiqueclubceuta.es\/#organization","name":"Boutique Club Ceuta","url":"https:\/\/boutiqueclubceuta.es\/","logo":{"@type":"ImageObject","inLanguage":"en-GB","@id":"https:\/\/boutiqueclubceuta.es\/#\/schema\/logo\/image\/","url":"https:\/\/boutiqueclubceuta.es\/wp-content\/uploads\/2024\/03\/Logotipo_club.png","contentUrl":"https:\/\/boutiqueclubceuta.es\/wp-content\/uploads\/2024\/03\/Logotipo_club.png","width":485,"height":485,"caption":"Boutique Club Ceuta"},"image":{"@id":"https:\/\/boutiqueclubceuta.es\/#\/schema\/logo\/image\/"}}]}},"uagb_featured_image_src":{"full":["https:\/\/boutiqueclubceuta.es\/wp-content\/uploads\/2024\/03\/cp0502429a__2.jpg",1045,1200,false],"thumbnail":["https:\/\/boutiqueclubceuta.es\/wp-content\/uploads\/2024\/03\/cp0502429a__2-150x150.jpg",150,150,true],"medium":["https:\/\/boutiqueclubceuta.es\/wp-content\/uploads\/2024\/03\/cp0502429a__2-261x300.jpg",261,300,true],"medium_large":["https:\/\/boutiqueclubceuta.es\/wp-content\/uploads\/2024\/03\/cp0502429a__2-768x882.jpg",768,882,true],"large":["https:\/\/boutiqueclubceuta.es\/wp-content\/uploads\/2024\/03\/cp0502429a__2-892x1024.jpg",892,1024,true],"1536x1536":["https:\/\/boutiqueclubceuta.es\/wp-content\/uploads\/2024\/03\/cp0502429a__2.jpg",1045,1200,false],"2048x2048":["https:\/\/boutiqueclubceuta.es\/wp-content\/uploads\/2024\/03\/cp0502429a__2.jpg",1045,1200,false],"trp-custom-language-flag":["https:\/\/boutiqueclubceuta.es\/wp-content\/uploads\/2024\/03\/cp0502429a__2.jpg",10,12,false],"woocommerce_thumbnail":["https:\/\/boutiqueclubceuta.es\/wp-content\/uploads\/2024\/03\/cp0502429a__2-400x400.jpg",400,400,true],"woocommerce_single":["https:\/\/boutiqueclubceuta.es\/wp-content\/uploads\/2024\/03\/cp0502429a__2-600x689.jpg",600,689,true],"woocommerce_gallery_thumbnail":["https:\/\/boutiqueclubceuta.es\/wp-content\/uploads\/2024\/03\/cp0502429a__2-100x100.jpg",100,100,true]},"uagb_author_info":{"display_name":"info","author_link":"https:\/\/boutiqueclubceuta.es\/en\/author\/"},"uagb_comment_info":0,"uagb_excerpt":"\u00a0El cuero bovino ChromeFree es suave y ligero. Procedente de granjas situadas en el sur de Brasil (Rio Grande do Sul), se somete a un innovador proceso de curtido en el que no interviene el cromo, los metales pesados ni los \u00e1cidos peligrosos. Simplificando el proceso de curtido, se limita el uso de productos qu\u00edmicos&hellip;","_links":{"self":[{"href":"https:\/\/boutiqueclubceuta.es\/en\/wp-json\/wp\/v2\/product\/2116"}],"collection":[{"href":"https:\/\/boutiqueclubceuta.es\/en\/wp-json\/wp\/v2\/product"}],"about":[{"href":"https:\/\/boutiqueclubceuta.es\/en\/wp-json\/wp\/v2\/types\/product"}],"wp:featuredmedia":[{"embeddable":true,"href":"https:\/\/boutiqueclubceuta.es\/en\/wp-json\/wp\/v2\/media\/2118"}],"wp:attachment":[{"href":"https:\/\/boutiqueclubceuta.es\/en\/wp-json\/wp\/v2\/media?parent=2116"}],"wp:term":[{"taxonomy":"product_cat","embeddable":true,"href":"https:\/\/boutiqueclubceuta.es\/en\/wp-json\/wp\/v2\/product_cat?post=2116"},{"taxonomy":"product_tag","embeddable":true,"href":"https:\/\/boutiqueclubceuta.es\/en\/wp-json\/wp\/v2\/product_tag?post=2116"}],"curies":[{"name":"wp","href":"https:\/\/api.w.org\/{rel}","templated":true}]}}