{"id":2122,"date":"2024-03-25T16:01:44","date_gmt":"2024-03-25T15:01:44","guid":{"rendered":"https:\/\/boutiqueclub.es\/?post_type=product&#038;p=2122"},"modified":"2024-03-25T16:02:58","modified_gmt":"2024-03-25T15:02:58","slug":"rio-branco-alveomesh-white-pierre-natural","status":"publish","type":"product","link":"https:\/\/boutiqueclubceuta.es\/en\/product\/rio-branco-alveomesh-white-pierre-natural\/","title":{"rendered":"RIO BRANCO ALVEOMESH WHITE PIERRE NATURAL"},"content":{"rendered":"<h6><span style=\"font-weight: 400;\">\u00a0RIO BRANCO ALVEOMESH WHITE PIERRE NATURAL<\/span><\/h6>","protected":false},"excerpt":{"rendered":"<p><span style=\"font-weight: 400;\">La gamuza est\u00e1 hecha a partir de la parte inferior de la piel de vacuno previamente cepillada para hacerla m\u00e1s suave y flexible. Procede de granjas del sur de Brasil (Rio Grande do Sul). Se curte en Brasil, respetando las normas REACH. Se presta especial atenci\u00f3n al uso del agua durante el proceso de curtido. La gamuza tambi\u00e9n est\u00e1 recubierta con aceites hidr\u00f3fugos sin PFC (compuestos qu\u00edmicos) para proteger las zapatillas de la lluvia ligera.<\/span><\/p>\n<p><strong>TALLAS:40,41,42,43,44 Y 45.<\/strong><\/p>","protected":false},"featured_media":2123,"template":"","meta":{"_uag_custom_page_level_css":"","site-sidebar-layout":"default","site-content-layout":"","ast-site-content-layout":"default","site-content-style":"default","site-sidebar-style":"default","ast-global-header-display":"","ast-banner-title-visibility":"","ast-main-header-display":"","ast-hfb-above-header-display":"","ast-hfb-below-header-display":"","ast-hfb-mobile-header-display":"","site-post-title":"","ast-breadcrumbs-content":"","ast-featured-img":"","footer-sml-layout":"","ast-disable-related-posts":"","theme-transparent-header-meta":"default","adv-header-id-meta":"","stick-header-meta":"","header-above-stick-meta":"","header-main-stick-meta":"","header-below-stick-meta":"","astra-migrate-meta-layouts":"set","ast-page-background-enabled":"default","ast-page-background-meta":{"desktop":{"background-color":"var(--ast-global-color-5)","background-image":"","background-repeat":"repeat","background-position":"center center","background-size":"auto","background-attachment":"scroll","background-type":"","background-media":"","overlay-type":"","overlay-color":"","overlay-opacity":"","overlay-gradient":""},"tablet":{"background-color":"","background-image":"","background-repeat":"repeat","background-position":"center center","background-size":"auto","background-attachment":"scroll","background-type":"","background-media":"","overlay-type":"","overlay-color":"","overlay-opacity":"","overlay-gradient":""},"mobile":{"background-color":"","background-image":"","background-repeat":"repeat","background-position":"center center","background-size":"auto","background-attachment":"scroll","background-type":"","background-media":"","overlay-type":"","overlay-color":"","overlay-opacity":"","overlay-gradient":""}},"ast-content-background-meta":{"desktop":{"background-color":"var(--ast-global-color-4)","background-image":"","background-repeat":"repeat","background-position":"center center","background-size":"auto","background-attachment":"scroll","background-type":"","background-media":"","overlay-type":"","overlay-color":"","overlay-opacity":"","overlay-gradient":""},"tablet":{"background-color":"var(--ast-global-color-4)","background-image":"","background-repeat":"repeat","background-position":"center center","background-size":"auto","background-attachment":"scroll","background-type":"","background-media":"","overlay-type":"","overlay-color":"","overlay-opacity":"","overlay-gradient":""},"mobile":{"background-color":"var(--ast-global-color-4)","background-image":"","background-repeat":"repeat","background-position":"center center","background-size":"auto","background-attachment":"scroll","background-type":"","background-media":"","overlay-type":"","overlay-color":"","overlay-opacity":"","overlay-gradient":""}}},"product_cat":[15,26],"product_tag":[49],"yoast_head":"<!-- This site is optimized with the Yoast SEO plugin v22.7 - https:\/\/yoast.com\/wordpress\/plugins\/seo\/ -->\n<title>RIO BRANCO ALVEOMESH WHITE PIERRE NATURAL - Boutique Club Ceuta<\/title>\n<meta name=\"robots\" content=\"index, follow, max-snippet:-1, max-image-preview:large, max-video-preview:-1\" \/>\n<link rel=\"canonical\" href=\"https:\/\/boutiqueclubceuta.es\/en\/product\/rio-branco-alveomesh-white-pierre-natural\/\" \/>\n<meta property=\"og:locale\" content=\"en_GB\" \/>\n<meta property=\"og:type\" content=\"article\" \/>\n<meta property=\"og:title\" content=\"RIO BRANCO ALVEOMESH WHITE PIERRE NATURAL - Boutique Club Ceuta\" \/>\n<meta property=\"og:description\" content=\"La gamuza est\u00e1 hecha a partir de la parte inferior de la piel de vacuno previamente cepillada para hacerla m\u00e1s suave y flexible. Procede de granjas del sur de Brasil (Rio Grande do Sul). Se curte en Brasil, respetando las normas REACH. Se presta especial atenci\u00f3n al uso del agua durante el proceso de curtido. La gamuza tambi\u00e9n est\u00e1 recubierta con aceites hidr\u00f3fugos sin PFC (compuestos qu\u00edmicos) para proteger las zapatillas de la lluvia ligera.  TALLAS:40,41,42,43,44 Y 45.\" \/>\n<meta property=\"og:url\" content=\"https:\/\/boutiqueclubceuta.es\/en\/product\/rio-branco-alveomesh-white-pierre-natural\/\" \/>\n<meta property=\"og:site_name\" content=\"Boutique Club Ceuta\" \/>\n<meta property=\"article:modified_time\" content=\"2024-03-25T15:02:58+00:00\" \/>\n<meta property=\"og:image\" content=\"https:\/\/boutiqueclubceuta.es\/wp-content\/uploads\/2024\/03\/RIO-BRANCO-ALVEOMESH-WHITE-PIERRE-NATURAL.jpg\" \/>\n\t<meta property=\"og:image:width\" content=\"1890\" \/>\n\t<meta property=\"og:image:height\" content=\"2168\" \/>\n\t<meta property=\"og:image:type\" content=\"image\/jpeg\" \/>\n<meta name=\"twitter:card\" content=\"summary_large_image\" \/>\n<script type=\"application\/ld+json\" class=\"yoast-schema-graph\">{\"@context\":\"https:\/\/schema.org\",\"@graph\":[{\"@type\":\"WebPage\",\"@id\":\"https:\/\/boutiqueclubceuta.es\/producto\/rio-branco-alveomesh-white-pierre-natural\/\",\"url\":\"https:\/\/boutiqueclubceuta.es\/producto\/rio-branco-alveomesh-white-pierre-natural\/\",\"name\":\"RIO BRANCO ALVEOMESH WHITE PIERRE NATURAL - Boutique Club Ceuta\",\"isPartOf\":{\"@id\":\"https:\/\/boutiqueclubceuta.es\/#website\"},\"primaryImageOfPage\":{\"@id\":\"https:\/\/boutiqueclubceuta.es\/producto\/rio-branco-alveomesh-white-pierre-natural\/#primaryimage\"},\"image\":{\"@id\":\"https:\/\/boutiqueclubceuta.es\/producto\/rio-branco-alveomesh-white-pierre-natural\/#primaryimage\"},\"thumbnailUrl\":\"https:\/\/boutiqueclubceuta.es\/wp-content\/uploads\/2024\/03\/RIO-BRANCO-ALVEOMESH-WHITE-PIERRE-NATURAL.jpg\",\"datePublished\":\"2024-03-25T15:01:44+00:00\",\"dateModified\":\"2024-03-25T15:02:58+00:00\",\"breadcrumb\":{\"@id\":\"https:\/\/boutiqueclubceuta.es\/producto\/rio-branco-alveomesh-white-pierre-natural\/#breadcrumb\"},\"inLanguage\":\"en-GB\",\"potentialAction\":[{\"@type\":\"ReadAction\",\"target\":[\"https:\/\/boutiqueclubceuta.es\/producto\/rio-branco-alveomesh-white-pierre-natural\/\"]}]},{\"@type\":\"ImageObject\",\"inLanguage\":\"en-GB\",\"@id\":\"https:\/\/boutiqueclubceuta.es\/producto\/rio-branco-alveomesh-white-pierre-natural\/#primaryimage\",\"url\":\"https:\/\/boutiqueclubceuta.es\/wp-content\/uploads\/2024\/03\/RIO-BRANCO-ALVEOMESH-WHITE-PIERRE-NATURAL.jpg\",\"contentUrl\":\"https:\/\/boutiqueclubceuta.es\/wp-content\/uploads\/2024\/03\/RIO-BRANCO-ALVEOMESH-WHITE-PIERRE-NATURAL.jpg\",\"width\":1890,\"height\":2168},{\"@type\":\"BreadcrumbList\",\"@id\":\"https:\/\/boutiqueclubceuta.es\/producto\/rio-branco-alveomesh-white-pierre-natural\/#breadcrumb\",\"itemListElement\":[{\"@type\":\"ListItem\",\"position\":1,\"name\":\"Portada\",\"item\":\"https:\/\/boutiqueclubceuta.es\/\"},{\"@type\":\"ListItem\",\"position\":2,\"name\":\"Boutique Club\",\"item\":\"https:\/\/boutiqueclubceuta.es\/boutique-club\/\"},{\"@type\":\"ListItem\",\"position\":3,\"name\":\"RIO BRANCO ALVEOMESH WHITE PIERRE NATURAL\"}]},{\"@type\":\"WebSite\",\"@id\":\"https:\/\/boutiqueclubceuta.es\/#website\",\"url\":\"https:\/\/boutiqueclubceuta.es\/\",\"name\":\"Boutique Club Ceuta\",\"description\":\"Primeras firmas de moda, calzado y complementos en hombre, mujer y ni\u00f1o.\",\"publisher\":{\"@id\":\"https:\/\/boutiqueclubceuta.es\/#organization\"},\"potentialAction\":[{\"@type\":\"SearchAction\",\"target\":{\"@type\":\"EntryPoint\",\"urlTemplate\":\"https:\/\/boutiqueclubceuta.es\/?s={search_term_string}\"},\"query-input\":\"required name=search_term_string\"}],\"inLanguage\":\"en-GB\"},{\"@type\":\"Organization\",\"@id\":\"https:\/\/boutiqueclubceuta.es\/#organization\",\"name\":\"Boutique Club Ceuta\",\"url\":\"https:\/\/boutiqueclubceuta.es\/\",\"logo\":{\"@type\":\"ImageObject\",\"inLanguage\":\"en-GB\",\"@id\":\"https:\/\/boutiqueclubceuta.es\/#\/schema\/logo\/image\/\",\"url\":\"https:\/\/boutiqueclubceuta.es\/wp-content\/uploads\/2024\/03\/Logotipo_club.png\",\"contentUrl\":\"https:\/\/boutiqueclubceuta.es\/wp-content\/uploads\/2024\/03\/Logotipo_club.png\",\"width\":485,\"height\":485,\"caption\":\"Boutique Club Ceuta\"},\"image\":{\"@id\":\"https:\/\/boutiqueclubceuta.es\/#\/schema\/logo\/image\/\"}}]}<\/script>\n<!-- \/ Yoast SEO plugin. -->","yoast_head_json":{"title":"RIO BRANCO ALVEOMESH WHITE PIERRE NATURAL - Boutique Club Ceuta","robots":{"index":"index","follow":"follow","max-snippet":"max-snippet:-1","max-image-preview":"max-image-preview:large","max-video-preview":"max-video-preview:-1"},"canonical":"https:\/\/boutiqueclubceuta.es\/en\/product\/rio-branco-alveomesh-white-pierre-natural\/","og_locale":"en_GB","og_type":"article","og_title":"RIO BRANCO ALVEOMESH WHITE PIERRE NATURAL - Boutique Club Ceuta","og_description":"La gamuza est\u00e1 hecha a partir de la parte inferior de la piel de vacuno previamente cepillada para hacerla m\u00e1s suave y flexible. Procede de granjas del sur de Brasil (Rio Grande do Sul). Se curte en Brasil, respetando las normas REACH. Se presta especial atenci\u00f3n al uso del agua durante el proceso de curtido. La gamuza tambi\u00e9n est\u00e1 recubierta con aceites hidr\u00f3fugos sin PFC (compuestos qu\u00edmicos) para proteger las zapatillas de la lluvia ligera.  TALLAS:40,41,42,43,44 Y 45.","og_url":"https:\/\/boutiqueclubceuta.es\/en\/product\/rio-branco-alveomesh-white-pierre-natural\/","og_site_name":"Boutique Club Ceuta","article_modified_time":"2024-03-25T15:02:58+00:00","og_image":[{"width":1890,"height":2168,"url":"https:\/\/boutiqueclubceuta.es\/wp-content\/uploads\/2024\/03\/RIO-BRANCO-ALVEOMESH-WHITE-PIERRE-NATURAL.jpg","type":"image\/jpeg"}],"twitter_card":"summary_large_image","schema":{"@context":"https:\/\/schema.org","@graph":[{"@type":"WebPage","@id":"https:\/\/boutiqueclubceuta.es\/producto\/rio-branco-alveomesh-white-pierre-natural\/","url":"https:\/\/boutiqueclubceuta.es\/producto\/rio-branco-alveomesh-white-pierre-natural\/","name":"RIO BRANCO ALVEOMESH WHITE PIERRE NATURAL - Boutique Club Ceuta","isPartOf":{"@id":"https:\/\/boutiqueclubceuta.es\/#website"},"primaryImageOfPage":{"@id":"https:\/\/boutiqueclubceuta.es\/producto\/rio-branco-alveomesh-white-pierre-natural\/#primaryimage"},"image":{"@id":"https:\/\/boutiqueclubceuta.es\/producto\/rio-branco-alveomesh-white-pierre-natural\/#primaryimage"},"thumbnailUrl":"https:\/\/boutiqueclubceuta.es\/wp-content\/uploads\/2024\/03\/RIO-BRANCO-ALVEOMESH-WHITE-PIERRE-NATURAL.jpg","datePublished":"2024-03-25T15:01:44+00:00","dateModified":"2024-03-25T15:02:58+00:00","breadcrumb":{"@id":"https:\/\/boutiqueclubceuta.es\/producto\/rio-branco-alveomesh-white-pierre-natural\/#breadcrumb"},"inLanguage":"en-GB","potentialAction":[{"@type":"ReadAction","target":["https:\/\/boutiqueclubceuta.es\/producto\/rio-branco-alveomesh-white-pierre-natural\/"]}]},{"@type":"ImageObject","inLanguage":"en-GB","@id":"https:\/\/boutiqueclubceuta.es\/producto\/rio-branco-alveomesh-white-pierre-natural\/#primaryimage","url":"https:\/\/boutiqueclubceuta.es\/wp-content\/uploads\/2024\/03\/RIO-BRANCO-ALVEOMESH-WHITE-PIERRE-NATURAL.jpg","contentUrl":"https:\/\/boutiqueclubceuta.es\/wp-content\/uploads\/2024\/03\/RIO-BRANCO-ALVEOMESH-WHITE-PIERRE-NATURAL.jpg","width":1890,"height":2168},{"@type":"BreadcrumbList","@id":"https:\/\/boutiqueclubceuta.es\/producto\/rio-branco-alveomesh-white-pierre-natural\/#breadcrumb","itemListElement":[{"@type":"ListItem","position":1,"name":"Portada","item":"https:\/\/boutiqueclubceuta.es\/"},{"@type":"ListItem","position":2,"name":"Boutique Club","item":"https:\/\/boutiqueclubceuta.es\/boutique-club\/"},{"@type":"ListItem","position":3,"name":"RIO BRANCO ALVEOMESH WHITE PIERRE NATURAL"}]},{"@type":"WebSite","@id":"https:\/\/boutiqueclubceuta.es\/#website","url":"https:\/\/boutiqueclubceuta.es\/","name":"Boutique Club Ceuta","description":"Primeras firmas de moda, calzado y complementos en hombre, mujer y ni\u00f1o.","publisher":{"@id":"https:\/\/boutiqueclubceuta.es\/#organization"},"potentialAction":[{"@type":"SearchAction","target":{"@type":"EntryPoint","urlTemplate":"https:\/\/boutiqueclubceuta.es\/?s={search_term_string}"},"query-input":"required name=search_term_string"}],"inLanguage":"en-GB"},{"@type":"Organization","@id":"https:\/\/boutiqueclubceuta.es\/#organization","name":"Boutique Club Ceuta","url":"https:\/\/boutiqueclubceuta.es\/","logo":{"@type":"ImageObject","inLanguage":"en-GB","@id":"https:\/\/boutiqueclubceuta.es\/#\/schema\/logo\/image\/","url":"https:\/\/boutiqueclubceuta.es\/wp-content\/uploads\/2024\/03\/Logotipo_club.png","contentUrl":"https:\/\/boutiqueclubceuta.es\/wp-content\/uploads\/2024\/03\/Logotipo_club.png","width":485,"height":485,"caption":"Boutique Club Ceuta"},"image":{"@id":"https:\/\/boutiqueclubceuta.es\/#\/schema\/logo\/image\/"}}]}},"uagb_featured_image_src":{"full":["https:\/\/boutiqueclubceuta.es\/wp-content\/uploads\/2024\/03\/RIO-BRANCO-ALVEOMESH-WHITE-PIERRE-NATURAL.jpg",1890,2168,false],"thumbnail":["https:\/\/boutiqueclubceuta.es\/wp-content\/uploads\/2024\/03\/RIO-BRANCO-ALVEOMESH-WHITE-PIERRE-NATURAL-150x150.jpg",150,150,true],"medium":["https:\/\/boutiqueclubceuta.es\/wp-content\/uploads\/2024\/03\/RIO-BRANCO-ALVEOMESH-WHITE-PIERRE-NATURAL-262x300.jpg",262,300,true],"medium_large":["https:\/\/boutiqueclubceuta.es\/wp-content\/uploads\/2024\/03\/RIO-BRANCO-ALVEOMESH-WHITE-PIERRE-NATURAL-768x881.jpg",768,881,true],"large":["https:\/\/boutiqueclubceuta.es\/wp-content\/uploads\/2024\/03\/RIO-BRANCO-ALVEOMESH-WHITE-PIERRE-NATURAL-893x1024.jpg",893,1024,true],"1536x1536":["https:\/\/boutiqueclubceuta.es\/wp-content\/uploads\/2024\/03\/RIO-BRANCO-ALVEOMESH-WHITE-PIERRE-NATURAL-1339x1536.jpg",1339,1536,true],"2048x2048":["https:\/\/boutiqueclubceuta.es\/wp-content\/uploads\/2024\/03\/RIO-BRANCO-ALVEOMESH-WHITE-PIERRE-NATURAL-1785x2048.jpg",1785,2048,true],"trp-custom-language-flag":["https:\/\/boutiqueclubceuta.es\/wp-content\/uploads\/2024\/03\/RIO-BRANCO-ALVEOMESH-WHITE-PIERRE-NATURAL.jpg",10,12,false],"woocommerce_thumbnail":["https:\/\/boutiqueclubceuta.es\/wp-content\/uploads\/2024\/03\/RIO-BRANCO-ALVEOMESH-WHITE-PIERRE-NATURAL-400x400.jpg",400,400,true],"woocommerce_single":["https:\/\/boutiqueclubceuta.es\/wp-content\/uploads\/2024\/03\/RIO-BRANCO-ALVEOMESH-WHITE-PIERRE-NATURAL-600x688.jpg",600,688,true],"woocommerce_gallery_thumbnail":["https:\/\/boutiqueclubceuta.es\/wp-content\/uploads\/2024\/03\/RIO-BRANCO-ALVEOMESH-WHITE-PIERRE-NATURAL-100x100.jpg",100,100,true]},"uagb_author_info":{"display_name":"info","author_link":"https:\/\/boutiqueclubceuta.es\/en\/author\/"},"uagb_comment_info":0,"uagb_excerpt":"La gamuza est\u00e1 hecha a partir de la parte inferior de la piel de vacuno previamente cepillada para hacerla m\u00e1s suave y flexible. Procede de granjas del sur de Brasil (Rio Grande do Sul). Se curte en Brasil, respetando las normas REACH. Se presta especial atenci\u00f3n al uso del agua durante el proceso de curtido.&hellip;","_links":{"self":[{"href":"https:\/\/boutiqueclubceuta.es\/en\/wp-json\/wp\/v2\/product\/2122"}],"collection":[{"href":"https:\/\/boutiqueclubceuta.es\/en\/wp-json\/wp\/v2\/product"}],"about":[{"href":"https:\/\/boutiqueclubceuta.es\/en\/wp-json\/wp\/v2\/types\/product"}],"wp:featuredmedia":[{"embeddable":true,"href":"https:\/\/boutiqueclubceuta.es\/en\/wp-json\/wp\/v2\/media\/2123"}],"wp:attachment":[{"href":"https:\/\/boutiqueclubceuta.es\/en\/wp-json\/wp\/v2\/media?parent=2122"}],"wp:term":[{"taxonomy":"product_cat","embeddable":true,"href":"https:\/\/boutiqueclubceuta.es\/en\/wp-json\/wp\/v2\/product_cat?post=2122"},{"taxonomy":"product_tag","embeddable":true,"href":"https:\/\/boutiqueclubceuta.es\/en\/wp-json\/wp\/v2\/product_tag?post=2122"}],"curies":[{"name":"wp","href":"https:\/\/api.w.org\/{rel}","templated":true}]}}