{"id":2131,"date":"2024-03-25T16:12:26","date_gmt":"2024-03-25T15:12:26","guid":{"rendered":"https:\/\/boutiqueclub.es\/?post_type=product&#038;p=2131"},"modified":"2024-03-25T16:12:26","modified_gmt":"2024-03-25T15:12:26","slug":"blusa-print-retro-flower","status":"publish","type":"product","link":"https:\/\/boutiqueclubceuta.es\/en\/product\/blusa-print-retro-flower\/","title":{"rendered":"BLUSA PRINT RETRO FLOWER"},"content":{"rendered":"<p>BLUSA PRINT RETRO FLOWER<\/p>","protected":false},"excerpt":{"rendered":"<p><span style=\"font-weight: 400;\">Esta inspiradora camisa poncho de seda habotai combina la elegancia del estilo retro con la sofisticaci\u00f3n contempor\u00e1nea.<\/span><\/p>\n<p><span style=\"font-weight: 400;\">Con un cuello estilo johnny que a\u00f1ade un toque de distinci\u00f3n, esta prenda es una expresi\u00f3n de estilo \u00fanico y atemporal.<\/span><\/p>\n<p><span style=\"font-weight: 400;\">Su dise\u00f1o vers\u00e1til y fluido ofrece comodidad y libertad de movimiento, mientras que la seda habotai proporciona una sensaci\u00f3n de lujo y suavidad.<\/span><\/p>\n<p><strong>TALLAS:XS,SM Y L.<\/strong><\/p>","protected":false},"featured_media":2132,"template":"","meta":{"_uag_custom_page_level_css":"","site-sidebar-layout":"default","site-content-layout":"","ast-site-content-layout":"default","site-content-style":"default","site-sidebar-style":"default","ast-global-header-display":"","ast-banner-title-visibility":"","ast-main-header-display":"","ast-hfb-above-header-display":"","ast-hfb-below-header-display":"","ast-hfb-mobile-header-display":"","site-post-title":"","ast-breadcrumbs-content":"","ast-featured-img":"","footer-sml-layout":"","ast-disable-related-posts":"","theme-transparent-header-meta":"default","adv-header-id-meta":"","stick-header-meta":"","header-above-stick-meta":"","header-main-stick-meta":"","header-below-stick-meta":"","astra-migrate-meta-layouts":"set","ast-page-background-enabled":"default","ast-page-background-meta":{"desktop":{"background-color":"var(--ast-global-color-5)","background-image":"","background-repeat":"repeat","background-position":"center center","background-size":"auto","background-attachment":"scroll","background-type":"","background-media":"","overlay-type":"","overlay-color":"","overlay-opacity":"","overlay-gradient":""},"tablet":{"background-color":"","background-image":"","background-repeat":"repeat","background-position":"center center","background-size":"auto","background-attachment":"scroll","background-type":"","background-media":"","overlay-type":"","overlay-color":"","overlay-opacity":"","overlay-gradient":""},"mobile":{"background-color":"","background-image":"","background-repeat":"repeat","background-position":"center center","background-size":"auto","background-attachment":"scroll","background-type":"","background-media":"","overlay-type":"","overlay-color":"","overlay-opacity":"","overlay-gradient":""}},"ast-content-background-meta":{"desktop":{"background-color":"var(--ast-global-color-4)","background-image":"","background-repeat":"repeat","background-position":"center center","background-size":"auto","background-attachment":"scroll","background-type":"","background-media":"","overlay-type":"","overlay-color":"","overlay-opacity":"","overlay-gradient":""},"tablet":{"background-color":"var(--ast-global-color-4)","background-image":"","background-repeat":"repeat","background-position":"center center","background-size":"auto","background-attachment":"scroll","background-type":"","background-media":"","overlay-type":"","overlay-color":"","overlay-opacity":"","overlay-gradient":""},"mobile":{"background-color":"var(--ast-global-color-4)","background-image":"","background-repeat":"repeat","background-position":"center center","background-size":"auto","background-attachment":"scroll","background-type":"","background-media":"","overlay-type":"","overlay-color":"","overlay-opacity":"","overlay-gradient":""}}},"product_cat":[50],"product_tag":[51],"yoast_head":"<!-- This site is optimized with the Yoast SEO plugin v22.7 - https:\/\/yoast.com\/wordpress\/plugins\/seo\/ -->\n<title>BLUSA PRINT RETRO FLOWER - Boutique Club Ceuta<\/title>\n<meta name=\"robots\" content=\"index, follow, max-snippet:-1, max-image-preview:large, max-video-preview:-1\" \/>\n<link rel=\"canonical\" href=\"https:\/\/boutiqueclubceuta.es\/en\/product\/blusa-print-retro-flower\/\" \/>\n<meta property=\"og:locale\" content=\"en_GB\" \/>\n<meta property=\"og:type\" content=\"article\" \/>\n<meta property=\"og:title\" content=\"BLUSA PRINT RETRO FLOWER - Boutique Club Ceuta\" \/>\n<meta property=\"og:description\" content=\"Esta inspiradora camisa poncho de seda habotai combina la elegancia del estilo retro con la sofisticaci\u00f3n contempor\u00e1nea.  Con un cuello estilo johnny que a\u00f1ade un toque de distinci\u00f3n, esta prenda es una expresi\u00f3n de estilo \u00fanico y atemporal.  Su dise\u00f1o vers\u00e1til y fluido ofrece comodidad y libertad de movimiento, mientras que la seda habotai proporciona una sensaci\u00f3n de lujo y suavidad.  TALLAS:XS,SM Y L.\" \/>\n<meta property=\"og:url\" content=\"https:\/\/boutiqueclubceuta.es\/en\/product\/blusa-print-retro-flower\/\" \/>\n<meta property=\"og:site_name\" content=\"Boutique Club Ceuta\" \/>\n<meta property=\"og:image\" content=\"https:\/\/boutiqueclubceuta.es\/wp-content\/uploads\/2024\/03\/BLUSA-PRINT-RETRO-FLOWER.webp\" \/>\n\t<meta property=\"og:image:width\" content=\"715\" \/>\n\t<meta property=\"og:image:height\" content=\"1024\" \/>\n\t<meta property=\"og:image:type\" content=\"image\/webp\" \/>\n<meta name=\"twitter:card\" content=\"summary_large_image\" \/>\n<script type=\"application\/ld+json\" class=\"yoast-schema-graph\">{\"@context\":\"https:\/\/schema.org\",\"@graph\":[{\"@type\":\"WebPage\",\"@id\":\"https:\/\/boutiqueclubceuta.es\/producto\/blusa-print-retro-flower\/\",\"url\":\"https:\/\/boutiqueclubceuta.es\/producto\/blusa-print-retro-flower\/\",\"name\":\"BLUSA PRINT RETRO FLOWER - Boutique Club Ceuta\",\"isPartOf\":{\"@id\":\"https:\/\/boutiqueclubceuta.es\/#website\"},\"primaryImageOfPage\":{\"@id\":\"https:\/\/boutiqueclubceuta.es\/producto\/blusa-print-retro-flower\/#primaryimage\"},\"image\":{\"@id\":\"https:\/\/boutiqueclubceuta.es\/producto\/blusa-print-retro-flower\/#primaryimage\"},\"thumbnailUrl\":\"https:\/\/boutiqueclubceuta.es\/wp-content\/uploads\/2024\/03\/BLUSA-PRINT-RETRO-FLOWER.webp\",\"datePublished\":\"2024-03-25T15:12:26+00:00\",\"dateModified\":\"2024-03-25T15:12:26+00:00\",\"breadcrumb\":{\"@id\":\"https:\/\/boutiqueclubceuta.es\/producto\/blusa-print-retro-flower\/#breadcrumb\"},\"inLanguage\":\"en-GB\",\"potentialAction\":[{\"@type\":\"ReadAction\",\"target\":[\"https:\/\/boutiqueclubceuta.es\/producto\/blusa-print-retro-flower\/\"]}]},{\"@type\":\"ImageObject\",\"inLanguage\":\"en-GB\",\"@id\":\"https:\/\/boutiqueclubceuta.es\/producto\/blusa-print-retro-flower\/#primaryimage\",\"url\":\"https:\/\/boutiqueclubceuta.es\/wp-content\/uploads\/2024\/03\/BLUSA-PRINT-RETRO-FLOWER.webp\",\"contentUrl\":\"https:\/\/boutiqueclubceuta.es\/wp-content\/uploads\/2024\/03\/BLUSA-PRINT-RETRO-FLOWER.webp\",\"width\":715,\"height\":1024,\"caption\":\"Estilo y tendencias en Club. Categor\u00eda mujer\"},{\"@type\":\"BreadcrumbList\",\"@id\":\"https:\/\/boutiqueclubceuta.es\/producto\/blusa-print-retro-flower\/#breadcrumb\",\"itemListElement\":[{\"@type\":\"ListItem\",\"position\":1,\"name\":\"Portada\",\"item\":\"https:\/\/boutiqueclubceuta.es\/\"},{\"@type\":\"ListItem\",\"position\":2,\"name\":\"Boutique Club\",\"item\":\"https:\/\/boutiqueclubceuta.es\/boutique-club\/\"},{\"@type\":\"ListItem\",\"position\":3,\"name\":\"BLUSA PRINT RETRO FLOWER\"}]},{\"@type\":\"WebSite\",\"@id\":\"https:\/\/boutiqueclubceuta.es\/#website\",\"url\":\"https:\/\/boutiqueclubceuta.es\/\",\"name\":\"Boutique Club Ceuta\",\"description\":\"Primeras firmas de moda, calzado y complementos en hombre, mujer y ni\u00f1o.\",\"publisher\":{\"@id\":\"https:\/\/boutiqueclubceuta.es\/#organization\"},\"potentialAction\":[{\"@type\":\"SearchAction\",\"target\":{\"@type\":\"EntryPoint\",\"urlTemplate\":\"https:\/\/boutiqueclubceuta.es\/?s={search_term_string}\"},\"query-input\":\"required name=search_term_string\"}],\"inLanguage\":\"en-GB\"},{\"@type\":\"Organization\",\"@id\":\"https:\/\/boutiqueclubceuta.es\/#organization\",\"name\":\"Boutique Club Ceuta\",\"url\":\"https:\/\/boutiqueclubceuta.es\/\",\"logo\":{\"@type\":\"ImageObject\",\"inLanguage\":\"en-GB\",\"@id\":\"https:\/\/boutiqueclubceuta.es\/#\/schema\/logo\/image\/\",\"url\":\"https:\/\/boutiqueclubceuta.es\/wp-content\/uploads\/2024\/03\/Logotipo_club.png\",\"contentUrl\":\"https:\/\/boutiqueclubceuta.es\/wp-content\/uploads\/2024\/03\/Logotipo_club.png\",\"width\":485,\"height\":485,\"caption\":\"Boutique Club Ceuta\"},\"image\":{\"@id\":\"https:\/\/boutiqueclubceuta.es\/#\/schema\/logo\/image\/\"}}]}<\/script>\n<!-- \/ Yoast SEO plugin. -->","yoast_head_json":{"title":"BLUSA PRINT RETRO FLOWER - Boutique Club Ceuta","robots":{"index":"index","follow":"follow","max-snippet":"max-snippet:-1","max-image-preview":"max-image-preview:large","max-video-preview":"max-video-preview:-1"},"canonical":"https:\/\/boutiqueclubceuta.es\/en\/product\/blusa-print-retro-flower\/","og_locale":"en_GB","og_type":"article","og_title":"BLUSA PRINT RETRO FLOWER - Boutique Club Ceuta","og_description":"Esta inspiradora camisa poncho de seda habotai combina la elegancia del estilo retro con la sofisticaci\u00f3n contempor\u00e1nea.  Con un cuello estilo johnny que a\u00f1ade un toque de distinci\u00f3n, esta prenda es una expresi\u00f3n de estilo \u00fanico y atemporal.  Su dise\u00f1o vers\u00e1til y fluido ofrece comodidad y libertad de movimiento, mientras que la seda habotai proporciona una sensaci\u00f3n de lujo y suavidad.  TALLAS:XS,SM Y L.","og_url":"https:\/\/boutiqueclubceuta.es\/en\/product\/blusa-print-retro-flower\/","og_site_name":"Boutique Club Ceuta","og_image":[{"width":715,"height":1024,"url":"https:\/\/boutiqueclubceuta.es\/wp-content\/uploads\/2024\/03\/BLUSA-PRINT-RETRO-FLOWER.webp","type":"image\/webp"}],"twitter_card":"summary_large_image","schema":{"@context":"https:\/\/schema.org","@graph":[{"@type":"WebPage","@id":"https:\/\/boutiqueclubceuta.es\/producto\/blusa-print-retro-flower\/","url":"https:\/\/boutiqueclubceuta.es\/producto\/blusa-print-retro-flower\/","name":"BLUSA PRINT RETRO FLOWER - Boutique Club Ceuta","isPartOf":{"@id":"https:\/\/boutiqueclubceuta.es\/#website"},"primaryImageOfPage":{"@id":"https:\/\/boutiqueclubceuta.es\/producto\/blusa-print-retro-flower\/#primaryimage"},"image":{"@id":"https:\/\/boutiqueclubceuta.es\/producto\/blusa-print-retro-flower\/#primaryimage"},"thumbnailUrl":"https:\/\/boutiqueclubceuta.es\/wp-content\/uploads\/2024\/03\/BLUSA-PRINT-RETRO-FLOWER.webp","datePublished":"2024-03-25T15:12:26+00:00","dateModified":"2024-03-25T15:12:26+00:00","breadcrumb":{"@id":"https:\/\/boutiqueclubceuta.es\/producto\/blusa-print-retro-flower\/#breadcrumb"},"inLanguage":"en-GB","potentialAction":[{"@type":"ReadAction","target":["https:\/\/boutiqueclubceuta.es\/producto\/blusa-print-retro-flower\/"]}]},{"@type":"ImageObject","inLanguage":"en-GB","@id":"https:\/\/boutiqueclubceuta.es\/producto\/blusa-print-retro-flower\/#primaryimage","url":"https:\/\/boutiqueclubceuta.es\/wp-content\/uploads\/2024\/03\/BLUSA-PRINT-RETRO-FLOWER.webp","contentUrl":"https:\/\/boutiqueclubceuta.es\/wp-content\/uploads\/2024\/03\/BLUSA-PRINT-RETRO-FLOWER.webp","width":715,"height":1024,"caption":"Estilo y tendencias en Club. Categor\u00eda mujer"},{"@type":"BreadcrumbList","@id":"https:\/\/boutiqueclubceuta.es\/producto\/blusa-print-retro-flower\/#breadcrumb","itemListElement":[{"@type":"ListItem","position":1,"name":"Portada","item":"https:\/\/boutiqueclubceuta.es\/"},{"@type":"ListItem","position":2,"name":"Boutique Club","item":"https:\/\/boutiqueclubceuta.es\/boutique-club\/"},{"@type":"ListItem","position":3,"name":"BLUSA PRINT RETRO FLOWER"}]},{"@type":"WebSite","@id":"https:\/\/boutiqueclubceuta.es\/#website","url":"https:\/\/boutiqueclubceuta.es\/","name":"Boutique Club Ceuta","description":"Primeras firmas de moda, calzado y complementos en hombre, mujer y ni\u00f1o.","publisher":{"@id":"https:\/\/boutiqueclubceuta.es\/#organization"},"potentialAction":[{"@type":"SearchAction","target":{"@type":"EntryPoint","urlTemplate":"https:\/\/boutiqueclubceuta.es\/?s={search_term_string}"},"query-input":"required name=search_term_string"}],"inLanguage":"en-GB"},{"@type":"Organization","@id":"https:\/\/boutiqueclubceuta.es\/#organization","name":"Boutique Club Ceuta","url":"https:\/\/boutiqueclubceuta.es\/","logo":{"@type":"ImageObject","inLanguage":"en-GB","@id":"https:\/\/boutiqueclubceuta.es\/#\/schema\/logo\/image\/","url":"https:\/\/boutiqueclubceuta.es\/wp-content\/uploads\/2024\/03\/Logotipo_club.png","contentUrl":"https:\/\/boutiqueclubceuta.es\/wp-content\/uploads\/2024\/03\/Logotipo_club.png","width":485,"height":485,"caption":"Boutique Club Ceuta"},"image":{"@id":"https:\/\/boutiqueclubceuta.es\/#\/schema\/logo\/image\/"}}]}},"uagb_featured_image_src":{"full":["https:\/\/boutiqueclubceuta.es\/wp-content\/uploads\/2024\/03\/BLUSA-PRINT-RETRO-FLOWER.webp",715,1024,false],"thumbnail":["https:\/\/boutiqueclubceuta.es\/wp-content\/uploads\/2024\/03\/BLUSA-PRINT-RETRO-FLOWER-150x150.webp",150,150,true],"medium":["https:\/\/boutiqueclubceuta.es\/wp-content\/uploads\/2024\/03\/BLUSA-PRINT-RETRO-FLOWER-209x300.webp",209,300,true],"medium_large":["https:\/\/boutiqueclubceuta.es\/wp-content\/uploads\/2024\/03\/BLUSA-PRINT-RETRO-FLOWER.webp",715,1024,false],"large":["https:\/\/boutiqueclubceuta.es\/wp-content\/uploads\/2024\/03\/BLUSA-PRINT-RETRO-FLOWER.webp",715,1024,false],"1536x1536":["https:\/\/boutiqueclubceuta.es\/wp-content\/uploads\/2024\/03\/BLUSA-PRINT-RETRO-FLOWER.webp",715,1024,false],"2048x2048":["https:\/\/boutiqueclubceuta.es\/wp-content\/uploads\/2024\/03\/BLUSA-PRINT-RETRO-FLOWER.webp",715,1024,false],"trp-custom-language-flag":["https:\/\/boutiqueclubceuta.es\/wp-content\/uploads\/2024\/03\/BLUSA-PRINT-RETRO-FLOWER.webp",8,12,false],"woocommerce_thumbnail":["https:\/\/boutiqueclubceuta.es\/wp-content\/uploads\/2024\/03\/BLUSA-PRINT-RETRO-FLOWER-400x400.webp",400,400,true],"woocommerce_single":["https:\/\/boutiqueclubceuta.es\/wp-content\/uploads\/2024\/03\/BLUSA-PRINT-RETRO-FLOWER-600x859.webp",600,859,true],"woocommerce_gallery_thumbnail":["https:\/\/boutiqueclubceuta.es\/wp-content\/uploads\/2024\/03\/BLUSA-PRINT-RETRO-FLOWER-100x100.webp",100,100,true]},"uagb_author_info":{"display_name":"info","author_link":"https:\/\/boutiqueclubceuta.es\/en\/author\/"},"uagb_comment_info":0,"uagb_excerpt":"Esta inspiradora camisa poncho de seda habotai combina la elegancia del estilo retro con la sofisticaci\u00f3n contempor\u00e1nea. Con un cuello estilo johnny que a\u00f1ade un toque de distinci\u00f3n, esta prenda es una expresi\u00f3n de estilo \u00fanico y atemporal. Su dise\u00f1o vers\u00e1til y fluido ofrece comodidad y libertad de movimiento, mientras que la seda habotai proporciona&hellip;","_links":{"self":[{"href":"https:\/\/boutiqueclubceuta.es\/en\/wp-json\/wp\/v2\/product\/2131"}],"collection":[{"href":"https:\/\/boutiqueclubceuta.es\/en\/wp-json\/wp\/v2\/product"}],"about":[{"href":"https:\/\/boutiqueclubceuta.es\/en\/wp-json\/wp\/v2\/types\/product"}],"wp:featuredmedia":[{"embeddable":true,"href":"https:\/\/boutiqueclubceuta.es\/en\/wp-json\/wp\/v2\/media\/2132"}],"wp:attachment":[{"href":"https:\/\/boutiqueclubceuta.es\/en\/wp-json\/wp\/v2\/media?parent=2131"}],"wp:term":[{"taxonomy":"product_cat","embeddable":true,"href":"https:\/\/boutiqueclubceuta.es\/en\/wp-json\/wp\/v2\/product_cat?post=2131"},{"taxonomy":"product_tag","embeddable":true,"href":"https:\/\/boutiqueclubceuta.es\/en\/wp-json\/wp\/v2\/product_tag?post=2131"}],"curies":[{"name":"wp","href":"https:\/\/api.w.org\/{rel}","templated":true}]}}