{"id":2546,"date":"2024-04-20T14:14:06","date_gmt":"2024-04-20T12:14:06","guid":{"rendered":"https:\/\/boutiqueclub.es\/?post_type=product&#038;p=2546"},"modified":"2024-04-20T14:14:06","modified_gmt":"2024-04-20T12:14:06","slug":"vaqueros-slim-fit-tejido-vaquero-elastico","status":"publish","type":"product","link":"https:\/\/boutiqueclubceuta.es\/en\/product\/vaqueros-slim-fit-tejido-vaquero-elastico\/","title":{"rendered":"Vaqueros Slim fit Tejido vaquero el\u00e1stico"},"content":{"rendered":"<p>VAQUEROS SLIM FIT EN TEJIDO VAQUERO EL\u00c1STICO AZUL SUAVE. Unos vaqueros BOSS Hombre supersuaves de tiro medio y ajuste definido en tejido vaquero el\u00e1stico azul claro.<\/p>","protected":false},"excerpt":{"rendered":"<p>Slim fit<br \/>\nTiro normal<br \/>\nCierre con bot\u00f3n y cremallera<br \/>\nParte delantera inferior con bolsillos: Bolsillos laterales<br \/>\nPierna entallados<br \/>\nParte trasera inferior con bolsillos: Bolsillo cosido<br \/>\nLargo est\u00e1ndar<br \/>\nMedir ancho del pie: 35,4 cm<\/p>","protected":false},"featured_media":2547,"template":"","meta":{"_uag_custom_page_level_css":"","site-sidebar-layout":"default","site-content-layout":"","ast-site-content-layout":"default","site-content-style":"default","site-sidebar-style":"default","ast-global-header-display":"","ast-banner-title-visibility":"","ast-main-header-display":"","ast-hfb-above-header-display":"","ast-hfb-below-header-display":"","ast-hfb-mobile-header-display":"","site-post-title":"","ast-breadcrumbs-content":"","ast-featured-img":"","footer-sml-layout":"","ast-disable-related-posts":"","theme-transparent-header-meta":"default","adv-header-id-meta":"","stick-header-meta":"","header-above-stick-meta":"","header-main-stick-meta":"","header-below-stick-meta":"","astra-migrate-meta-layouts":"set","ast-page-background-enabled":"default","ast-page-background-meta":{"desktop":{"background-color":"var(--ast-global-color-5)","background-image":"","background-repeat":"repeat","background-position":"center center","background-size":"auto","background-attachment":"scroll","background-type":"","background-media":"","overlay-type":"","overlay-color":"","overlay-opacity":"","overlay-gradient":""},"tablet":{"background-color":"","background-image":"","background-repeat":"repeat","background-position":"center center","background-size":"auto","background-attachment":"scroll","background-type":"","background-media":"","overlay-type":"","overlay-color":"","overlay-opacity":"","overlay-gradient":""},"mobile":{"background-color":"","background-image":"","background-repeat":"repeat","background-position":"center center","background-size":"auto","background-attachment":"scroll","background-type":"","background-media":"","overlay-type":"","overlay-color":"","overlay-opacity":"","overlay-gradient":""}},"ast-content-background-meta":{"desktop":{"background-color":"var(--ast-global-color-4)","background-image":"","background-repeat":"repeat","background-position":"center center","background-size":"auto","background-attachment":"scroll","background-type":"","background-media":"","overlay-type":"","overlay-color":"","overlay-opacity":"","overlay-gradient":""},"tablet":{"background-color":"var(--ast-global-color-4)","background-image":"","background-repeat":"repeat","background-position":"center center","background-size":"auto","background-attachment":"scroll","background-type":"","background-media":"","overlay-type":"","overlay-color":"","overlay-opacity":"","overlay-gradient":""},"mobile":{"background-color":"var(--ast-global-color-4)","background-image":"","background-repeat":"repeat","background-position":"center center","background-size":"auto","background-attachment":"scroll","background-type":"","background-media":"","overlay-type":"","overlay-color":"","overlay-opacity":"","overlay-gradient":""}}},"product_cat":[15,60],"product_tag":[40],"yoast_head":"<!-- This site is optimized with the Yoast SEO plugin v22.7 - https:\/\/yoast.com\/wordpress\/plugins\/seo\/ -->\n<title>Vaqueros Slim fit Tejido vaquero el\u00e1stico - Boutique Club Ceuta<\/title>\n<meta name=\"robots\" content=\"index, follow, max-snippet:-1, max-image-preview:large, max-video-preview:-1\" \/>\n<link rel=\"canonical\" href=\"https:\/\/boutiqueclubceuta.es\/en\/product\/vaqueros-slim-fit-tejido-vaquero-elastico\/\" \/>\n<meta property=\"og:locale\" content=\"en_GB\" \/>\n<meta property=\"og:type\" content=\"article\" \/>\n<meta property=\"og:title\" content=\"Vaqueros Slim fit Tejido vaquero el\u00e1stico - Boutique Club Ceuta\" \/>\n<meta property=\"og:description\" content=\"Slim fit Tiro normal Cierre con bot\u00f3n y cremallera Parte delantera inferior con bolsillos: Bolsillos laterales Pierna entallados Parte trasera inferior con bolsillos: Bolsillo cosido Largo est\u00e1ndar Medir ancho del pie: 35,4 cm\" \/>\n<meta property=\"og:url\" content=\"https:\/\/boutiqueclubceuta.es\/en\/product\/vaqueros-slim-fit-tejido-vaquero-elastico\/\" \/>\n<meta property=\"og:site_name\" content=\"Boutique Club Ceuta\" \/>\n<meta property=\"og:image\" content=\"https:\/\/boutiqueclubceuta.es\/wp-content\/uploads\/2024\/04\/hbeu50521001_453_350-e1713615200145.jpg\" \/>\n\t<meta property=\"og:image:width\" content=\"1600\" \/>\n\t<meta property=\"og:image:height\" content=\"2099\" \/>\n\t<meta property=\"og:image:type\" content=\"image\/jpeg\" \/>\n<meta name=\"twitter:card\" content=\"summary_large_image\" \/>\n<meta name=\"twitter:label1\" content=\"Estimated reading time\" \/>\n\t<meta name=\"twitter:data1\" content=\"1 minute\" \/>\n<script type=\"application\/ld+json\" class=\"yoast-schema-graph\">{\"@context\":\"https:\/\/schema.org\",\"@graph\":[{\"@type\":\"WebPage\",\"@id\":\"https:\/\/boutiqueclubceuta.es\/producto\/vaqueros-slim-fit-tejido-vaquero-elastico\/\",\"url\":\"https:\/\/boutiqueclubceuta.es\/producto\/vaqueros-slim-fit-tejido-vaquero-elastico\/\",\"name\":\"Vaqueros Slim fit Tejido vaquero el\u00e1stico - Boutique Club Ceuta\",\"isPartOf\":{\"@id\":\"https:\/\/boutiqueclubceuta.es\/#website\"},\"primaryImageOfPage\":{\"@id\":\"https:\/\/boutiqueclubceuta.es\/producto\/vaqueros-slim-fit-tejido-vaquero-elastico\/#primaryimage\"},\"image\":{\"@id\":\"https:\/\/boutiqueclubceuta.es\/producto\/vaqueros-slim-fit-tejido-vaquero-elastico\/#primaryimage\"},\"thumbnailUrl\":\"https:\/\/boutiqueclubceuta.es\/wp-content\/uploads\/2024\/04\/hbeu50521001_453_350-e1713615200145.jpg\",\"datePublished\":\"2024-04-20T12:14:06+00:00\",\"dateModified\":\"2024-04-20T12:14:06+00:00\",\"breadcrumb\":{\"@id\":\"https:\/\/boutiqueclubceuta.es\/producto\/vaqueros-slim-fit-tejido-vaquero-elastico\/#breadcrumb\"},\"inLanguage\":\"en-GB\",\"potentialAction\":[{\"@type\":\"ReadAction\",\"target\":[\"https:\/\/boutiqueclubceuta.es\/producto\/vaqueros-slim-fit-tejido-vaquero-elastico\/\"]}]},{\"@type\":\"ImageObject\",\"inLanguage\":\"en-GB\",\"@id\":\"https:\/\/boutiqueclubceuta.es\/producto\/vaqueros-slim-fit-tejido-vaquero-elastico\/#primaryimage\",\"url\":\"https:\/\/boutiqueclubceuta.es\/wp-content\/uploads\/2024\/04\/hbeu50521001_453_350-e1713615200145.jpg\",\"contentUrl\":\"https:\/\/boutiqueclubceuta.es\/wp-content\/uploads\/2024\/04\/hbeu50521001_453_350-e1713615200145.jpg\",\"width\":1600,\"height\":2099},{\"@type\":\"BreadcrumbList\",\"@id\":\"https:\/\/boutiqueclubceuta.es\/producto\/vaqueros-slim-fit-tejido-vaquero-elastico\/#breadcrumb\",\"itemListElement\":[{\"@type\":\"ListItem\",\"position\":1,\"name\":\"Portada\",\"item\":\"https:\/\/boutiqueclubceuta.es\/\"},{\"@type\":\"ListItem\",\"position\":2,\"name\":\"Boutique Club\",\"item\":\"https:\/\/boutiqueclubceuta.es\/boutique-club\/\"},{\"@type\":\"ListItem\",\"position\":3,\"name\":\"Vaqueros Slim fit Tejido vaquero el\u00e1stico\"}]},{\"@type\":\"WebSite\",\"@id\":\"https:\/\/boutiqueclubceuta.es\/#website\",\"url\":\"https:\/\/boutiqueclubceuta.es\/\",\"name\":\"Boutique Club Ceuta\",\"description\":\"Primeras firmas de moda, calzado y complementos en hombre, mujer y ni\u00f1o.\",\"publisher\":{\"@id\":\"https:\/\/boutiqueclubceuta.es\/#organization\"},\"potentialAction\":[{\"@type\":\"SearchAction\",\"target\":{\"@type\":\"EntryPoint\",\"urlTemplate\":\"https:\/\/boutiqueclubceuta.es\/?s={search_term_string}\"},\"query-input\":\"required name=search_term_string\"}],\"inLanguage\":\"en-GB\"},{\"@type\":\"Organization\",\"@id\":\"https:\/\/boutiqueclubceuta.es\/#organization\",\"name\":\"Boutique Club Ceuta\",\"url\":\"https:\/\/boutiqueclubceuta.es\/\",\"logo\":{\"@type\":\"ImageObject\",\"inLanguage\":\"en-GB\",\"@id\":\"https:\/\/boutiqueclubceuta.es\/#\/schema\/logo\/image\/\",\"url\":\"https:\/\/boutiqueclubceuta.es\/wp-content\/uploads\/2024\/03\/Logotipo_club.png\",\"contentUrl\":\"https:\/\/boutiqueclubceuta.es\/wp-content\/uploads\/2024\/03\/Logotipo_club.png\",\"width\":485,\"height\":485,\"caption\":\"Boutique Club Ceuta\"},\"image\":{\"@id\":\"https:\/\/boutiqueclubceuta.es\/#\/schema\/logo\/image\/\"}}]}<\/script>\n<!-- \/ Yoast SEO plugin. -->","yoast_head_json":{"title":"Vaqueros Slim fit Tejido vaquero el\u00e1stico - Boutique Club Ceuta","robots":{"index":"index","follow":"follow","max-snippet":"max-snippet:-1","max-image-preview":"max-image-preview:large","max-video-preview":"max-video-preview:-1"},"canonical":"https:\/\/boutiqueclubceuta.es\/en\/product\/vaqueros-slim-fit-tejido-vaquero-elastico\/","og_locale":"en_GB","og_type":"article","og_title":"Vaqueros Slim fit Tejido vaquero el\u00e1stico - Boutique Club Ceuta","og_description":"Slim fit Tiro normal Cierre con bot\u00f3n y cremallera Parte delantera inferior con bolsillos: Bolsillos laterales Pierna entallados Parte trasera inferior con bolsillos: Bolsillo cosido Largo est\u00e1ndar Medir ancho del pie: 35,4 cm","og_url":"https:\/\/boutiqueclubceuta.es\/en\/product\/vaqueros-slim-fit-tejido-vaquero-elastico\/","og_site_name":"Boutique Club Ceuta","og_image":[{"width":1600,"height":2099,"url":"https:\/\/boutiqueclubceuta.es\/wp-content\/uploads\/2024\/04\/hbeu50521001_453_350-e1713615200145.jpg","type":"image\/jpeg"}],"twitter_card":"summary_large_image","twitter_misc":{"Estimated reading time":"1 minute"},"schema":{"@context":"https:\/\/schema.org","@graph":[{"@type":"WebPage","@id":"https:\/\/boutiqueclubceuta.es\/producto\/vaqueros-slim-fit-tejido-vaquero-elastico\/","url":"https:\/\/boutiqueclubceuta.es\/producto\/vaqueros-slim-fit-tejido-vaquero-elastico\/","name":"Vaqueros Slim fit Tejido vaquero el\u00e1stico - Boutique Club Ceuta","isPartOf":{"@id":"https:\/\/boutiqueclubceuta.es\/#website"},"primaryImageOfPage":{"@id":"https:\/\/boutiqueclubceuta.es\/producto\/vaqueros-slim-fit-tejido-vaquero-elastico\/#primaryimage"},"image":{"@id":"https:\/\/boutiqueclubceuta.es\/producto\/vaqueros-slim-fit-tejido-vaquero-elastico\/#primaryimage"},"thumbnailUrl":"https:\/\/boutiqueclubceuta.es\/wp-content\/uploads\/2024\/04\/hbeu50521001_453_350-e1713615200145.jpg","datePublished":"2024-04-20T12:14:06+00:00","dateModified":"2024-04-20T12:14:06+00:00","breadcrumb":{"@id":"https:\/\/boutiqueclubceuta.es\/producto\/vaqueros-slim-fit-tejido-vaquero-elastico\/#breadcrumb"},"inLanguage":"en-GB","potentialAction":[{"@type":"ReadAction","target":["https:\/\/boutiqueclubceuta.es\/producto\/vaqueros-slim-fit-tejido-vaquero-elastico\/"]}]},{"@type":"ImageObject","inLanguage":"en-GB","@id":"https:\/\/boutiqueclubceuta.es\/producto\/vaqueros-slim-fit-tejido-vaquero-elastico\/#primaryimage","url":"https:\/\/boutiqueclubceuta.es\/wp-content\/uploads\/2024\/04\/hbeu50521001_453_350-e1713615200145.jpg","contentUrl":"https:\/\/boutiqueclubceuta.es\/wp-content\/uploads\/2024\/04\/hbeu50521001_453_350-e1713615200145.jpg","width":1600,"height":2099},{"@type":"BreadcrumbList","@id":"https:\/\/boutiqueclubceuta.es\/producto\/vaqueros-slim-fit-tejido-vaquero-elastico\/#breadcrumb","itemListElement":[{"@type":"ListItem","position":1,"name":"Portada","item":"https:\/\/boutiqueclubceuta.es\/"},{"@type":"ListItem","position":2,"name":"Boutique Club","item":"https:\/\/boutiqueclubceuta.es\/boutique-club\/"},{"@type":"ListItem","position":3,"name":"Vaqueros Slim fit Tejido vaquero el\u00e1stico"}]},{"@type":"WebSite","@id":"https:\/\/boutiqueclubceuta.es\/#website","url":"https:\/\/boutiqueclubceuta.es\/","name":"Boutique Club Ceuta","description":"Primeras firmas de moda, calzado y complementos en hombre, mujer y ni\u00f1o.","publisher":{"@id":"https:\/\/boutiqueclubceuta.es\/#organization"},"potentialAction":[{"@type":"SearchAction","target":{"@type":"EntryPoint","urlTemplate":"https:\/\/boutiqueclubceuta.es\/?s={search_term_string}"},"query-input":"required name=search_term_string"}],"inLanguage":"en-GB"},{"@type":"Organization","@id":"https:\/\/boutiqueclubceuta.es\/#organization","name":"Boutique Club Ceuta","url":"https:\/\/boutiqueclubceuta.es\/","logo":{"@type":"ImageObject","inLanguage":"en-GB","@id":"https:\/\/boutiqueclubceuta.es\/#\/schema\/logo\/image\/","url":"https:\/\/boutiqueclubceuta.es\/wp-content\/uploads\/2024\/03\/Logotipo_club.png","contentUrl":"https:\/\/boutiqueclubceuta.es\/wp-content\/uploads\/2024\/03\/Logotipo_club.png","width":485,"height":485,"caption":"Boutique Club Ceuta"},"image":{"@id":"https:\/\/boutiqueclubceuta.es\/#\/schema\/logo\/image\/"}}]}},"uagb_featured_image_src":{"full":["https:\/\/boutiqueclubceuta.es\/wp-content\/uploads\/2024\/04\/hbeu50521001_453_350-e1713615200145.jpg",1600,2099,false],"thumbnail":["https:\/\/boutiqueclubceuta.es\/wp-content\/uploads\/2024\/04\/hbeu50521001_453_350-e1713615200145-150x150.jpg",150,150,true],"medium":["https:\/\/boutiqueclubceuta.es\/wp-content\/uploads\/2024\/04\/hbeu50521001_453_350-e1713615200145-229x300.jpg",229,300,true],"medium_large":["https:\/\/boutiqueclubceuta.es\/wp-content\/uploads\/2024\/04\/hbeu50521001_453_350-e1713615200145-768x1008.jpg",768,1008,true],"large":["https:\/\/boutiqueclubceuta.es\/wp-content\/uploads\/2024\/04\/hbeu50521001_453_350-e1713615200145-781x1024.jpg",781,1024,true],"1536x1536":["https:\/\/boutiqueclubceuta.es\/wp-content\/uploads\/2024\/04\/hbeu50521001_453_350-e1713615200145-1171x1536.jpg",1171,1536,true],"2048x2048":["https:\/\/boutiqueclubceuta.es\/wp-content\/uploads\/2024\/04\/hbeu50521001_453_350-e1713615200145-1561x2048.jpg",1561,2048,true],"trp-custom-language-flag":["https:\/\/boutiqueclubceuta.es\/wp-content\/uploads\/2024\/04\/hbeu50521001_453_350-e1713615200145.jpg",9,12,false],"woocommerce_thumbnail":["https:\/\/boutiqueclubceuta.es\/wp-content\/uploads\/2024\/04\/hbeu50521001_453_350-e1713615200145-400x400.jpg",400,400,true],"woocommerce_single":["https:\/\/boutiqueclubceuta.es\/wp-content\/uploads\/2024\/04\/hbeu50521001_453_350-e1713615200145-600x787.jpg",600,787,true],"woocommerce_gallery_thumbnail":["https:\/\/boutiqueclubceuta.es\/wp-content\/uploads\/2024\/04\/hbeu50521001_453_350-e1713615200145-100x100.jpg",100,100,true]},"uagb_author_info":{"display_name":"info","author_link":"https:\/\/boutiqueclubceuta.es\/en\/author\/"},"uagb_comment_info":0,"uagb_excerpt":"Slim fit Tiro normal Cierre con bot\u00f3n y cremallera Parte delantera inferior con bolsillos: Bolsillos laterales Pierna entallados Parte trasera inferior con bolsillos: Bolsillo cosido Largo est\u00e1ndar Medir ancho del pie: 35,4 cm","_links":{"self":[{"href":"https:\/\/boutiqueclubceuta.es\/en\/wp-json\/wp\/v2\/product\/2546"}],"collection":[{"href":"https:\/\/boutiqueclubceuta.es\/en\/wp-json\/wp\/v2\/product"}],"about":[{"href":"https:\/\/boutiqueclubceuta.es\/en\/wp-json\/wp\/v2\/types\/product"}],"wp:featuredmedia":[{"embeddable":true,"href":"https:\/\/boutiqueclubceuta.es\/en\/wp-json\/wp\/v2\/media\/2547"}],"wp:attachment":[{"href":"https:\/\/boutiqueclubceuta.es\/en\/wp-json\/wp\/v2\/media?parent=2546"}],"wp:term":[{"taxonomy":"product_cat","embeddable":true,"href":"https:\/\/boutiqueclubceuta.es\/en\/wp-json\/wp\/v2\/product_cat?post=2546"},{"taxonomy":"product_tag","embeddable":true,"href":"https:\/\/boutiqueclubceuta.es\/en\/wp-json\/wp\/v2\/product_tag?post=2546"}],"curies":[{"name":"wp","href":"https:\/\/api.w.org\/{rel}","templated":true}]}}