{"id":2671,"date":"2024-04-25T22:11:54","date_gmt":"2024-04-25T20:11:54","guid":{"rendered":"https:\/\/boutiqueclub.es\/?post_type=product&#038;p=2671"},"modified":"2024-04-25T22:11:54","modified_gmt":"2024-04-25T20:11:54","slug":"mono-largo-de-popelina-estampada","status":"publish","type":"product","link":"https:\/\/boutiqueclubceuta.es\/en\/product\/mono-largo-de-popelina-estampada\/","title":{"rendered":"Mono largo de popelina estampada"},"content":{"rendered":"<p>Estampado Hawaiian Flowers<br \/>\nEste mono es de corte holgado.<br \/>\nAltura de la modelo: 178 cm. Talla: XS\/40<br \/>\nMade in Italy<br \/>\n100 % algod\u00f3n. Cintur\u00f3n: 60 % algod\u00f3n 40 % acetato. Material 2: 100 % algo<\/p>","protected":false},"excerpt":{"rendered":"<p>Estampado Hawaiian Flowers<br \/>\nEste mono es de corte holgado.<br \/>\nAltura de la modelo: 178 cm. Talla: XS\/40<br \/>\nMade in Italy<br \/>\n100 % algod\u00f3n. Cintur\u00f3n: 60 % algod\u00f3n 40 % acetato. Material 2: 100 % algo<\/p>","protected":false},"featured_media":2672,"template":"","meta":{"_uag_custom_page_level_css":"","site-sidebar-layout":"default","site-content-layout":"","ast-site-content-layout":"default","site-content-style":"default","site-sidebar-style":"default","ast-global-header-display":"","ast-banner-title-visibility":"","ast-main-header-display":"","ast-hfb-above-header-display":"","ast-hfb-below-header-display":"","ast-hfb-mobile-header-display":"","site-post-title":"","ast-breadcrumbs-content":"","ast-featured-img":"","footer-sml-layout":"","ast-disable-related-posts":"","theme-transparent-header-meta":"default","adv-header-id-meta":"","stick-header-meta":"","header-above-stick-meta":"","header-main-stick-meta":"","header-below-stick-meta":"","astra-migrate-meta-layouts":"set","ast-page-background-enabled":"default","ast-page-background-meta":{"desktop":{"background-color":"var(--ast-global-color-5)","background-image":"","background-repeat":"repeat","background-position":"center center","background-size":"auto","background-attachment":"scroll","background-type":"","background-media":"","overlay-type":"","overlay-color":"","overlay-opacity":"","overlay-gradient":""},"tablet":{"background-color":"","background-image":"","background-repeat":"repeat","background-position":"center center","background-size":"auto","background-attachment":"scroll","background-type":"","background-media":"","overlay-type":"","overlay-color":"","overlay-opacity":"","overlay-gradient":""},"mobile":{"background-color":"","background-image":"","background-repeat":"repeat","background-position":"center center","background-size":"auto","background-attachment":"scroll","background-type":"","background-media":"","overlay-type":"","overlay-color":"","overlay-opacity":"","overlay-gradient":""}},"ast-content-background-meta":{"desktop":{"background-color":"var(--ast-global-color-4)","background-image":"","background-repeat":"repeat","background-position":"center center","background-size":"auto","background-attachment":"scroll","background-type":"","background-media":"","overlay-type":"","overlay-color":"","overlay-opacity":"","overlay-gradient":""},"tablet":{"background-color":"var(--ast-global-color-4)","background-image":"","background-repeat":"repeat","background-position":"center center","background-size":"auto","background-attachment":"scroll","background-type":"","background-media":"","overlay-type":"","overlay-color":"","overlay-opacity":"","overlay-gradient":""},"mobile":{"background-color":"var(--ast-global-color-4)","background-image":"","background-repeat":"repeat","background-position":"center center","background-size":"auto","background-attachment":"scroll","background-type":"","background-media":"","overlay-type":"","overlay-color":"","overlay-opacity":"","overlay-gradient":""}}},"product_cat":[65,17],"product_tag":[63],"yoast_head":"<!-- This site is optimized with the Yoast SEO plugin v22.7 - https:\/\/yoast.com\/wordpress\/plugins\/seo\/ -->\n<title>Mono largo de popelina estampada - Boutique Club Ceuta<\/title>\n<meta name=\"robots\" content=\"index, follow, max-snippet:-1, max-image-preview:large, max-video-preview:-1\" \/>\n<link rel=\"canonical\" href=\"https:\/\/boutiqueclubceuta.es\/en\/product\/mono-largo-de-popelina-estampada\/\" \/>\n<meta property=\"og:locale\" content=\"en_GB\" \/>\n<meta property=\"og:type\" content=\"article\" \/>\n<meta property=\"og:title\" content=\"Mono largo de popelina estampada - Boutique Club Ceuta\" \/>\n<meta property=\"og:description\" content=\"Estampado Hawaiian Flowers Este mono es de corte holgado. Altura de la modelo: 178 cm. Talla: XS\/40 Made in Italy 100 % algod\u00f3n. Cintur\u00f3n: 60 % algod\u00f3n 40 % acetato. Material 2: 100 % algo\" \/>\n<meta property=\"og:url\" content=\"https:\/\/boutiqueclubceuta.es\/en\/product\/mono-largo-de-popelina-estampada\/\" \/>\n<meta property=\"og:site_name\" content=\"Boutique Club Ceuta\" \/>\n<meta property=\"og:image\" content=\"https:\/\/boutiqueclubceuta.es\/wp-content\/uploads\/2024\/04\/241AT2250-11545-02.webp\" \/>\n\t<meta property=\"og:image:width\" content=\"1280\" \/>\n\t<meta property=\"og:image:height\" content=\"1565\" \/>\n\t<meta property=\"og:image:type\" content=\"image\/webp\" \/>\n<meta name=\"twitter:card\" content=\"summary_large_image\" \/>\n<meta name=\"twitter:label1\" content=\"Estimated reading time\" \/>\n\t<meta name=\"twitter:data1\" content=\"1 minute\" \/>\n<script type=\"application\/ld+json\" class=\"yoast-schema-graph\">{\"@context\":\"https:\/\/schema.org\",\"@graph\":[{\"@type\":\"WebPage\",\"@id\":\"https:\/\/boutiqueclubceuta.es\/producto\/mono-largo-de-popelina-estampada\/\",\"url\":\"https:\/\/boutiqueclubceuta.es\/producto\/mono-largo-de-popelina-estampada\/\",\"name\":\"Mono largo de popelina estampada - Boutique Club Ceuta\",\"isPartOf\":{\"@id\":\"https:\/\/boutiqueclubceuta.es\/#website\"},\"primaryImageOfPage\":{\"@id\":\"https:\/\/boutiqueclubceuta.es\/producto\/mono-largo-de-popelina-estampada\/#primaryimage\"},\"image\":{\"@id\":\"https:\/\/boutiqueclubceuta.es\/producto\/mono-largo-de-popelina-estampada\/#primaryimage\"},\"thumbnailUrl\":\"https:\/\/boutiqueclubceuta.es\/wp-content\/uploads\/2024\/04\/241AT2250-11545-02.webp\",\"datePublished\":\"2024-04-25T20:11:54+00:00\",\"dateModified\":\"2024-04-25T20:11:54+00:00\",\"breadcrumb\":{\"@id\":\"https:\/\/boutiqueclubceuta.es\/producto\/mono-largo-de-popelina-estampada\/#breadcrumb\"},\"inLanguage\":\"en-GB\",\"potentialAction\":[{\"@type\":\"ReadAction\",\"target\":[\"https:\/\/boutiqueclubceuta.es\/producto\/mono-largo-de-popelina-estampada\/\"]}]},{\"@type\":\"ImageObject\",\"inLanguage\":\"en-GB\",\"@id\":\"https:\/\/boutiqueclubceuta.es\/producto\/mono-largo-de-popelina-estampada\/#primaryimage\",\"url\":\"https:\/\/boutiqueclubceuta.es\/wp-content\/uploads\/2024\/04\/241AT2250-11545-02.webp\",\"contentUrl\":\"https:\/\/boutiqueclubceuta.es\/wp-content\/uploads\/2024\/04\/241AT2250-11545-02.webp\",\"width\":1280,\"height\":1565},{\"@type\":\"BreadcrumbList\",\"@id\":\"https:\/\/boutiqueclubceuta.es\/producto\/mono-largo-de-popelina-estampada\/#breadcrumb\",\"itemListElement\":[{\"@type\":\"ListItem\",\"position\":1,\"name\":\"Portada\",\"item\":\"https:\/\/boutiqueclubceuta.es\/\"},{\"@type\":\"ListItem\",\"position\":2,\"name\":\"Boutique Club\",\"item\":\"https:\/\/boutiqueclubceuta.es\/boutique-club\/\"},{\"@type\":\"ListItem\",\"position\":3,\"name\":\"Mono largo de popelina estampada\"}]},{\"@type\":\"WebSite\",\"@id\":\"https:\/\/boutiqueclubceuta.es\/#website\",\"url\":\"https:\/\/boutiqueclubceuta.es\/\",\"name\":\"Boutique Club Ceuta\",\"description\":\"Primeras firmas de moda, calzado y complementos en hombre, mujer y ni\u00f1o.\",\"publisher\":{\"@id\":\"https:\/\/boutiqueclubceuta.es\/#organization\"},\"potentialAction\":[{\"@type\":\"SearchAction\",\"target\":{\"@type\":\"EntryPoint\",\"urlTemplate\":\"https:\/\/boutiqueclubceuta.es\/?s={search_term_string}\"},\"query-input\":\"required name=search_term_string\"}],\"inLanguage\":\"en-GB\"},{\"@type\":\"Organization\",\"@id\":\"https:\/\/boutiqueclubceuta.es\/#organization\",\"name\":\"Boutique Club Ceuta\",\"url\":\"https:\/\/boutiqueclubceuta.es\/\",\"logo\":{\"@type\":\"ImageObject\",\"inLanguage\":\"en-GB\",\"@id\":\"https:\/\/boutiqueclubceuta.es\/#\/schema\/logo\/image\/\",\"url\":\"https:\/\/boutiqueclubceuta.es\/wp-content\/uploads\/2024\/03\/Logotipo_club.png\",\"contentUrl\":\"https:\/\/boutiqueclubceuta.es\/wp-content\/uploads\/2024\/03\/Logotipo_club.png\",\"width\":485,\"height\":485,\"caption\":\"Boutique Club Ceuta\"},\"image\":{\"@id\":\"https:\/\/boutiqueclubceuta.es\/#\/schema\/logo\/image\/\"}}]}<\/script>\n<!-- \/ Yoast SEO plugin. -->","yoast_head_json":{"title":"Mono largo de popelina estampada - Boutique Club Ceuta","robots":{"index":"index","follow":"follow","max-snippet":"max-snippet:-1","max-image-preview":"max-image-preview:large","max-video-preview":"max-video-preview:-1"},"canonical":"https:\/\/boutiqueclubceuta.es\/en\/product\/mono-largo-de-popelina-estampada\/","og_locale":"en_GB","og_type":"article","og_title":"Mono largo de popelina estampada - Boutique Club Ceuta","og_description":"Estampado Hawaiian Flowers Este mono es de corte holgado. Altura de la modelo: 178 cm. Talla: XS\/40 Made in Italy 100 % algod\u00f3n. Cintur\u00f3n: 60 % algod\u00f3n 40 % acetato. Material 2: 100 % algo","og_url":"https:\/\/boutiqueclubceuta.es\/en\/product\/mono-largo-de-popelina-estampada\/","og_site_name":"Boutique Club Ceuta","og_image":[{"width":1280,"height":1565,"url":"https:\/\/boutiqueclubceuta.es\/wp-content\/uploads\/2024\/04\/241AT2250-11545-02.webp","type":"image\/webp"}],"twitter_card":"summary_large_image","twitter_misc":{"Estimated reading time":"1 minute"},"schema":{"@context":"https:\/\/schema.org","@graph":[{"@type":"WebPage","@id":"https:\/\/boutiqueclubceuta.es\/producto\/mono-largo-de-popelina-estampada\/","url":"https:\/\/boutiqueclubceuta.es\/producto\/mono-largo-de-popelina-estampada\/","name":"Mono largo de popelina estampada - Boutique Club Ceuta","isPartOf":{"@id":"https:\/\/boutiqueclubceuta.es\/#website"},"primaryImageOfPage":{"@id":"https:\/\/boutiqueclubceuta.es\/producto\/mono-largo-de-popelina-estampada\/#primaryimage"},"image":{"@id":"https:\/\/boutiqueclubceuta.es\/producto\/mono-largo-de-popelina-estampada\/#primaryimage"},"thumbnailUrl":"https:\/\/boutiqueclubceuta.es\/wp-content\/uploads\/2024\/04\/241AT2250-11545-02.webp","datePublished":"2024-04-25T20:11:54+00:00","dateModified":"2024-04-25T20:11:54+00:00","breadcrumb":{"@id":"https:\/\/boutiqueclubceuta.es\/producto\/mono-largo-de-popelina-estampada\/#breadcrumb"},"inLanguage":"en-GB","potentialAction":[{"@type":"ReadAction","target":["https:\/\/boutiqueclubceuta.es\/producto\/mono-largo-de-popelina-estampada\/"]}]},{"@type":"ImageObject","inLanguage":"en-GB","@id":"https:\/\/boutiqueclubceuta.es\/producto\/mono-largo-de-popelina-estampada\/#primaryimage","url":"https:\/\/boutiqueclubceuta.es\/wp-content\/uploads\/2024\/04\/241AT2250-11545-02.webp","contentUrl":"https:\/\/boutiqueclubceuta.es\/wp-content\/uploads\/2024\/04\/241AT2250-11545-02.webp","width":1280,"height":1565},{"@type":"BreadcrumbList","@id":"https:\/\/boutiqueclubceuta.es\/producto\/mono-largo-de-popelina-estampada\/#breadcrumb","itemListElement":[{"@type":"ListItem","position":1,"name":"Portada","item":"https:\/\/boutiqueclubceuta.es\/"},{"@type":"ListItem","position":2,"name":"Boutique Club","item":"https:\/\/boutiqueclubceuta.es\/boutique-club\/"},{"@type":"ListItem","position":3,"name":"Mono largo de popelina estampada"}]},{"@type":"WebSite","@id":"https:\/\/boutiqueclubceuta.es\/#website","url":"https:\/\/boutiqueclubceuta.es\/","name":"Boutique Club Ceuta","description":"Primeras firmas de moda, calzado y complementos en hombre, mujer y ni\u00f1o.","publisher":{"@id":"https:\/\/boutiqueclubceuta.es\/#organization"},"potentialAction":[{"@type":"SearchAction","target":{"@type":"EntryPoint","urlTemplate":"https:\/\/boutiqueclubceuta.es\/?s={search_term_string}"},"query-input":"required name=search_term_string"}],"inLanguage":"en-GB"},{"@type":"Organization","@id":"https:\/\/boutiqueclubceuta.es\/#organization","name":"Boutique Club Ceuta","url":"https:\/\/boutiqueclubceuta.es\/","logo":{"@type":"ImageObject","inLanguage":"en-GB","@id":"https:\/\/boutiqueclubceuta.es\/#\/schema\/logo\/image\/","url":"https:\/\/boutiqueclubceuta.es\/wp-content\/uploads\/2024\/03\/Logotipo_club.png","contentUrl":"https:\/\/boutiqueclubceuta.es\/wp-content\/uploads\/2024\/03\/Logotipo_club.png","width":485,"height":485,"caption":"Boutique Club Ceuta"},"image":{"@id":"https:\/\/boutiqueclubceuta.es\/#\/schema\/logo\/image\/"}}]}},"uagb_featured_image_src":{"full":["https:\/\/boutiqueclubceuta.es\/wp-content\/uploads\/2024\/04\/241AT2250-11545-02.webp",1280,1565,false],"thumbnail":["https:\/\/boutiqueclubceuta.es\/wp-content\/uploads\/2024\/04\/241AT2250-11545-02-150x150.webp",150,150,true],"medium":["https:\/\/boutiqueclubceuta.es\/wp-content\/uploads\/2024\/04\/241AT2250-11545-02-245x300.webp",245,300,true],"medium_large":["https:\/\/boutiqueclubceuta.es\/wp-content\/uploads\/2024\/04\/241AT2250-11545-02-768x939.webp",768,939,true],"large":["https:\/\/boutiqueclubceuta.es\/wp-content\/uploads\/2024\/04\/241AT2250-11545-02-838x1024.webp",838,1024,true],"1536x1536":["https:\/\/boutiqueclubceuta.es\/wp-content\/uploads\/2024\/04\/241AT2250-11545-02-1256x1536.webp",1256,1536,true],"2048x2048":["https:\/\/boutiqueclubceuta.es\/wp-content\/uploads\/2024\/04\/241AT2250-11545-02.webp",1280,1565,false],"trp-custom-language-flag":["https:\/\/boutiqueclubceuta.es\/wp-content\/uploads\/2024\/04\/241AT2250-11545-02.webp",10,12,false],"woocommerce_thumbnail":["https:\/\/boutiqueclubceuta.es\/wp-content\/uploads\/2024\/04\/241AT2250-11545-02-400x400.webp",400,400,true],"woocommerce_single":["https:\/\/boutiqueclubceuta.es\/wp-content\/uploads\/2024\/04\/241AT2250-11545-02-600x734.webp",600,734,true],"woocommerce_gallery_thumbnail":["https:\/\/boutiqueclubceuta.es\/wp-content\/uploads\/2024\/04\/241AT2250-11545-02-100x100.webp",100,100,true]},"uagb_author_info":{"display_name":"info","author_link":"https:\/\/boutiqueclubceuta.es\/en\/author\/"},"uagb_comment_info":0,"uagb_excerpt":"Estampado Hawaiian Flowers Este mono es de corte holgado. Altura de la modelo: 178 cm. Talla: XS\/40 Made in Italy 100 % algod\u00f3n. Cintur\u00f3n: 60 % algod\u00f3n 40 % acetato. Material 2: 100 % algo","_links":{"self":[{"href":"https:\/\/boutiqueclubceuta.es\/en\/wp-json\/wp\/v2\/product\/2671"}],"collection":[{"href":"https:\/\/boutiqueclubceuta.es\/en\/wp-json\/wp\/v2\/product"}],"about":[{"href":"https:\/\/boutiqueclubceuta.es\/en\/wp-json\/wp\/v2\/types\/product"}],"wp:featuredmedia":[{"embeddable":true,"href":"https:\/\/boutiqueclubceuta.es\/en\/wp-json\/wp\/v2\/media\/2672"}],"wp:attachment":[{"href":"https:\/\/boutiqueclubceuta.es\/en\/wp-json\/wp\/v2\/media?parent=2671"}],"wp:term":[{"taxonomy":"product_cat","embeddable":true,"href":"https:\/\/boutiqueclubceuta.es\/en\/wp-json\/wp\/v2\/product_cat?post=2671"},{"taxonomy":"product_tag","embeddable":true,"href":"https:\/\/boutiqueclubceuta.es\/en\/wp-json\/wp\/v2\/product_tag?post=2671"}],"curies":[{"name":"wp","href":"https:\/\/api.w.org\/{rel}","templated":true}]}}