{"id":2726,"date":"2024-04-26T12:19:24","date_gmt":"2024-04-26T10:19:24","guid":{"rendered":"https:\/\/boutiqueclub.es\/?post_type=product&#038;p=2726"},"modified":"2024-04-26T12:19:24","modified_gmt":"2024-04-26T10:19:24","slug":"camisa-blanca-lazada-psophia","status":"publish","type":"product","link":"https:\/\/boutiqueclubceuta.es\/en\/product\/camisa-blanca-lazada-psophia\/","title":{"rendered":"Camisa Blanca Lazada Psoph\u00eda"},"content":{"rendered":"<p>Esta encantadora camisa de popel\u00edn de algod\u00f3n presenta una silueta redondeada que brinda comodidad y estilo.<\/p>\n<p>Con aberturas laterales que permiten mayor libertad de movimiento, esta camisa es perfecta para lucir un look relajado pero elegante. El cuello Ruffle se abre en forma de V, a\u00f1adiendo un toque de sofisticaci\u00f3n y femineidad al dise\u00f1o. Adem\u00e1s, cuenta con una cinta para fruncir, lo que permite ajustar el cuello seg\u00fan prefieras. Las mangas cortas con pu\u00f1o agregan un toque cl\u00e1sico y refinado a la camisa, proporcionando un estilo atemporal y vers\u00e1til.<\/p>\n<p>Confeccionada en algod\u00f3n popel\u00edn de alta calidad, esta camisa ofrece una sensaci\u00f3n suave y ligera que garantiza comodidad.<\/p>","protected":false},"excerpt":{"rendered":"<p>Esta encantadora camisa de popel\u00edn de algod\u00f3n presenta una silueta redondeada que brinda comodidad y estilo.<\/p>\n<p>Con aberturas laterales que permiten mayor libertad de movimiento, esta camisa es perfecta para lucir un look relajado pero elegante. El cuello Ruffle se abre en forma de V, a\u00f1adiendo un toque de sofisticaci\u00f3n y femineidad al dise\u00f1o. Adem\u00e1s, cuenta con una cinta para fruncir, lo que permite ajustar el cuello seg\u00fan prefieras. Las mangas cortas con pu\u00f1o agregan un toque cl\u00e1sico y refinado a la camisa, proporcionando un estilo atemporal y vers\u00e1til.<\/p>\n<p>Confeccionada en algod\u00f3n popel\u00edn de alta calidad, esta camisa ofrece una sensaci\u00f3n suave y ligera que garantiza comodidad.<\/p>","protected":false},"featured_media":2728,"template":"","meta":{"_uag_custom_page_level_css":"","site-sidebar-layout":"default","site-content-layout":"","ast-site-content-layout":"default","site-content-style":"default","site-sidebar-style":"default","ast-global-header-display":"","ast-banner-title-visibility":"","ast-main-header-display":"","ast-hfb-above-header-display":"","ast-hfb-below-header-display":"","ast-hfb-mobile-header-display":"","site-post-title":"","ast-breadcrumbs-content":"","ast-featured-img":"","footer-sml-layout":"","ast-disable-related-posts":"","theme-transparent-header-meta":"default","adv-header-id-meta":"","stick-header-meta":"","header-above-stick-meta":"","header-main-stick-meta":"","header-below-stick-meta":"","astra-migrate-meta-layouts":"set","ast-page-background-enabled":"default","ast-page-background-meta":{"desktop":{"background-color":"var(--ast-global-color-5)","background-image":"","background-repeat":"repeat","background-position":"center center","background-size":"auto","background-attachment":"scroll","background-type":"","background-media":"","overlay-type":"","overlay-color":"","overlay-opacity":"","overlay-gradient":""},"tablet":{"background-color":"","background-image":"","background-repeat":"repeat","background-position":"center center","background-size":"auto","background-attachment":"scroll","background-type":"","background-media":"","overlay-type":"","overlay-color":"","overlay-opacity":"","overlay-gradient":""},"mobile":{"background-color":"","background-image":"","background-repeat":"repeat","background-position":"center center","background-size":"auto","background-attachment":"scroll","background-type":"","background-media":"","overlay-type":"","overlay-color":"","overlay-opacity":"","overlay-gradient":""}},"ast-content-background-meta":{"desktop":{"background-color":"var(--ast-global-color-4)","background-image":"","background-repeat":"repeat","background-position":"center center","background-size":"auto","background-attachment":"scroll","background-type":"","background-media":"","overlay-type":"","overlay-color":"","overlay-opacity":"","overlay-gradient":""},"tablet":{"background-color":"var(--ast-global-color-4)","background-image":"","background-repeat":"repeat","background-position":"center center","background-size":"auto","background-attachment":"scroll","background-type":"","background-media":"","overlay-type":"","overlay-color":"","overlay-opacity":"","overlay-gradient":""},"mobile":{"background-color":"var(--ast-global-color-4)","background-image":"","background-repeat":"repeat","background-position":"center center","background-size":"auto","background-attachment":"scroll","background-type":"","background-media":"","overlay-type":"","overlay-color":"","overlay-opacity":"","overlay-gradient":""}}},"product_cat":[68,17],"product_tag":[51],"yoast_head":"<!-- This site is optimized with the Yoast SEO plugin v22.7 - https:\/\/yoast.com\/wordpress\/plugins\/seo\/ -->\n<title>Camisa Blanca Lazada Psoph\u00eda - Boutique Club Ceuta<\/title>\n<meta name=\"robots\" content=\"index, follow, max-snippet:-1, max-image-preview:large, max-video-preview:-1\" \/>\n<link rel=\"canonical\" href=\"https:\/\/boutiqueclubceuta.es\/en\/product\/camisa-blanca-lazada-psophia\/\" \/>\n<meta property=\"og:locale\" content=\"en_GB\" \/>\n<meta property=\"og:type\" content=\"article\" \/>\n<meta property=\"og:title\" content=\"Camisa Blanca Lazada Psoph\u00eda - Boutique Club Ceuta\" \/>\n<meta property=\"og:description\" content=\"Esta encantadora camisa de popel\u00edn de algod\u00f3n presenta una silueta redondeada que brinda comodidad y estilo.  Con aberturas laterales que permiten mayor libertad de movimiento, esta camisa es perfecta para lucir un look relajado pero elegante. El cuello Ruffle se abre en forma de V, a\u00f1adiendo un toque de sofisticaci\u00f3n y femineidad al dise\u00f1o. Adem\u00e1s, cuenta con una cinta para fruncir, lo que permite ajustar el cuello seg\u00fan prefieras. Las mangas cortas con pu\u00f1o agregan un toque cl\u00e1sico y refinado a la camisa, proporcionando un estilo atemporal y vers\u00e1til.  Confeccionada en algod\u00f3n popel\u00edn de alta calidad, esta camisa ofrece una sensaci\u00f3n suave y ligera que garantiza comodidad.\" \/>\n<meta property=\"og:url\" content=\"https:\/\/boutiqueclubceuta.es\/en\/product\/camisa-blanca-lazada-psophia\/\" \/>\n<meta property=\"og:site_name\" content=\"Boutique Club Ceuta\" \/>\n<meta property=\"og:image\" content=\"https:\/\/boutiqueclubceuta.es\/wp-content\/uploads\/2024\/04\/220SHR1796_000_1_720x-1-e1714126692413.webp\" \/>\n\t<meta property=\"og:image:width\" content=\"558\" \/>\n\t<meta property=\"og:image:height\" content=\"702\" \/>\n\t<meta property=\"og:image:type\" content=\"image\/webp\" \/>\n<meta name=\"twitter:card\" content=\"summary_large_image\" \/>\n<meta name=\"twitter:label1\" content=\"Estimated reading time\" \/>\n\t<meta name=\"twitter:data1\" content=\"1 minute\" \/>\n<script type=\"application\/ld+json\" class=\"yoast-schema-graph\">{\"@context\":\"https:\/\/schema.org\",\"@graph\":[{\"@type\":\"WebPage\",\"@id\":\"https:\/\/boutiqueclubceuta.es\/producto\/camisa-blanca-lazada-psophia\/\",\"url\":\"https:\/\/boutiqueclubceuta.es\/producto\/camisa-blanca-lazada-psophia\/\",\"name\":\"Camisa Blanca Lazada Psoph\u00eda - Boutique Club Ceuta\",\"isPartOf\":{\"@id\":\"https:\/\/boutiqueclubceuta.es\/#website\"},\"primaryImageOfPage\":{\"@id\":\"https:\/\/boutiqueclubceuta.es\/producto\/camisa-blanca-lazada-psophia\/#primaryimage\"},\"image\":{\"@id\":\"https:\/\/boutiqueclubceuta.es\/producto\/camisa-blanca-lazada-psophia\/#primaryimage\"},\"thumbnailUrl\":\"https:\/\/boutiqueclubceuta.es\/wp-content\/uploads\/2024\/04\/220SHR1796_000_1_720x-1-e1714126692413.webp\",\"datePublished\":\"2024-04-26T10:19:24+00:00\",\"dateModified\":\"2024-04-26T10:19:24+00:00\",\"breadcrumb\":{\"@id\":\"https:\/\/boutiqueclubceuta.es\/producto\/camisa-blanca-lazada-psophia\/#breadcrumb\"},\"inLanguage\":\"en-GB\",\"potentialAction\":[{\"@type\":\"ReadAction\",\"target\":[\"https:\/\/boutiqueclubceuta.es\/producto\/camisa-blanca-lazada-psophia\/\"]}]},{\"@type\":\"ImageObject\",\"inLanguage\":\"en-GB\",\"@id\":\"https:\/\/boutiqueclubceuta.es\/producto\/camisa-blanca-lazada-psophia\/#primaryimage\",\"url\":\"https:\/\/boutiqueclubceuta.es\/wp-content\/uploads\/2024\/04\/220SHR1796_000_1_720x-1-e1714126692413.webp\",\"contentUrl\":\"https:\/\/boutiqueclubceuta.es\/wp-content\/uploads\/2024\/04\/220SHR1796_000_1_720x-1-e1714126692413.webp\",\"width\":558,\"height\":702},{\"@type\":\"BreadcrumbList\",\"@id\":\"https:\/\/boutiqueclubceuta.es\/producto\/camisa-blanca-lazada-psophia\/#breadcrumb\",\"itemListElement\":[{\"@type\":\"ListItem\",\"position\":1,\"name\":\"Portada\",\"item\":\"https:\/\/boutiqueclubceuta.es\/\"},{\"@type\":\"ListItem\",\"position\":2,\"name\":\"Boutique Club\",\"item\":\"https:\/\/boutiqueclubceuta.es\/boutique-club\/\"},{\"@type\":\"ListItem\",\"position\":3,\"name\":\"Camisa Blanca Lazada Psoph\u00eda\"}]},{\"@type\":\"WebSite\",\"@id\":\"https:\/\/boutiqueclubceuta.es\/#website\",\"url\":\"https:\/\/boutiqueclubceuta.es\/\",\"name\":\"Boutique Club Ceuta\",\"description\":\"Primeras firmas de moda, calzado y complementos en hombre, mujer y ni\u00f1o.\",\"publisher\":{\"@id\":\"https:\/\/boutiqueclubceuta.es\/#organization\"},\"potentialAction\":[{\"@type\":\"SearchAction\",\"target\":{\"@type\":\"EntryPoint\",\"urlTemplate\":\"https:\/\/boutiqueclubceuta.es\/?s={search_term_string}\"},\"query-input\":\"required name=search_term_string\"}],\"inLanguage\":\"en-GB\"},{\"@type\":\"Organization\",\"@id\":\"https:\/\/boutiqueclubceuta.es\/#organization\",\"name\":\"Boutique Club Ceuta\",\"url\":\"https:\/\/boutiqueclubceuta.es\/\",\"logo\":{\"@type\":\"ImageObject\",\"inLanguage\":\"en-GB\",\"@id\":\"https:\/\/boutiqueclubceuta.es\/#\/schema\/logo\/image\/\",\"url\":\"https:\/\/boutiqueclubceuta.es\/wp-content\/uploads\/2024\/03\/Logotipo_club.png\",\"contentUrl\":\"https:\/\/boutiqueclubceuta.es\/wp-content\/uploads\/2024\/03\/Logotipo_club.png\",\"width\":485,\"height\":485,\"caption\":\"Boutique Club Ceuta\"},\"image\":{\"@id\":\"https:\/\/boutiqueclubceuta.es\/#\/schema\/logo\/image\/\"}}]}<\/script>\n<!-- \/ Yoast SEO plugin. -->","yoast_head_json":{"title":"Camisa Blanca Lazada Psoph\u00eda - Boutique Club Ceuta","robots":{"index":"index","follow":"follow","max-snippet":"max-snippet:-1","max-image-preview":"max-image-preview:large","max-video-preview":"max-video-preview:-1"},"canonical":"https:\/\/boutiqueclubceuta.es\/en\/product\/camisa-blanca-lazada-psophia\/","og_locale":"en_GB","og_type":"article","og_title":"Camisa Blanca Lazada Psoph\u00eda - Boutique Club Ceuta","og_description":"Esta encantadora camisa de popel\u00edn de algod\u00f3n presenta una silueta redondeada que brinda comodidad y estilo.  Con aberturas laterales que permiten mayor libertad de movimiento, esta camisa es perfecta para lucir un look relajado pero elegante. El cuello Ruffle se abre en forma de V, a\u00f1adiendo un toque de sofisticaci\u00f3n y femineidad al dise\u00f1o. Adem\u00e1s, cuenta con una cinta para fruncir, lo que permite ajustar el cuello seg\u00fan prefieras. Las mangas cortas con pu\u00f1o agregan un toque cl\u00e1sico y refinado a la camisa, proporcionando un estilo atemporal y vers\u00e1til.  Confeccionada en algod\u00f3n popel\u00edn de alta calidad, esta camisa ofrece una sensaci\u00f3n suave y ligera que garantiza comodidad.","og_url":"https:\/\/boutiqueclubceuta.es\/en\/product\/camisa-blanca-lazada-psophia\/","og_site_name":"Boutique Club Ceuta","og_image":[{"width":558,"height":702,"url":"https:\/\/boutiqueclubceuta.es\/wp-content\/uploads\/2024\/04\/220SHR1796_000_1_720x-1-e1714126692413.webp","type":"image\/webp"}],"twitter_card":"summary_large_image","twitter_misc":{"Estimated reading time":"1 minute"},"schema":{"@context":"https:\/\/schema.org","@graph":[{"@type":"WebPage","@id":"https:\/\/boutiqueclubceuta.es\/producto\/camisa-blanca-lazada-psophia\/","url":"https:\/\/boutiqueclubceuta.es\/producto\/camisa-blanca-lazada-psophia\/","name":"Camisa Blanca Lazada Psoph\u00eda - Boutique Club Ceuta","isPartOf":{"@id":"https:\/\/boutiqueclubceuta.es\/#website"},"primaryImageOfPage":{"@id":"https:\/\/boutiqueclubceuta.es\/producto\/camisa-blanca-lazada-psophia\/#primaryimage"},"image":{"@id":"https:\/\/boutiqueclubceuta.es\/producto\/camisa-blanca-lazada-psophia\/#primaryimage"},"thumbnailUrl":"https:\/\/boutiqueclubceuta.es\/wp-content\/uploads\/2024\/04\/220SHR1796_000_1_720x-1-e1714126692413.webp","datePublished":"2024-04-26T10:19:24+00:00","dateModified":"2024-04-26T10:19:24+00:00","breadcrumb":{"@id":"https:\/\/boutiqueclubceuta.es\/producto\/camisa-blanca-lazada-psophia\/#breadcrumb"},"inLanguage":"en-GB","potentialAction":[{"@type":"ReadAction","target":["https:\/\/boutiqueclubceuta.es\/producto\/camisa-blanca-lazada-psophia\/"]}]},{"@type":"ImageObject","inLanguage":"en-GB","@id":"https:\/\/boutiqueclubceuta.es\/producto\/camisa-blanca-lazada-psophia\/#primaryimage","url":"https:\/\/boutiqueclubceuta.es\/wp-content\/uploads\/2024\/04\/220SHR1796_000_1_720x-1-e1714126692413.webp","contentUrl":"https:\/\/boutiqueclubceuta.es\/wp-content\/uploads\/2024\/04\/220SHR1796_000_1_720x-1-e1714126692413.webp","width":558,"height":702},{"@type":"BreadcrumbList","@id":"https:\/\/boutiqueclubceuta.es\/producto\/camisa-blanca-lazada-psophia\/#breadcrumb","itemListElement":[{"@type":"ListItem","position":1,"name":"Portada","item":"https:\/\/boutiqueclubceuta.es\/"},{"@type":"ListItem","position":2,"name":"Boutique Club","item":"https:\/\/boutiqueclubceuta.es\/boutique-club\/"},{"@type":"ListItem","position":3,"name":"Camisa Blanca Lazada Psoph\u00eda"}]},{"@type":"WebSite","@id":"https:\/\/boutiqueclubceuta.es\/#website","url":"https:\/\/boutiqueclubceuta.es\/","name":"Boutique Club Ceuta","description":"Primeras firmas de moda, calzado y complementos en hombre, mujer y ni\u00f1o.","publisher":{"@id":"https:\/\/boutiqueclubceuta.es\/#organization"},"potentialAction":[{"@type":"SearchAction","target":{"@type":"EntryPoint","urlTemplate":"https:\/\/boutiqueclubceuta.es\/?s={search_term_string}"},"query-input":"required name=search_term_string"}],"inLanguage":"en-GB"},{"@type":"Organization","@id":"https:\/\/boutiqueclubceuta.es\/#organization","name":"Boutique Club Ceuta","url":"https:\/\/boutiqueclubceuta.es\/","logo":{"@type":"ImageObject","inLanguage":"en-GB","@id":"https:\/\/boutiqueclubceuta.es\/#\/schema\/logo\/image\/","url":"https:\/\/boutiqueclubceuta.es\/wp-content\/uploads\/2024\/03\/Logotipo_club.png","contentUrl":"https:\/\/boutiqueclubceuta.es\/wp-content\/uploads\/2024\/03\/Logotipo_club.png","width":485,"height":485,"caption":"Boutique Club Ceuta"},"image":{"@id":"https:\/\/boutiqueclubceuta.es\/#\/schema\/logo\/image\/"}}]}},"uagb_featured_image_src":{"full":["https:\/\/boutiqueclubceuta.es\/wp-content\/uploads\/2024\/04\/220SHR1796_000_1_720x-1-e1714126692413.webp",558,702,false],"thumbnail":["https:\/\/boutiqueclubceuta.es\/wp-content\/uploads\/2024\/04\/220SHR1796_000_1_720x-1-e1714126692413-150x150.webp",150,150,true],"medium":["https:\/\/boutiqueclubceuta.es\/wp-content\/uploads\/2024\/04\/220SHR1796_000_1_720x-1-e1714126692413-238x300.webp",238,300,true],"medium_large":["https:\/\/boutiqueclubceuta.es\/wp-content\/uploads\/2024\/04\/220SHR1796_000_1_720x-1-e1714126692413.webp",558,702,false],"large":["https:\/\/boutiqueclubceuta.es\/wp-content\/uploads\/2024\/04\/220SHR1796_000_1_720x-1-e1714126692413.webp",558,702,false],"1536x1536":["https:\/\/boutiqueclubceuta.es\/wp-content\/uploads\/2024\/04\/220SHR1796_000_1_720x-1-e1714126692413.webp",558,702,false],"2048x2048":["https:\/\/boutiqueclubceuta.es\/wp-content\/uploads\/2024\/04\/220SHR1796_000_1_720x-1-e1714126692413.webp",558,702,false],"trp-custom-language-flag":["https:\/\/boutiqueclubceuta.es\/wp-content\/uploads\/2024\/04\/220SHR1796_000_1_720x-1-e1714126692413.webp",10,12,false],"woocommerce_thumbnail":["https:\/\/boutiqueclubceuta.es\/wp-content\/uploads\/2024\/04\/220SHR1796_000_1_720x-1-e1714126692413-400x400.webp",400,400,true],"woocommerce_single":["https:\/\/boutiqueclubceuta.es\/wp-content\/uploads\/2024\/04\/220SHR1796_000_1_720x-1-e1714126692413.webp",558,702,false],"woocommerce_gallery_thumbnail":["https:\/\/boutiqueclubceuta.es\/wp-content\/uploads\/2024\/04\/220SHR1796_000_1_720x-1-e1714126692413-100x100.webp",100,100,true]},"uagb_author_info":{"display_name":"info","author_link":"https:\/\/boutiqueclubceuta.es\/en\/author\/"},"uagb_comment_info":0,"uagb_excerpt":"Esta encantadora camisa de popel\u00edn de algod\u00f3n presenta una silueta redondeada que brinda comodidad y estilo. Con aberturas laterales que permiten mayor libertad de movimiento, esta camisa es perfecta para lucir un look relajado pero elegante. El cuello Ruffle se abre en forma de V, a\u00f1adiendo un toque de sofisticaci\u00f3n y femineidad al dise\u00f1o. Adem\u00e1s,&hellip;","_links":{"self":[{"href":"https:\/\/boutiqueclubceuta.es\/en\/wp-json\/wp\/v2\/product\/2726"}],"collection":[{"href":"https:\/\/boutiqueclubceuta.es\/en\/wp-json\/wp\/v2\/product"}],"about":[{"href":"https:\/\/boutiqueclubceuta.es\/en\/wp-json\/wp\/v2\/types\/product"}],"wp:featuredmedia":[{"embeddable":true,"href":"https:\/\/boutiqueclubceuta.es\/en\/wp-json\/wp\/v2\/media\/2728"}],"wp:attachment":[{"href":"https:\/\/boutiqueclubceuta.es\/en\/wp-json\/wp\/v2\/media?parent=2726"}],"wp:term":[{"taxonomy":"product_cat","embeddable":true,"href":"https:\/\/boutiqueclubceuta.es\/en\/wp-json\/wp\/v2\/product_cat?post=2726"},{"taxonomy":"product_tag","embeddable":true,"href":"https:\/\/boutiqueclubceuta.es\/en\/wp-json\/wp\/v2\/product_tag?post=2726"}],"curies":[{"name":"wp","href":"https:\/\/api.w.org\/{rel}","templated":true}]}}