{"id":2732,"date":"2024-04-26T12:26:13","date_gmt":"2024-04-26T10:26:13","guid":{"rendered":"https:\/\/boutiqueclub.es\/?post_type=product&#038;p=2732"},"modified":"2024-04-26T12:26:13","modified_gmt":"2024-04-26T10:26:13","slug":"falda-de-flores-bordadas-psophia","status":"publish","type":"product","link":"https:\/\/boutiqueclubceuta.es\/en\/product\/falda-de-flores-bordadas-psophia\/","title":{"rendered":"Falda de flores bordadas.  Psoph\u00eda"},"content":{"rendered":"<p>Esta falda combina la suavidad caracter\u00edstica del algod\u00f3n con la elegancia et\u00e9rea del voile,confeccionada con precisi\u00f3n y atenci\u00f3n al detalle y enriquecida con rosetones bordados, fluye suavemente con cada paso, creando un movimiento gr\u00e1cil y fluido. El voile de algod\u00f3n, conocido por su textura suave y transpirabilidad, garantiza una experiencia de uso fresca y confortable en cualquier ocasi\u00f3n. El canes\u00fa, estrat\u00e9gicamente colocado, no solo realza la estructura de la falda, sino que tambi\u00e9n a\u00f1ade un elemento de elegancia sutil. Esta falda es la opci\u00f3n perfecta para eventos casuales o m\u00e1s formales, ofreciendo versatilidad y estilo sin esfuerzo.<\/p>","protected":false},"excerpt":{"rendered":"<p>Esta falda combina la suavidad caracter\u00edstica del algod\u00f3n con la elegancia et\u00e9rea del voile,confeccionada con precisi\u00f3n y atenci\u00f3n al detalle y enriquecida con rosetones bordados, fluye suavemente con cada paso, creando un movimiento gr\u00e1cil y fluido. El voile de algod\u00f3n, conocido por su textura suave y transpirabilidad, garantiza una experiencia de uso fresca y confortable en cualquier ocasi\u00f3n. El canes\u00fa, estrat\u00e9gicamente colocado, no solo realza la estructura de la falda, sino que tambi\u00e9n a\u00f1ade un elemento de elegancia sutil. Esta falda es la opci\u00f3n perfecta para eventos casuales o m\u00e1s formales, ofreciendo versatilidad y estilo sin esfuerzo.<\/p>","protected":false},"featured_media":2733,"template":"","meta":{"_uag_custom_page_level_css":"","site-sidebar-layout":"default","site-content-layout":"","ast-site-content-layout":"default","site-content-style":"default","site-sidebar-style":"default","ast-global-header-display":"","ast-banner-title-visibility":"","ast-main-header-display":"","ast-hfb-above-header-display":"","ast-hfb-below-header-display":"","ast-hfb-mobile-header-display":"","site-post-title":"","ast-breadcrumbs-content":"","ast-featured-img":"","footer-sml-layout":"","ast-disable-related-posts":"","theme-transparent-header-meta":"default","adv-header-id-meta":"","stick-header-meta":"","header-above-stick-meta":"","header-main-stick-meta":"","header-below-stick-meta":"","astra-migrate-meta-layouts":"set","ast-page-background-enabled":"default","ast-page-background-meta":{"desktop":{"background-color":"var(--ast-global-color-5)","background-image":"","background-repeat":"repeat","background-position":"center center","background-size":"auto","background-attachment":"scroll","background-type":"","background-media":"","overlay-type":"","overlay-color":"","overlay-opacity":"","overlay-gradient":""},"tablet":{"background-color":"","background-image":"","background-repeat":"repeat","background-position":"center center","background-size":"auto","background-attachment":"scroll","background-type":"","background-media":"","overlay-type":"","overlay-color":"","overlay-opacity":"","overlay-gradient":""},"mobile":{"background-color":"","background-image":"","background-repeat":"repeat","background-position":"center center","background-size":"auto","background-attachment":"scroll","background-type":"","background-media":"","overlay-type":"","overlay-color":"","overlay-opacity":"","overlay-gradient":""}},"ast-content-background-meta":{"desktop":{"background-color":"var(--ast-global-color-4)","background-image":"","background-repeat":"repeat","background-position":"center center","background-size":"auto","background-attachment":"scroll","background-type":"","background-media":"","overlay-type":"","overlay-color":"","overlay-opacity":"","overlay-gradient":""},"tablet":{"background-color":"var(--ast-global-color-4)","background-image":"","background-repeat":"repeat","background-position":"center center","background-size":"auto","background-attachment":"scroll","background-type":"","background-media":"","overlay-type":"","overlay-color":"","overlay-opacity":"","overlay-gradient":""},"mobile":{"background-color":"var(--ast-global-color-4)","background-image":"","background-repeat":"repeat","background-position":"center center","background-size":"auto","background-attachment":"scroll","background-type":"","background-media":"","overlay-type":"","overlay-color":"","overlay-opacity":"","overlay-gradient":""}}},"product_cat":[64,17],"product_tag":[51],"yoast_head":"<!-- This site is optimized with the Yoast SEO plugin v22.7 - https:\/\/yoast.com\/wordpress\/plugins\/seo\/ -->\n<title>Falda de flores bordadas. Psoph\u00eda - Boutique Club Ceuta<\/title>\n<meta name=\"robots\" content=\"index, follow, max-snippet:-1, max-image-preview:large, max-video-preview:-1\" \/>\n<link rel=\"canonical\" href=\"https:\/\/boutiqueclubceuta.es\/en\/product\/falda-de-flores-bordadas-psophia\/\" \/>\n<meta property=\"og:locale\" content=\"en_GB\" \/>\n<meta property=\"og:type\" content=\"article\" \/>\n<meta property=\"og:title\" content=\"Falda de flores bordadas. Psoph\u00eda - Boutique Club Ceuta\" \/>\n<meta property=\"og:description\" content=\"Esta falda combina la suavidad caracter\u00edstica del algod\u00f3n con la elegancia et\u00e9rea del voile,confeccionada con precisi\u00f3n y atenci\u00f3n al detalle y enriquecida con rosetones bordados, fluye suavemente con cada paso, creando un movimiento gr\u00e1cil y fluido. El voile de algod\u00f3n, conocido por su textura suave y transpirabilidad, garantiza una experiencia de uso fresca y confortable en cualquier ocasi\u00f3n. El canes\u00fa, estrat\u00e9gicamente colocado, no solo realza la estructura de la falda, sino que tambi\u00e9n a\u00f1ade un elemento de elegancia sutil. Esta falda es la opci\u00f3n perfecta para eventos casuales o m\u00e1s formales, ofreciendo versatilidad y estilo sin esfuerzo.\" \/>\n<meta property=\"og:url\" content=\"https:\/\/boutiqueclubceuta.es\/en\/product\/falda-de-flores-bordadas-psophia\/\" \/>\n<meta property=\"og:site_name\" content=\"Boutique Club Ceuta\" \/>\n<meta property=\"og:image\" content=\"https:\/\/boutiqueclubceuta.es\/wp-content\/uploads\/2024\/04\/200SKT1753_600_2_720x-e1714127147344.webp\" \/>\n\t<meta property=\"og:image:width\" content=\"720\" \/>\n\t<meta property=\"og:image:height\" content=\"905\" \/>\n\t<meta property=\"og:image:type\" content=\"image\/webp\" \/>\n<meta name=\"twitter:card\" content=\"summary_large_image\" \/>\n<meta name=\"twitter:label1\" content=\"Estimated reading time\" \/>\n\t<meta name=\"twitter:data1\" content=\"1 minute\" \/>\n<script type=\"application\/ld+json\" class=\"yoast-schema-graph\">{\"@context\":\"https:\/\/schema.org\",\"@graph\":[{\"@type\":\"WebPage\",\"@id\":\"https:\/\/boutiqueclubceuta.es\/producto\/falda-de-flores-bordadas-psophia\/\",\"url\":\"https:\/\/boutiqueclubceuta.es\/producto\/falda-de-flores-bordadas-psophia\/\",\"name\":\"Falda de flores bordadas. Psoph\u00eda - Boutique Club Ceuta\",\"isPartOf\":{\"@id\":\"https:\/\/boutiqueclubceuta.es\/#website\"},\"primaryImageOfPage\":{\"@id\":\"https:\/\/boutiqueclubceuta.es\/producto\/falda-de-flores-bordadas-psophia\/#primaryimage\"},\"image\":{\"@id\":\"https:\/\/boutiqueclubceuta.es\/producto\/falda-de-flores-bordadas-psophia\/#primaryimage\"},\"thumbnailUrl\":\"https:\/\/boutiqueclubceuta.es\/wp-content\/uploads\/2024\/04\/200SKT1753_600_2_720x-e1714127147344.webp\",\"datePublished\":\"2024-04-26T10:26:13+00:00\",\"dateModified\":\"2024-04-26T10:26:13+00:00\",\"breadcrumb\":{\"@id\":\"https:\/\/boutiqueclubceuta.es\/producto\/falda-de-flores-bordadas-psophia\/#breadcrumb\"},\"inLanguage\":\"en-GB\",\"potentialAction\":[{\"@type\":\"ReadAction\",\"target\":[\"https:\/\/boutiqueclubceuta.es\/producto\/falda-de-flores-bordadas-psophia\/\"]}]},{\"@type\":\"ImageObject\",\"inLanguage\":\"en-GB\",\"@id\":\"https:\/\/boutiqueclubceuta.es\/producto\/falda-de-flores-bordadas-psophia\/#primaryimage\",\"url\":\"https:\/\/boutiqueclubceuta.es\/wp-content\/uploads\/2024\/04\/200SKT1753_600_2_720x-e1714127147344.webp\",\"contentUrl\":\"https:\/\/boutiqueclubceuta.es\/wp-content\/uploads\/2024\/04\/200SKT1753_600_2_720x-e1714127147344.webp\",\"width\":720,\"height\":905},{\"@type\":\"BreadcrumbList\",\"@id\":\"https:\/\/boutiqueclubceuta.es\/producto\/falda-de-flores-bordadas-psophia\/#breadcrumb\",\"itemListElement\":[{\"@type\":\"ListItem\",\"position\":1,\"name\":\"Portada\",\"item\":\"https:\/\/boutiqueclubceuta.es\/\"},{\"@type\":\"ListItem\",\"position\":2,\"name\":\"Boutique Club\",\"item\":\"https:\/\/boutiqueclubceuta.es\/boutique-club\/\"},{\"@type\":\"ListItem\",\"position\":3,\"name\":\"Falda de flores bordadas. Psoph\u00eda\"}]},{\"@type\":\"WebSite\",\"@id\":\"https:\/\/boutiqueclubceuta.es\/#website\",\"url\":\"https:\/\/boutiqueclubceuta.es\/\",\"name\":\"Boutique Club Ceuta\",\"description\":\"Primeras firmas de moda, calzado y complementos en hombre, mujer y ni\u00f1o.\",\"publisher\":{\"@id\":\"https:\/\/boutiqueclubceuta.es\/#organization\"},\"potentialAction\":[{\"@type\":\"SearchAction\",\"target\":{\"@type\":\"EntryPoint\",\"urlTemplate\":\"https:\/\/boutiqueclubceuta.es\/?s={search_term_string}\"},\"query-input\":\"required name=search_term_string\"}],\"inLanguage\":\"en-GB\"},{\"@type\":\"Organization\",\"@id\":\"https:\/\/boutiqueclubceuta.es\/#organization\",\"name\":\"Boutique Club Ceuta\",\"url\":\"https:\/\/boutiqueclubceuta.es\/\",\"logo\":{\"@type\":\"ImageObject\",\"inLanguage\":\"en-GB\",\"@id\":\"https:\/\/boutiqueclubceuta.es\/#\/schema\/logo\/image\/\",\"url\":\"https:\/\/boutiqueclubceuta.es\/wp-content\/uploads\/2024\/03\/Logotipo_club.png\",\"contentUrl\":\"https:\/\/boutiqueclubceuta.es\/wp-content\/uploads\/2024\/03\/Logotipo_club.png\",\"width\":485,\"height\":485,\"caption\":\"Boutique Club Ceuta\"},\"image\":{\"@id\":\"https:\/\/boutiqueclubceuta.es\/#\/schema\/logo\/image\/\"}}]}<\/script>\n<!-- \/ Yoast SEO plugin. -->","yoast_head_json":{"title":"Falda de flores bordadas. Psoph\u00eda - Boutique Club Ceuta","robots":{"index":"index","follow":"follow","max-snippet":"max-snippet:-1","max-image-preview":"max-image-preview:large","max-video-preview":"max-video-preview:-1"},"canonical":"https:\/\/boutiqueclubceuta.es\/en\/product\/falda-de-flores-bordadas-psophia\/","og_locale":"en_GB","og_type":"article","og_title":"Falda de flores bordadas. Psoph\u00eda - Boutique Club Ceuta","og_description":"Esta falda combina la suavidad caracter\u00edstica del algod\u00f3n con la elegancia et\u00e9rea del voile,confeccionada con precisi\u00f3n y atenci\u00f3n al detalle y enriquecida con rosetones bordados, fluye suavemente con cada paso, creando un movimiento gr\u00e1cil y fluido. El voile de algod\u00f3n, conocido por su textura suave y transpirabilidad, garantiza una experiencia de uso fresca y confortable en cualquier ocasi\u00f3n. El canes\u00fa, estrat\u00e9gicamente colocado, no solo realza la estructura de la falda, sino que tambi\u00e9n a\u00f1ade un elemento de elegancia sutil. Esta falda es la opci\u00f3n perfecta para eventos casuales o m\u00e1s formales, ofreciendo versatilidad y estilo sin esfuerzo.","og_url":"https:\/\/boutiqueclubceuta.es\/en\/product\/falda-de-flores-bordadas-psophia\/","og_site_name":"Boutique Club Ceuta","og_image":[{"width":720,"height":905,"url":"https:\/\/boutiqueclubceuta.es\/wp-content\/uploads\/2024\/04\/200SKT1753_600_2_720x-e1714127147344.webp","type":"image\/webp"}],"twitter_card":"summary_large_image","twitter_misc":{"Estimated reading time":"1 minute"},"schema":{"@context":"https:\/\/schema.org","@graph":[{"@type":"WebPage","@id":"https:\/\/boutiqueclubceuta.es\/producto\/falda-de-flores-bordadas-psophia\/","url":"https:\/\/boutiqueclubceuta.es\/producto\/falda-de-flores-bordadas-psophia\/","name":"Falda de flores bordadas. Psoph\u00eda - Boutique Club Ceuta","isPartOf":{"@id":"https:\/\/boutiqueclubceuta.es\/#website"},"primaryImageOfPage":{"@id":"https:\/\/boutiqueclubceuta.es\/producto\/falda-de-flores-bordadas-psophia\/#primaryimage"},"image":{"@id":"https:\/\/boutiqueclubceuta.es\/producto\/falda-de-flores-bordadas-psophia\/#primaryimage"},"thumbnailUrl":"https:\/\/boutiqueclubceuta.es\/wp-content\/uploads\/2024\/04\/200SKT1753_600_2_720x-e1714127147344.webp","datePublished":"2024-04-26T10:26:13+00:00","dateModified":"2024-04-26T10:26:13+00:00","breadcrumb":{"@id":"https:\/\/boutiqueclubceuta.es\/producto\/falda-de-flores-bordadas-psophia\/#breadcrumb"},"inLanguage":"en-GB","potentialAction":[{"@type":"ReadAction","target":["https:\/\/boutiqueclubceuta.es\/producto\/falda-de-flores-bordadas-psophia\/"]}]},{"@type":"ImageObject","inLanguage":"en-GB","@id":"https:\/\/boutiqueclubceuta.es\/producto\/falda-de-flores-bordadas-psophia\/#primaryimage","url":"https:\/\/boutiqueclubceuta.es\/wp-content\/uploads\/2024\/04\/200SKT1753_600_2_720x-e1714127147344.webp","contentUrl":"https:\/\/boutiqueclubceuta.es\/wp-content\/uploads\/2024\/04\/200SKT1753_600_2_720x-e1714127147344.webp","width":720,"height":905},{"@type":"BreadcrumbList","@id":"https:\/\/boutiqueclubceuta.es\/producto\/falda-de-flores-bordadas-psophia\/#breadcrumb","itemListElement":[{"@type":"ListItem","position":1,"name":"Portada","item":"https:\/\/boutiqueclubceuta.es\/"},{"@type":"ListItem","position":2,"name":"Boutique Club","item":"https:\/\/boutiqueclubceuta.es\/boutique-club\/"},{"@type":"ListItem","position":3,"name":"Falda de flores bordadas. Psoph\u00eda"}]},{"@type":"WebSite","@id":"https:\/\/boutiqueclubceuta.es\/#website","url":"https:\/\/boutiqueclubceuta.es\/","name":"Boutique Club Ceuta","description":"Primeras firmas de moda, calzado y complementos en hombre, mujer y ni\u00f1o.","publisher":{"@id":"https:\/\/boutiqueclubceuta.es\/#organization"},"potentialAction":[{"@type":"SearchAction","target":{"@type":"EntryPoint","urlTemplate":"https:\/\/boutiqueclubceuta.es\/?s={search_term_string}"},"query-input":"required name=search_term_string"}],"inLanguage":"en-GB"},{"@type":"Organization","@id":"https:\/\/boutiqueclubceuta.es\/#organization","name":"Boutique Club Ceuta","url":"https:\/\/boutiqueclubceuta.es\/","logo":{"@type":"ImageObject","inLanguage":"en-GB","@id":"https:\/\/boutiqueclubceuta.es\/#\/schema\/logo\/image\/","url":"https:\/\/boutiqueclubceuta.es\/wp-content\/uploads\/2024\/03\/Logotipo_club.png","contentUrl":"https:\/\/boutiqueclubceuta.es\/wp-content\/uploads\/2024\/03\/Logotipo_club.png","width":485,"height":485,"caption":"Boutique Club Ceuta"},"image":{"@id":"https:\/\/boutiqueclubceuta.es\/#\/schema\/logo\/image\/"}}]}},"uagb_featured_image_src":{"full":["https:\/\/boutiqueclubceuta.es\/wp-content\/uploads\/2024\/04\/200SKT1753_600_2_720x-e1714127147344.webp",720,905,false],"thumbnail":["https:\/\/boutiqueclubceuta.es\/wp-content\/uploads\/2024\/04\/200SKT1753_600_2_720x-e1714127147344-150x150.webp",150,150,true],"medium":["https:\/\/boutiqueclubceuta.es\/wp-content\/uploads\/2024\/04\/200SKT1753_600_2_720x-e1714127147344-239x300.webp",239,300,true],"medium_large":["https:\/\/boutiqueclubceuta.es\/wp-content\/uploads\/2024\/04\/200SKT1753_600_2_720x-e1714127147344.webp",720,905,false],"large":["https:\/\/boutiqueclubceuta.es\/wp-content\/uploads\/2024\/04\/200SKT1753_600_2_720x-696x1024.webp",696,1024,true],"1536x1536":["https:\/\/boutiqueclubceuta.es\/wp-content\/uploads\/2024\/04\/200SKT1753_600_2_720x-e1714127147344.webp",720,905,false],"2048x2048":["https:\/\/boutiqueclubceuta.es\/wp-content\/uploads\/2024\/04\/200SKT1753_600_2_720x-e1714127147344.webp",720,905,false],"trp-custom-language-flag":["https:\/\/boutiqueclubceuta.es\/wp-content\/uploads\/2024\/04\/200SKT1753_600_2_720x-e1714127147344.webp",10,12,false],"woocommerce_thumbnail":["https:\/\/boutiqueclubceuta.es\/wp-content\/uploads\/2024\/04\/200SKT1753_600_2_720x-e1714127147344-400x400.webp",400,400,true],"woocommerce_single":["https:\/\/boutiqueclubceuta.es\/wp-content\/uploads\/2024\/04\/200SKT1753_600_2_720x-e1714127147344-600x754.webp",600,754,true],"woocommerce_gallery_thumbnail":["https:\/\/boutiqueclubceuta.es\/wp-content\/uploads\/2024\/04\/200SKT1753_600_2_720x-e1714127147344-100x100.webp",100,100,true]},"uagb_author_info":{"display_name":"info","author_link":"https:\/\/boutiqueclubceuta.es\/en\/author\/"},"uagb_comment_info":0,"uagb_excerpt":"Esta falda combina la suavidad caracter\u00edstica del algod\u00f3n con la elegancia et\u00e9rea del voile,confeccionada con precisi\u00f3n y atenci\u00f3n al detalle y enriquecida con rosetones bordados, fluye suavemente con cada paso, creando un movimiento gr\u00e1cil y fluido. El voile de algod\u00f3n, conocido por su textura suave y transpirabilidad, garantiza una experiencia de uso fresca y confortable&hellip;","_links":{"self":[{"href":"https:\/\/boutiqueclubceuta.es\/en\/wp-json\/wp\/v2\/product\/2732"}],"collection":[{"href":"https:\/\/boutiqueclubceuta.es\/en\/wp-json\/wp\/v2\/product"}],"about":[{"href":"https:\/\/boutiqueclubceuta.es\/en\/wp-json\/wp\/v2\/types\/product"}],"wp:featuredmedia":[{"embeddable":true,"href":"https:\/\/boutiqueclubceuta.es\/en\/wp-json\/wp\/v2\/media\/2733"}],"wp:attachment":[{"href":"https:\/\/boutiqueclubceuta.es\/en\/wp-json\/wp\/v2\/media?parent=2732"}],"wp:term":[{"taxonomy":"product_cat","embeddable":true,"href":"https:\/\/boutiqueclubceuta.es\/en\/wp-json\/wp\/v2\/product_cat?post=2732"},{"taxonomy":"product_tag","embeddable":true,"href":"https:\/\/boutiqueclubceuta.es\/en\/wp-json\/wp\/v2\/product_tag?post=2732"}],"curies":[{"name":"wp","href":"https:\/\/api.w.org\/{rel}","templated":true}]}}