{"id":2753,"date":"2024-04-26T13:57:14","date_gmt":"2024-04-26T11:57:14","guid":{"rendered":"https:\/\/boutiqueclub.es\/?post_type=product&#038;p=2753"},"modified":"2024-04-26T13:57:24","modified_gmt":"2024-04-26T11:57:24","slug":"vestido-rattan-palm","status":"publish","type":"product","link":"https:\/\/boutiqueclubceuta.es\/en\/product\/vestido-rattan-palm\/","title":{"rendered":"Vestido \u00abrattan palm\u00bb. Psoph\u00eda"},"content":{"rendered":"<p>Este impresionante vestido largo est\u00e1 confeccionado en una combinaci\u00f3n de ray\u00f3n y seda, lo que le confiere una sensaci\u00f3n de lujo y suavidad al tacto. El estampado presenta una cautivadora mezcla de palmas de rattan, evocando la frescura y la serenidad de un para\u00edso tropical.<\/p>\n<p>El dise\u00f1o sin mangas y el cuello redondo ofrecen una apariencia elegante y atemporal, mientras que el detalle plisado en el cuello a\u00f1ade un toque de sofisticaci\u00f3n y textura visualmente interesante. Adem\u00e1s, un cintur\u00f3n del mismo tejido permite ajustar la cintura seg\u00fan la preferencia de cada persona, realzando la silueta y agregando un toque de definici\u00f3n al conjunto.<\/p>\n<p>Con su longitud que llega hasta el suelo, este vestido es una elecci\u00f3n elegante y vers\u00e1til para una variedad de ocasiones, desde una cena informal hasta una velada especial en la playa.<\/p>","protected":false},"excerpt":{"rendered":"<p>Este impresionante vestido largo est\u00e1 confeccionado en una combinaci\u00f3n de ray\u00f3n y seda, lo que le confiere una sensaci\u00f3n de lujo y suavidad al tacto. El estampado presenta una cautivadora mezcla de palmas de rattan, evocando la frescura y la serenidad de un para\u00edso tropical.<\/p>\n<p>El dise\u00f1o sin mangas y el cuello redondo ofrecen una apariencia elegante y atemporal, mientras que el detalle plisado en el cuello a\u00f1ade un toque de sofisticaci\u00f3n y textura visualmente interesante. Adem\u00e1s, un cintur\u00f3n del mismo tejido permite ajustar la cintura seg\u00fan la preferencia de cada persona, realzando la silueta y agregando un toque de definici\u00f3n al conjunto.<\/p>\n<p>Con su longitud que llega hasta el suelo, este vestido es una elecci\u00f3n elegante y vers\u00e1til para una variedad de ocasiones, desde una cena informal hasta una velada especial en la playa.<\/p>","protected":false},"featured_media":2754,"template":"","meta":{"_uag_custom_page_level_css":"","site-sidebar-layout":"default","site-content-layout":"","ast-site-content-layout":"default","site-content-style":"default","site-sidebar-style":"default","ast-global-header-display":"","ast-banner-title-visibility":"","ast-main-header-display":"","ast-hfb-above-header-display":"","ast-hfb-below-header-display":"","ast-hfb-mobile-header-display":"","site-post-title":"","ast-breadcrumbs-content":"","ast-featured-img":"","footer-sml-layout":"","ast-disable-related-posts":"","theme-transparent-header-meta":"default","adv-header-id-meta":"","stick-header-meta":"","header-above-stick-meta":"","header-main-stick-meta":"","header-below-stick-meta":"","astra-migrate-meta-layouts":"set","ast-page-background-enabled":"default","ast-page-background-meta":{"desktop":{"background-color":"var(--ast-global-color-5)","background-image":"","background-repeat":"repeat","background-position":"center center","background-size":"auto","background-attachment":"scroll","background-type":"","background-media":"","overlay-type":"","overlay-color":"","overlay-opacity":"","overlay-gradient":""},"tablet":{"background-color":"","background-image":"","background-repeat":"repeat","background-position":"center center","background-size":"auto","background-attachment":"scroll","background-type":"","background-media":"","overlay-type":"","overlay-color":"","overlay-opacity":"","overlay-gradient":""},"mobile":{"background-color":"","background-image":"","background-repeat":"repeat","background-position":"center center","background-size":"auto","background-attachment":"scroll","background-type":"","background-media":"","overlay-type":"","overlay-color":"","overlay-opacity":"","overlay-gradient":""}},"ast-content-background-meta":{"desktop":{"background-color":"var(--ast-global-color-4)","background-image":"","background-repeat":"repeat","background-position":"center center","background-size":"auto","background-attachment":"scroll","background-type":"","background-media":"","overlay-type":"","overlay-color":"","overlay-opacity":"","overlay-gradient":""},"tablet":{"background-color":"var(--ast-global-color-4)","background-image":"","background-repeat":"repeat","background-position":"center center","background-size":"auto","background-attachment":"scroll","background-type":"","background-media":"","overlay-type":"","overlay-color":"","overlay-opacity":"","overlay-gradient":""},"mobile":{"background-color":"var(--ast-global-color-4)","background-image":"","background-repeat":"repeat","background-position":"center center","background-size":"auto","background-attachment":"scroll","background-type":"","background-media":"","overlay-type":"","overlay-color":"","overlay-opacity":"","overlay-gradient":""}}},"product_cat":[17,55],"product_tag":[51],"yoast_head":"<!-- This site is optimized with the Yoast SEO plugin v22.7 - https:\/\/yoast.com\/wordpress\/plugins\/seo\/ -->\n<title>Vestido &quot;rattan palm&quot;. Psoph\u00eda - Boutique Club Ceuta<\/title>\n<meta name=\"robots\" content=\"index, follow, max-snippet:-1, max-image-preview:large, max-video-preview:-1\" \/>\n<link rel=\"canonical\" href=\"https:\/\/boutiqueclubceuta.es\/en\/product\/vestido-rattan-palm\/\" \/>\n<meta property=\"og:locale\" content=\"en_GB\" \/>\n<meta property=\"og:type\" content=\"article\" \/>\n<meta property=\"og:title\" content=\"Vestido &quot;rattan palm&quot;. Psoph\u00eda - Boutique Club Ceuta\" \/>\n<meta property=\"og:description\" content=\"Este impresionante vestido largo est\u00e1 confeccionado en una combinaci\u00f3n de ray\u00f3n y seda, lo que le confiere una sensaci\u00f3n de lujo y suavidad al tacto. El estampado presenta una cautivadora mezcla de palmas de rattan, evocando la frescura y la serenidad de un para\u00edso tropical.  El dise\u00f1o sin mangas y el cuello redondo ofrecen una apariencia elegante y atemporal, mientras que el detalle plisado en el cuello a\u00f1ade un toque de sofisticaci\u00f3n y textura visualmente interesante. Adem\u00e1s, un cintur\u00f3n del mismo tejido permite ajustar la cintura seg\u00fan la preferencia de cada persona, realzando la silueta y agregando un toque de definici\u00f3n al conjunto.  Con su longitud que llega hasta el suelo, este vestido es una elecci\u00f3n elegante y vers\u00e1til para una variedad de ocasiones, desde una cena informal hasta una velada especial en la playa.\" \/>\n<meta property=\"og:url\" content=\"https:\/\/boutiqueclubceuta.es\/en\/product\/vestido-rattan-palm\/\" \/>\n<meta property=\"og:site_name\" content=\"Boutique Club Ceuta\" \/>\n<meta property=\"article:modified_time\" content=\"2024-04-26T11:57:24+00:00\" \/>\n<meta property=\"og:image\" content=\"https:\/\/boutiqueclubceuta.es\/wp-content\/uploads\/2024\/04\/211DRS1811_600_1_1024x1024-e1714132614319.webp\" \/>\n\t<meta property=\"og:image:width\" content=\"732\" \/>\n\t<meta property=\"og:image:height\" content=\"855\" \/>\n\t<meta property=\"og:image:type\" content=\"image\/webp\" \/>\n<meta name=\"twitter:card\" content=\"summary_large_image\" \/>\n<meta name=\"twitter:label1\" content=\"Estimated reading time\" \/>\n\t<meta name=\"twitter:data1\" content=\"1 minute\" \/>\n<script type=\"application\/ld+json\" class=\"yoast-schema-graph\">{\"@context\":\"https:\/\/schema.org\",\"@graph\":[{\"@type\":\"WebPage\",\"@id\":\"https:\/\/boutiqueclubceuta.es\/producto\/vestido-rattan-palm\/\",\"url\":\"https:\/\/boutiqueclubceuta.es\/producto\/vestido-rattan-palm\/\",\"name\":\"Vestido \\\"rattan palm\\\". Psoph\u00eda - Boutique Club Ceuta\",\"isPartOf\":{\"@id\":\"https:\/\/boutiqueclubceuta.es\/#website\"},\"primaryImageOfPage\":{\"@id\":\"https:\/\/boutiqueclubceuta.es\/producto\/vestido-rattan-palm\/#primaryimage\"},\"image\":{\"@id\":\"https:\/\/boutiqueclubceuta.es\/producto\/vestido-rattan-palm\/#primaryimage\"},\"thumbnailUrl\":\"https:\/\/boutiqueclubceuta.es\/wp-content\/uploads\/2024\/04\/211DRS1811_600_1_1024x1024-e1714132614319.webp\",\"datePublished\":\"2024-04-26T11:57:14+00:00\",\"dateModified\":\"2024-04-26T11:57:24+00:00\",\"breadcrumb\":{\"@id\":\"https:\/\/boutiqueclubceuta.es\/producto\/vestido-rattan-palm\/#breadcrumb\"},\"inLanguage\":\"en-GB\",\"potentialAction\":[{\"@type\":\"ReadAction\",\"target\":[\"https:\/\/boutiqueclubceuta.es\/producto\/vestido-rattan-palm\/\"]}]},{\"@type\":\"ImageObject\",\"inLanguage\":\"en-GB\",\"@id\":\"https:\/\/boutiqueclubceuta.es\/producto\/vestido-rattan-palm\/#primaryimage\",\"url\":\"https:\/\/boutiqueclubceuta.es\/wp-content\/uploads\/2024\/04\/211DRS1811_600_1_1024x1024-e1714132614319.webp\",\"contentUrl\":\"https:\/\/boutiqueclubceuta.es\/wp-content\/uploads\/2024\/04\/211DRS1811_600_1_1024x1024-e1714132614319.webp\",\"width\":732,\"height\":855},{\"@type\":\"BreadcrumbList\",\"@id\":\"https:\/\/boutiqueclubceuta.es\/producto\/vestido-rattan-palm\/#breadcrumb\",\"itemListElement\":[{\"@type\":\"ListItem\",\"position\":1,\"name\":\"Portada\",\"item\":\"https:\/\/boutiqueclubceuta.es\/\"},{\"@type\":\"ListItem\",\"position\":2,\"name\":\"Boutique Club\",\"item\":\"https:\/\/boutiqueclubceuta.es\/boutique-club\/\"},{\"@type\":\"ListItem\",\"position\":3,\"name\":\"Vestido \u00abrattan palm\u00bb. Psoph\u00eda\"}]},{\"@type\":\"WebSite\",\"@id\":\"https:\/\/boutiqueclubceuta.es\/#website\",\"url\":\"https:\/\/boutiqueclubceuta.es\/\",\"name\":\"Boutique Club Ceuta\",\"description\":\"Primeras firmas de moda, calzado y complementos en hombre, mujer y ni\u00f1o.\",\"publisher\":{\"@id\":\"https:\/\/boutiqueclubceuta.es\/#organization\"},\"potentialAction\":[{\"@type\":\"SearchAction\",\"target\":{\"@type\":\"EntryPoint\",\"urlTemplate\":\"https:\/\/boutiqueclubceuta.es\/?s={search_term_string}\"},\"query-input\":\"required name=search_term_string\"}],\"inLanguage\":\"en-GB\"},{\"@type\":\"Organization\",\"@id\":\"https:\/\/boutiqueclubceuta.es\/#organization\",\"name\":\"Boutique Club Ceuta\",\"url\":\"https:\/\/boutiqueclubceuta.es\/\",\"logo\":{\"@type\":\"ImageObject\",\"inLanguage\":\"en-GB\",\"@id\":\"https:\/\/boutiqueclubceuta.es\/#\/schema\/logo\/image\/\",\"url\":\"https:\/\/boutiqueclubceuta.es\/wp-content\/uploads\/2024\/03\/Logotipo_club.png\",\"contentUrl\":\"https:\/\/boutiqueclubceuta.es\/wp-content\/uploads\/2024\/03\/Logotipo_club.png\",\"width\":485,\"height\":485,\"caption\":\"Boutique Club Ceuta\"},\"image\":{\"@id\":\"https:\/\/boutiqueclubceuta.es\/#\/schema\/logo\/image\/\"}}]}<\/script>\n<!-- \/ Yoast SEO plugin. -->","yoast_head_json":{"title":"Vestido \"rattan palm\". Psoph\u00eda - Boutique Club Ceuta","robots":{"index":"index","follow":"follow","max-snippet":"max-snippet:-1","max-image-preview":"max-image-preview:large","max-video-preview":"max-video-preview:-1"},"canonical":"https:\/\/boutiqueclubceuta.es\/en\/product\/vestido-rattan-palm\/","og_locale":"en_GB","og_type":"article","og_title":"Vestido \"rattan palm\". Psoph\u00eda - Boutique Club Ceuta","og_description":"Este impresionante vestido largo est\u00e1 confeccionado en una combinaci\u00f3n de ray\u00f3n y seda, lo que le confiere una sensaci\u00f3n de lujo y suavidad al tacto. El estampado presenta una cautivadora mezcla de palmas de rattan, evocando la frescura y la serenidad de un para\u00edso tropical.  El dise\u00f1o sin mangas y el cuello redondo ofrecen una apariencia elegante y atemporal, mientras que el detalle plisado en el cuello a\u00f1ade un toque de sofisticaci\u00f3n y textura visualmente interesante. Adem\u00e1s, un cintur\u00f3n del mismo tejido permite ajustar la cintura seg\u00fan la preferencia de cada persona, realzando la silueta y agregando un toque de definici\u00f3n al conjunto.  Con su longitud que llega hasta el suelo, este vestido es una elecci\u00f3n elegante y vers\u00e1til para una variedad de ocasiones, desde una cena informal hasta una velada especial en la playa.","og_url":"https:\/\/boutiqueclubceuta.es\/en\/product\/vestido-rattan-palm\/","og_site_name":"Boutique Club Ceuta","article_modified_time":"2024-04-26T11:57:24+00:00","og_image":[{"width":732,"height":855,"url":"https:\/\/boutiqueclubceuta.es\/wp-content\/uploads\/2024\/04\/211DRS1811_600_1_1024x1024-e1714132614319.webp","type":"image\/webp"}],"twitter_card":"summary_large_image","twitter_misc":{"Estimated reading time":"1 minute"},"schema":{"@context":"https:\/\/schema.org","@graph":[{"@type":"WebPage","@id":"https:\/\/boutiqueclubceuta.es\/producto\/vestido-rattan-palm\/","url":"https:\/\/boutiqueclubceuta.es\/producto\/vestido-rattan-palm\/","name":"Vestido \"rattan palm\". Psoph\u00eda - Boutique Club Ceuta","isPartOf":{"@id":"https:\/\/boutiqueclubceuta.es\/#website"},"primaryImageOfPage":{"@id":"https:\/\/boutiqueclubceuta.es\/producto\/vestido-rattan-palm\/#primaryimage"},"image":{"@id":"https:\/\/boutiqueclubceuta.es\/producto\/vestido-rattan-palm\/#primaryimage"},"thumbnailUrl":"https:\/\/boutiqueclubceuta.es\/wp-content\/uploads\/2024\/04\/211DRS1811_600_1_1024x1024-e1714132614319.webp","datePublished":"2024-04-26T11:57:14+00:00","dateModified":"2024-04-26T11:57:24+00:00","breadcrumb":{"@id":"https:\/\/boutiqueclubceuta.es\/producto\/vestido-rattan-palm\/#breadcrumb"},"inLanguage":"en-GB","potentialAction":[{"@type":"ReadAction","target":["https:\/\/boutiqueclubceuta.es\/producto\/vestido-rattan-palm\/"]}]},{"@type":"ImageObject","inLanguage":"en-GB","@id":"https:\/\/boutiqueclubceuta.es\/producto\/vestido-rattan-palm\/#primaryimage","url":"https:\/\/boutiqueclubceuta.es\/wp-content\/uploads\/2024\/04\/211DRS1811_600_1_1024x1024-e1714132614319.webp","contentUrl":"https:\/\/boutiqueclubceuta.es\/wp-content\/uploads\/2024\/04\/211DRS1811_600_1_1024x1024-e1714132614319.webp","width":732,"height":855},{"@type":"BreadcrumbList","@id":"https:\/\/boutiqueclubceuta.es\/producto\/vestido-rattan-palm\/#breadcrumb","itemListElement":[{"@type":"ListItem","position":1,"name":"Portada","item":"https:\/\/boutiqueclubceuta.es\/"},{"@type":"ListItem","position":2,"name":"Boutique Club","item":"https:\/\/boutiqueclubceuta.es\/boutique-club\/"},{"@type":"ListItem","position":3,"name":"Vestido \u00abrattan palm\u00bb. Psoph\u00eda"}]},{"@type":"WebSite","@id":"https:\/\/boutiqueclubceuta.es\/#website","url":"https:\/\/boutiqueclubceuta.es\/","name":"Boutique Club Ceuta","description":"Primeras firmas de moda, calzado y complementos en hombre, mujer y ni\u00f1o.","publisher":{"@id":"https:\/\/boutiqueclubceuta.es\/#organization"},"potentialAction":[{"@type":"SearchAction","target":{"@type":"EntryPoint","urlTemplate":"https:\/\/boutiqueclubceuta.es\/?s={search_term_string}"},"query-input":"required name=search_term_string"}],"inLanguage":"en-GB"},{"@type":"Organization","@id":"https:\/\/boutiqueclubceuta.es\/#organization","name":"Boutique Club Ceuta","url":"https:\/\/boutiqueclubceuta.es\/","logo":{"@type":"ImageObject","inLanguage":"en-GB","@id":"https:\/\/boutiqueclubceuta.es\/#\/schema\/logo\/image\/","url":"https:\/\/boutiqueclubceuta.es\/wp-content\/uploads\/2024\/03\/Logotipo_club.png","contentUrl":"https:\/\/boutiqueclubceuta.es\/wp-content\/uploads\/2024\/03\/Logotipo_club.png","width":485,"height":485,"caption":"Boutique Club Ceuta"},"image":{"@id":"https:\/\/boutiqueclubceuta.es\/#\/schema\/logo\/image\/"}}]}},"uagb_featured_image_src":{"full":["https:\/\/boutiqueclubceuta.es\/wp-content\/uploads\/2024\/04\/211DRS1811_600_1_1024x1024-e1714132614319.webp",732,855,false],"thumbnail":["https:\/\/boutiqueclubceuta.es\/wp-content\/uploads\/2024\/04\/211DRS1811_600_1_1024x1024-e1714132614319-150x150.webp",150,150,true],"medium":["https:\/\/boutiqueclubceuta.es\/wp-content\/uploads\/2024\/04\/211DRS1811_600_1_1024x1024-e1714132614319-257x300.webp",257,300,true],"medium_large":["https:\/\/boutiqueclubceuta.es\/wp-content\/uploads\/2024\/04\/211DRS1811_600_1_1024x1024-e1714132614319.webp",732,855,false],"large":["https:\/\/boutiqueclubceuta.es\/wp-content\/uploads\/2024\/04\/211DRS1811_600_1_1024x1024-e1714132614319.webp",732,855,false],"1536x1536":["https:\/\/boutiqueclubceuta.es\/wp-content\/uploads\/2024\/04\/211DRS1811_600_1_1024x1024-e1714132614319.webp",732,855,false],"2048x2048":["https:\/\/boutiqueclubceuta.es\/wp-content\/uploads\/2024\/04\/211DRS1811_600_1_1024x1024-e1714132614319.webp",732,855,false],"trp-custom-language-flag":["https:\/\/boutiqueclubceuta.es\/wp-content\/uploads\/2024\/04\/211DRS1811_600_1_1024x1024-e1714132614319.webp",10,12,false],"woocommerce_thumbnail":["https:\/\/boutiqueclubceuta.es\/wp-content\/uploads\/2024\/04\/211DRS1811_600_1_1024x1024-e1714132614319-400x400.webp",400,400,true],"woocommerce_single":["https:\/\/boutiqueclubceuta.es\/wp-content\/uploads\/2024\/04\/211DRS1811_600_1_1024x1024-e1714132614319-600x701.webp",600,701,true],"woocommerce_gallery_thumbnail":["https:\/\/boutiqueclubceuta.es\/wp-content\/uploads\/2024\/04\/211DRS1811_600_1_1024x1024-e1714132614319-100x100.webp",100,100,true]},"uagb_author_info":{"display_name":"info","author_link":"https:\/\/boutiqueclubceuta.es\/en\/author\/"},"uagb_comment_info":0,"uagb_excerpt":"Este impresionante vestido largo est\u00e1 confeccionado en una combinaci\u00f3n de ray\u00f3n y seda, lo que le confiere una sensaci\u00f3n de lujo y suavidad al tacto. El estampado presenta una cautivadora mezcla de palmas de rattan, evocando la frescura y la serenidad de un para\u00edso tropical. El dise\u00f1o sin mangas y el cuello redondo ofrecen una&hellip;","_links":{"self":[{"href":"https:\/\/boutiqueclubceuta.es\/en\/wp-json\/wp\/v2\/product\/2753"}],"collection":[{"href":"https:\/\/boutiqueclubceuta.es\/en\/wp-json\/wp\/v2\/product"}],"about":[{"href":"https:\/\/boutiqueclubceuta.es\/en\/wp-json\/wp\/v2\/types\/product"}],"wp:featuredmedia":[{"embeddable":true,"href":"https:\/\/boutiqueclubceuta.es\/en\/wp-json\/wp\/v2\/media\/2754"}],"wp:attachment":[{"href":"https:\/\/boutiqueclubceuta.es\/en\/wp-json\/wp\/v2\/media?parent=2753"}],"wp:term":[{"taxonomy":"product_cat","embeddable":true,"href":"https:\/\/boutiqueclubceuta.es\/en\/wp-json\/wp\/v2\/product_cat?post=2753"},{"taxonomy":"product_tag","embeddable":true,"href":"https:\/\/boutiqueclubceuta.es\/en\/wp-json\/wp\/v2\/product_tag?post=2753"}],"curies":[{"name":"wp","href":"https:\/\/api.w.org\/{rel}","templated":true}]}}